{"id":1011,"date":"2026-03-09T12:54:06","date_gmt":"2026-03-09T10:54:06","guid":{"rendered":"https:\/\/fusteriacano.com\/declaracion-de-accesibilidad\/"},"modified":"2026-03-17T13:49:06","modified_gmt":"2026-03-17T11:49:06","slug":"declaracion-de-accesibilidad","status":"publish","type":"page","link":"https:\/\/fusteriacano.com\/es\/declaracion-de-accesibilidad\/","title":{"rendered":"Declaraci\u00f3n de accesibilidad"},"content":{"rendered":"\t\t<div data-elementor-type=\"wp-page\" data-elementor-id=\"1011\" class=\"elementor elementor-1011 elementor-563\" data-elementor-post-type=\"page\">\n\t\t\t\t<div class=\"elementor-element elementor-element-33f7c77 e-flex e-con-boxed e-con e-parent\" data-id=\"33f7c77\" data-element_type=\"container\" data-e-type=\"container\">\n\t\t\t\t\t<div class=\"e-con-inner\">\n\t\t\t\t<div class=\"elementor-element elementor-element-1532051 de_scroll_animation_no elementor-widget elementor-widget-text-editor\" data-id=\"1532051\" data-element_type=\"widget\" data-e-type=\"widget\" data-widget_type=\"text-editor.default\">\n\t\t\t\t\t\t\t\t\t<p><span style=\"font-weight: 400;\">CARPINTER\u00cdA EBENISTER\u00cdA R CANO SL. se ha comprometido a hacer accesible el sitio web<\/span> <span style=\"font-weight: 400;\">www.franciscollop.com de acuerdo con la UNE-EN 301 549:2022 \u2013 excluyendo el contenido excluido por Real Decreto 1112\/2018.<\/span><\/p><p><span style=\"font-weight: 400;\">La presente declaraci\u00f3n de accesibilidad se aplicar\u00e1 al sitio web al que se refiere la declaraci\u00f3n, en su caso.<\/span><\/p><p><b>Situaci\u00f3n de cumplimiento<\/b><\/p><p><span style=\"font-weight: 400;\">Este sitio web es plenamente conforme al Real Decreto 1112\/2018.<\/span><\/p><p><span style=\"font-weight: 400;\">Siendo el sitio web evaluado, en t\u00e9rminos generales, como:<\/span><\/p><ul><li style=\"font-weight: 400;\" aria-level=\"1\"><span style=\"font-weight: 400;\">Perceptible, en lo que se refiere a la informaci\u00f3n ya los componentes de la interfaz.<\/span><\/li><li style=\"font-weight: 400;\" aria-level=\"1\"><span style=\"font-weight: 400;\">Operable, en lo que respecta a los componentes de la interfaz de usuario y la navegaci\u00f3n.<\/span><\/li><li style=\"font-weight: 400;\" aria-level=\"1\"><span style=\"font-weight: 400;\">Comprensible, en lo que se refiere a la informaci\u00f3n ya la manipulaci\u00f3n de la interfaz de usuario.<\/span><\/li><li style=\"font-weight: 400;\" aria-level=\"1\"><span style=\"font-weight: 400;\">Robusta, en lo que se refiere al contenido y su interpretaci\u00f3n.<\/span><span style=\"font-weight: 400;\"><br><\/span><\/li><\/ul><p><b>Preparaci\u00f3n de la presente declaraci\u00f3n de accesibilidad<\/b><b><br><\/b> <span style=\"font-weight: 400;\">La presente declaraci\u00f3n fue preparada el 09-03-2026.<\/span><\/p><p><span style=\"font-weight: 400;\">El m\u00e9todo utilizado para preparar la declaraci\u00f3n ha sido una autoevaluaci\u00f3n en combinaci\u00f3n con la evaluaci\u00f3n del sitio web https:\/\/www.tawdis.net\/.<\/span><span style=\"font-weight: 400;\">La Declaraci\u00f3n de Accesibilidad ha sido revisada y actualizada en marzo de 2026.<\/span><\/p><p><b>Observaciones y datos de contacto<\/b><b><br><\/b> <span style=\"font-weight: 400;\">Puede hacer comunicaciones a trav\u00e9s del formulario de contacto de este sitio web, sobre requisitos de accesibilidad (art\u00edculo 10.2.a del Real Decreto 1112\/2018) para:<\/span><\/p><ul><li style=\"font-weight: 400;\" aria-level=\"1\"><span style=\"font-weight: 400;\">Informar sobre cualquier posible incumplimiento por parte de este sitio web.<\/span><\/li><li style=\"font-weight: 400;\" aria-level=\"1\"><span style=\"font-weight: 400;\">Transmitir otras dificultades de acceso al contenido.<\/span><\/li><li style=\"font-weight: 400;\" aria-level=\"1\"><span style=\"font-weight: 400;\">Formular cualquier otra consulta o sugerencia de mejora relativa a la accesibilidad del sitio web.<\/span><span style=\"font-weight: 400;\"><br><\/span><\/li><\/ul><p><span style=\"font-weight: 400;\">Cualquier persona f\u00edsica o jur\u00eddica puede formular quejas relativas al cumplimiento de los requisitos del Real Decreto 1112\/2018, de 7 de septiembre, as\u00ed como solicitar informaci\u00f3n relativa a contenidos excluidos del \u00e1mbito de aplicaci\u00f3n de esta normativa.  <\/span><span style=\"font-weight: 400;\">Una vez recibida su consulta de informaci\u00f3n o queja, daremos respuesta en el menor tiempo posible.<\/span><\/p><p><b>Nuestro compromiso con la accesibilidad<\/b><b><br><\/b><\/p><p><span style=\"font-weight: 400;\">En este sitio web se han adoptado una serie de medidas con el objetivo de mejorar la accesibilidad mediante:<\/span><\/p><ul><li style=\"font-weight: 400;\" aria-level=\"1\"><span style=\"font-weight: 400;\">Incluir contenidos claros y bien estructurados.<\/span><\/li><li style=\"font-weight: 400;\" aria-level=\"1\"><span style=\"font-weight: 400;\">Mejorar la navegaci\u00f3n y experiencia del usuario.<\/span><span style=\"font-weight: 400;\"><br><\/span><\/li><\/ul>\t\t\t\t\t\t\t\t<\/div>\n\t\t\t\t\t<\/div>\n\t\t\t\t<\/div>\n\t\t\t\t<\/div>\n\t\t","protected":false},"excerpt":{"rendered":"<p>CARPINTER\u00cdA EBENISTER\u00cdA R CANO SL. se ha comprometido a hacer accesible el sitio web www.franciscollop.com de acuerdo con la UNE-EN 301 549:2022 \u2013 excluyendo el contenido excluido por Real Decreto 1112\/2018. La presente declaraci\u00f3n de accesibilidad se aplicar\u00e1 al sitio web al que se refiere la declaraci\u00f3n, en su caso. Situaci\u00f3n de cumplimiento Este sitio [&hellip;]<\/p>\n","protected":false},"author":3,"featured_media":0,"parent":0,"menu_order":0,"comment_status":"closed","ping_status":"closed","template":"","meta":{"footnotes":""},"class_list":["post-1011","page","type-page","status-publish","hentry"],"_links":{"self":[{"href":"https:\/\/fusteriacano.com\/es\/wp-json\/wp\/v2\/pages\/1011","targetHints":{"allow":["GET"]}}],"collection":[{"href":"https:\/\/fusteriacano.com\/es\/wp-json\/wp\/v2\/pages"}],"about":[{"href":"https:\/\/fusteriacano.com\/es\/wp-json\/wp\/v2\/types\/page"}],"author":[{"embeddable":true,"href":"https:\/\/fusteriacano.com\/es\/wp-json\/wp\/v2\/users\/3"}],"replies":[{"embeddable":true,"href":"https:\/\/fusteriacano.com\/es\/wp-json\/wp\/v2\/comments?post=1011"}],"version-history":[{"count":2,"href":"https:\/\/fusteriacano.com\/es\/wp-json\/wp\/v2\/pages\/1011\/revisions"}],"predecessor-version":[{"id":1013,"href":"https:\/\/fusteriacano.com\/es\/wp-json\/wp\/v2\/pages\/1011\/revisions\/1013"}],"wp:attachment":[{"href":"https:\/\/fusteriacano.com\/es\/wp-json\/wp\/v2\/media?parent=1011"}],"curies":[{"name":"wp","href":"https:\/\/api.w.org\/{rel}","templated":true}]}}