{"id":1123,"date":"2026-03-09T13:07:46","date_gmt":"2026-03-09T11:07:46","guid":{"rendered":"https:\/\/fusteriacano.com\/politica-de-galletas-cookies\/"},"modified":"2026-03-17T13:49:16","modified_gmt":"2026-03-17T11:49:16","slug":"politica-de-galletas-cookies","status":"publish","type":"page","link":"https:\/\/fusteriacano.com\/es\/politica-de-galletas-cookies\/","title":{"rendered":"Pol\u00edtica de galletas (cookies)"},"content":{"rendered":"\t\t<div data-elementor-type=\"wp-page\" data-elementor-id=\"1123\" class=\"elementor elementor-1123 elementor-579\" data-elementor-post-type=\"page\">\n\t\t\t\t<div class=\"elementor-element elementor-element-1eebdfeb e-flex e-con-boxed e-con e-parent\" data-id=\"1eebdfeb\" data-element_type=\"container\" data-e-type=\"container\">\n\t\t\t\t\t<div class=\"e-con-inner\">\n\t\t\t\t<div class=\"elementor-element elementor-element-3d8eb793 de_scroll_animation_no elementor-widget elementor-widget-text-editor\" data-id=\"3d8eb793\" data-element_type=\"widget\" data-e-type=\"widget\" data-widget_type=\"text-editor.default\">\n\t\t\t\t\t\t\t\t\t<p><span style=\"font-weight: 400;\">De acuerdo con la normativa espa\u00f1ola que regula el uso de cookies en relaci\u00f3n con la prestaci\u00f3n de servicios de comunicaciones electr\u00f3nicas, recogida en el Real Decreto-ley 13\/2012, de 30 de marzo, le informamos sobre las cookies utilizadas en el sitio web de<\/span> <b>CARPINTER\u00cdA EBENISTER\u00cdA R CANO SL<\/b> <span style=\"font-weight: 400;\">(en adelante, el \u201cSitio Web\u201d). Igualmente, Le suite shepherd le informa de que, al navegar por el Sitio Web, usted est\u00e1 prestando su consentimiento para poder utilizarlas.<\/span><\/p><p><b>\u00bfQu\u00e9 son las galletas y para qu\u00e9 se utilizan?<\/b><\/p><p><span style=\"font-weight: 400;\">Una cookie es un archivo que se descarga en su ordenador, tableta, smartphone o cualquier otro dispositivo cuando accede a determinadas p\u00e1ginas web. Las cookies permiten a una p\u00e1gina web, entre otras cosas, almacenar y recuperar informaci\u00f3n sobre los h\u00e1bitos de navegaci\u00f3n de un usuario o de su equipo y, dependiendo de la informaci\u00f3n que contengan y de la forma en que utilice su equipo, pueden utilizarse para reconocer al usuario. En ning\u00fan caso las galletas podr\u00edan da\u00f1ar a su equipo; por el contrario, el hecho de que est\u00e9n activas nos ayuda a identificar y resolver posibles errores.  <\/span><\/p><p><b>Identificaci\u00f3n de cookies<\/b><\/p><p><span style=\"font-weight: 400;\">A continuaci\u00f3n, se hace una clasificaci\u00f3n de las cookies en funci\u00f3n de una serie de categor\u00edas. Sin embargo, hay que tener en cuenta que una misma galleta puede estar incluida en m\u00e1s de una categor\u00eda. <\/span><\/p><p><b>Tipo de galletas seg\u00fan la entidad que las gestiona<\/b><\/p><p><span style=\"font-weight: 400;\">Seg\u00fan quien sea la entidad que gestiona el equipo o el dominio desde donde se env\u00edan las cookies y trata los datos obtenidos, podemos distinguir:<\/span><\/p><ul><li style=\"font-weight: 400;\" aria-level=\"1\"><b>Cookies propias:<\/b> <span style=\"font-weight: 400;\">Son aquellas que se env\u00edan al equipo terminal del usuario desde un equipo o dominio gestionado por el propio editor y desde el que se presta el servicio solicitado por el usuario. En nuestro caso:<\/span> <i><span style=\"font-weight: 400;\">euCookie<\/span><\/i> <span style=\"font-weight: 400;\">y<\/span> <b>cookie de sesi\u00f3n<\/b> <span style=\"font-weight: 400;\">.<\/span><span style=\"font-weight: 400;\"><br><br><\/span><\/li><li style=\"font-weight: 400;\" aria-level=\"1\"><b>Cookies de terceros:<\/b> <span style=\"font-weight: 400;\">Son aquellas que se env\u00edan al equipo terminal del usuario desde un equipo o dominio que no es gestionado por el editor, sino por otra entidad que trata los datos obtenidos a trav\u00e9s de las cookies; en este caso, nosotros tratamos:<\/span> <i><span style=\"font-weight: 400;\">_ga, _gid<\/span><\/i> <span style=\"font-weight: 400;\">y<\/span> <i><span style=\"font-weight: 400;\">_gat<\/span><\/i> <span style=\"font-weight: 400;\">.<\/span><span style=\"font-weight: 400;\"><br><br><\/span><\/li><\/ul><p><span style=\"font-weight: 400;\">En caso de que las cookies sean instaladas desde un equipo o dominio gestionado por el mismo editor pero la informaci\u00f3n recogida mediante \u00e9stas sea gestionada por un tercero, no pueden considerarse como cookies propias.<\/span><\/p><p><b>Tipo de galletas seg\u00fan el plazo de tiempo que permanecen activadas<\/b><b><br><\/b> <span style=\"font-weight: 400;\">Seg\u00fan el tiempo que permanecen activadas en el equipo terminal, podemos distinguir:<\/span><\/p><ul><li style=\"font-weight: 400;\" aria-level=\"1\"><b>Cookies de sesi\u00f3n:<\/b> <span style=\"font-weight: 400;\">Dise\u00f1adas para recoger y almacenar datos mientras el usuario accede a una p\u00e1gina web. Se suelen utilizar para almacenar informaci\u00f3n que s\u00f3lo interesa conservar para la prestaci\u00f3n del servicio solicitado por el usuario en una sola ocasi\u00f3n.<\/span><span style=\"font-weight: 400;\"><br><br><\/span><\/li><li style=\"font-weight: 400;\" aria-level=\"1\"><b>Cookies persistentes:<\/b> <span style=\"font-weight: 400;\">En este tipo de cookies, los datos contin\u00faan almacenados en el terminal y pueden ser accedidos y tratados durante un per\u00edodo definido por el responsable de la galleta, que puede ir de pocos minutos a varios a\u00f1os.<\/span><span style=\"font-weight: 400;\"><br><br><\/span><\/li><\/ul><p><b>Tipo de galletas seg\u00fan su finalidad<\/b><\/p><p><span style=\"font-weight: 400;\">Seg\u00fan la finalidad para la que se traten los datos obtenidos a trav\u00e9s de las cookies, podemos distinguir entre:<\/span><\/p><ul><li style=\"font-weight: 400;\" aria-level=\"1\"><b>Cookies t\u00e9cnicas:<\/b> <span style=\"font-weight: 400;\">Permiten al usuario la navegaci\u00f3n por una p\u00e1gina web, plataforma o aplicaci\u00f3n y el uso de las diferentes opciones o servicios existentes, tales como controlar el tr\u00e1fico y la comunicaci\u00f3n de datos, identificar la sesi\u00f3n, acceder a partes de acceso restringido, recordar los elementos que integran un pedido, realizar el proceso de compra de un pedido, realizar la solicitud de inscripci\u00f3n a la presentaci\u00f3n de v\u00eddeo o utilizar en un evento, sonido, o compartir contenidos a trav\u00e9s de redes sociales.<\/span><span style=\"font-weight: 400;\"><br><br><\/span><\/li><li style=\"font-weight: 400;\" aria-level=\"1\"><b>Cookies de personalizaci\u00f3n:<\/b> <span style=\"font-weight: 400;\">Permiten al usuario acceder al servicio con algunas caracter\u00edsticas de car\u00e1cter general predefinidas en funci\u00f3n de una serie de criterios en el terminal del usuario, como el idioma, el tipo de navegador a trav\u00e9s del cual accede al servicio, la configuraci\u00f3n regional desde donde accede al servicio, etc.<\/span><span style=\"font-weight: 400;\"><br><br><\/span><\/li><li style=\"font-weight: 400;\" aria-level=\"1\"><b>Cookies de an\u00e1lisis:<\/b> <span style=\"font-weight: 400;\">Permiten al responsable de \u00e9stas el seguimiento y an\u00e1lisis del comportamiento de los usuarios de los sitios web a los que est\u00e1n vinculadas. La informaci\u00f3n recogida mediante este tipo de cookies se utiliza para medir la actividad de los sitios web, aplicaciones o plataformas y para la elaboraci\u00f3n de perfiles de navegaci\u00f3n de los usuarios de estos sitios, aplicaciones y plataformas, con el fin de introducir mejoras en funci\u00f3n del an\u00e1lisis de los datos de uso que realizan los usuarios del servicio.<\/span><span style=\"font-weight: 400;\"><br><br><\/span><\/li><li style=\"font-weight: 400;\" aria-level=\"1\"><b>Cookies publicitarias:<\/b> <span style=\"font-weight: 400;\">Permiten la gesti\u00f3n, de la forma m\u00e1s eficaz posible, de los espacios publicitarios que, en su caso, el editor haya incluido en una p\u00e1gina web, aplicaci\u00f3n o plataforma desde la que presta el servicio solicitado, en base a criterios como el contenido editado o la frecuencia con la que se muestran los anuncios.<\/span><span style=\"font-weight: 400;\"><br><br><\/span><\/li><li style=\"font-weight: 400;\" aria-level=\"1\"><b>Cookies de publicidad comportamental:<\/b> <span style=\"font-weight: 400;\">Permiten la gesti\u00f3n, de la forma m\u00e1s eficaz posible, de los espacios publicitarios que, en su caso, el editor haya incluido en una p\u00e1gina web, aplicaci\u00f3n o plataforma desde la que presta el servicio solicitado. Estas cookies almacenan informaci\u00f3n del comportamiento de los usuarios obtenida a trav\u00e9s de la continua observaci\u00f3n de sus h\u00e1bitos de navegaci\u00f3n, lo que permite desarrollar un perfil espec\u00edfico para mostrar publicidad en funci\u00f3n del mismo.<\/span><span style=\"font-weight: 400;\"><br><br><\/span><\/li><\/ul><p><span style=\"font-weight: 400;\">Las cookies utilizadas en nuestro Sitio Web son propias y de terceros y nos permiten almacenar y acceder a informaci\u00f3n relativa al idioma, al tipo de navegador utilizado ya otras caracter\u00edsticas generales predefinidas por el usuario, as\u00ed como realizar el seguimiento y analizar la actividad que lleva a cabo, con el objetivo de introducir mejoras y prestar nuestros servicios de una forma m\u00e1s eficiente.<\/span> <b>CARPINTER\u00cdA EBENISTER\u00cdA R CANO SL<\/b> <span style=\"font-weight: 400;\">no utiliza cookies publicitarias ni de publicidad comportamental.<\/span><\/p><p><span style=\"font-weight: 400;\">El uso de cookies ofrece numerosas ventajas en la prestaci\u00f3n de servicios de la Sociedad de la Informaci\u00f3n, ya que, entre otras: (i) facilita al usuario la navegaci\u00f3n por el Sitio Web y el acceso a los diferentes servicios que ofrece; (ii) evita al usuario tener que configurar las caracter\u00edsticas generales predefinidas cada vez que accede al Sitio Web; (iii) favorece la mejora del funcionamiento y de los servicios prestados a trav\u00e9s del Sitio Web, despu\u00e9s del an\u00e1lisis correspondiente de la informaci\u00f3n obtenida a trav\u00e9s de las cookies instaladas.   <\/span><\/p><p><span style=\"font-weight: 400;\">En La le suite shepherd no recogemos ni guardamos su informaci\u00f3n personal (por ejemplo, su nombre o direcci\u00f3n), por lo que esta informaci\u00f3n no puede utilizarse para identificarle.<\/span><\/p><p><b>C\u00f3mo configurar el navegador<\/b><\/p><p><span style=\"font-weight: 400;\">Puede configurar su navegador aceptando o rechazando todas las cookies, o bien seleccionar aquellas cuya instalaci\u00f3n admite y cu\u00e1les no, siguiendo uno de los siguientes procedimientos, en funci\u00f3n del navegador utilizado:<\/span><\/p><ul><li style=\"font-weight: 400;\" aria-level=\"1\"><span style=\"font-weight: 400;\">Google Chrome<\/span><\/li><li style=\"font-weight: 400;\" aria-level=\"1\"><span style=\"font-weight: 400;\">Mozilla Firefox<\/span><\/li><li style=\"font-weight: 400;\" aria-level=\"1\"><span style=\"font-weight: 400;\">Internet Explorer<\/span><\/li><li style=\"font-weight: 400;\" aria-level=\"1\"><span style=\"font-weight: 400;\">Safari<\/span><\/li><li style=\"font-weight: 400;\" aria-level=\"1\"><span style=\"font-weight: 400;\">Opera<\/span><\/li><li style=\"font-weight: 400;\" aria-level=\"1\"><span style=\"font-weight: 400;\">Internet Explorer (Windows Phone)<\/span><\/li><li style=\"font-weight: 400;\" aria-level=\"1\"><span style=\"font-weight: 400;\">Safari para iOS (iPhone y iPad)<\/span><\/li><li style=\"font-weight: 400;\" aria-level=\"1\"><span style=\"font-weight: 400;\">Chrome para Android<\/span><span style=\"font-weight: 400;\"><br><br><\/span><\/li><\/ul><p><b>Revisi\u00f3n<\/b><\/p><p><span style=\"font-weight: 400;\">La lista expresada en esta pol\u00edtica es de fecha 15 de marzo de 2019 y se actualizar\u00e1 cada vez que se introduzcan cambios, bien t\u00e9cnicos, bien legislativos.<\/span><\/p><p><span style=\"font-weight: 400;\"> <\/span><\/p>\t\t\t\t\t\t\t\t<\/div>\n\t\t\t\t\t<\/div>\n\t\t\t\t<\/div>\n\t\t\t\t<\/div>\n\t\t","protected":false},"excerpt":{"rendered":"<p>De acuerdo con la normativa espa\u00f1ola que regula el uso de cookies en relaci\u00f3n con la prestaci\u00f3n de servicios de comunicaciones electr\u00f3nicas, recogida en el Real Decreto-ley 13\/2012, de 30 de marzo, le informamos sobre las cookies utilizadas en el sitio web de CARPINTER\u00cdA EBENISTER\u00cdA R CANO SL (en adelante, el \u201cSitio Web\u201d). Igualmente, Le [&hellip;]<\/p>\n","protected":false},"author":3,"featured_media":0,"parent":0,"menu_order":0,"comment_status":"closed","ping_status":"closed","template":"","meta":{"footnotes":""},"class_list":["post-1123","page","type-page","status-publish","hentry"],"_links":{"self":[{"href":"https:\/\/fusteriacano.com\/es\/wp-json\/wp\/v2\/pages\/1123","targetHints":{"allow":["GET"]}}],"collection":[{"href":"https:\/\/fusteriacano.com\/es\/wp-json\/wp\/v2\/pages"}],"about":[{"href":"https:\/\/fusteriacano.com\/es\/wp-json\/wp\/v2\/types\/page"}],"author":[{"embeddable":true,"href":"https:\/\/fusteriacano.com\/es\/wp-json\/wp\/v2\/users\/3"}],"replies":[{"embeddable":true,"href":"https:\/\/fusteriacano.com\/es\/wp-json\/wp\/v2\/comments?post=1123"}],"version-history":[{"count":2,"href":"https:\/\/fusteriacano.com\/es\/wp-json\/wp\/v2\/pages\/1123\/revisions"}],"predecessor-version":[{"id":1126,"href":"https:\/\/fusteriacano.com\/es\/wp-json\/wp\/v2\/pages\/1123\/revisions\/1126"}],"wp:attachment":[{"href":"https:\/\/fusteriacano.com\/es\/wp-json\/wp\/v2\/media?parent=1123"}],"curies":[{"name":"wp","href":"https:\/\/api.w.org\/{rel}","templated":true}]}}