{"id":1127,"date":"2025-10-17T15:38:29","date_gmt":"2025-10-17T13:38:29","guid":{"rendered":"https:\/\/fusteriacano.com\/carpinteria-cano\/"},"modified":"2026-03-17T17:43:06","modified_gmt":"2026-03-17T15:43:06","slug":"carpinteria-cano","status":"publish","type":"page","link":"https:\/\/fusteriacano.com\/es\/","title":{"rendered":"Carpinter\u00eda Cano"},"content":{"rendered":"\t\t<div data-elementor-type=\"wp-page\" data-elementor-id=\"1127\" class=\"elementor elementor-1127 elementor-18\" data-elementor-post-type=\"page\">\n\t\t\t\t<div class=\"elementor-element elementor-element-810f8f9 e-flex e-con-boxed e-con e-parent\" data-id=\"810f8f9\" data-element_type=\"container\" data-e-type=\"container\" data-settings=\"{&quot;background_background&quot;:&quot;classic&quot;}\">\n\t\t\t\t\t<div class=\"e-con-inner\">\n\t\t<div class=\"elementor-element elementor-element-105c038 e-flex e-con-boxed e-con e-child\" data-id=\"105c038\" data-element_type=\"container\" data-e-type=\"container\">\n\t\t\t\t\t<div class=\"e-con-inner\">\n\t\t\t\t<div class=\"elementor-element elementor-element-b829cc0 de_scroll_animation_no elementor-widget elementor-widget-heading\" data-id=\"b829cc0\" data-element_type=\"widget\" data-e-type=\"widget\" data-widget_type=\"heading.default\">\n\t\t\t\t\t<h1 class=\"elementor-heading-title elementor-size-default\">Carpinter\u00eda a medida para dar soluciones integrales a tu proyecto de dise\u00f1o, arquitectura e interiorismo<\/h1>\t\t\t\t<\/div>\n\t\t\t\t<div class=\"elementor-element elementor-element-8108690 de_scroll_animation_no elementor-widget elementor-widget-heading\" data-id=\"8108690\" data-element_type=\"widget\" data-e-type=\"widget\" data-widget_type=\"heading.default\">\n\t\t\t\t\t<h2 class=\"elementor-heading-title elementor-size-default\">Transformamos la madera en soluciones a medida para viviendas, tiendas y espacios profesionales, cuidando de cada detalle para hacer realidad los sue\u00f1os de nuestros clientes.<\/h2>\t\t\t\t<\/div>\n\t\t\t\t\t<\/div>\n\t\t\t\t<\/div>\n\t\t\t\t\t<\/div>\n\t\t\t\t<\/div>\n\t\t<div class=\"elementor-element elementor-element-1efdc50 e-flex e-con-boxed e-con e-parent\" data-id=\"1efdc50\" data-element_type=\"container\" data-e-type=\"container\">\n\t\t\t\t\t<div class=\"e-con-inner\">\n\t\t<div class=\"elementor-element elementor-element-ed5b7bd e-con-full e-flex e-con e-child\" data-id=\"ed5b7bd\" data-element_type=\"container\" data-e-type=\"container\">\n\t\t\t\t<div class=\"elementor-element elementor-element-afb7ff1 de_scroll_animation_no elementor-invisible elementor-widget elementor-widget-heading\" data-id=\"afb7ff1\" data-element_type=\"widget\" data-e-type=\"widget\" data-settings=\"{&quot;_animation&quot;:&quot;fadeInLeft&quot;}\" data-widget_type=\"heading.default\">\n\t\t\t\t\t<h2 class=\"elementor-heading-title elementor-size-default\">Carpinter\u00eda a medida para<br> proyectos \u00fanicos<\/h2>\t\t\t\t<\/div>\n\t\t\t\t<div class=\"elementor-element elementor-element-2b3ae8b de_scroll_animation_no elementor-invisible elementor-widget elementor-widget-heading\" data-id=\"2b3ae8b\" data-element_type=\"widget\" data-e-type=\"widget\" data-settings=\"{&quot;_animation&quot;:&quot;fadeInLeft&quot;}\" data-widget_type=\"heading.default\">\n\t\t\t\t\t<p class=\"elementor-heading-title elementor-size-default\">Cada espacio es \u00fanico. Cada prenda tambi\u00e9n. \n<\/p>\t\t\t\t<\/div>\n\t\t\t\t<div class=\"elementor-element elementor-element-c7d349e de_scroll_animation_no elementor-invisible elementor-widget elementor-widget-text-editor\" data-id=\"c7d349e\" data-element_type=\"widget\" data-e-type=\"widget\" data-settings=\"{&quot;_animation&quot;:&quot;fadeInUp&quot;}\" data-widget_type=\"text-editor.default\">\n\t\t\t\t\t\t\t\t\t<p>En <strong>Carpinter\u00eda Cano<\/strong> cada proyecto es tan \u00fanico como el dise\u00f1o que lo inspira. Trabajamos la madera con pasi\u00f3n desde <strong>1988<\/strong> ; respetando su nobleza, combinando <strong>oficio y arte<\/strong> en todo el proceso: desde el <strong>estudio y planificaci\u00f3n del proyecto<\/strong> , la elecci\u00f3n de materiales, hasta la <strong>fabricaci\u00f3n e instalaci\u00f3n<\/strong> en su espacio. <\/p><p>Con <strong>taller propio<\/strong> y a\u00f1os de experiencia, controlamos cada detalle para garantizar que cada mueble y cada elemento de carpinter\u00eda sea <strong>personalizado, funcional y duradero<\/strong> , adapt\u00e1ndose con coherencia a cada proyecto.<\/p>\t\t\t\t\t\t\t\t<\/div>\n\t\t\t\t<div class=\"elementor-element elementor-element-9476d2a elementor-align-left de_scroll_animation_no elementor-widget elementor-widget-button\" data-id=\"9476d2a\" data-element_type=\"widget\" data-e-type=\"widget\" data-widget_type=\"button.default\">\n\t\t\t\t\t\t\t\t\t\t<a class=\"elementor-button elementor-button-link elementor-size-sm elementor-animation-grow\" href=\"https:\/\/fusteriacano.com\/es\/servicios\/\">\n\t\t\t\t\t\t<span class=\"elementor-button-content-wrapper\">\n\t\t\t\t\t\t<span class=\"elementor-button-icon\">\n\t\t\t\t<i aria-hidden=\"true\" class=\"icon icon-arrow-right\"><\/i>\t\t\t<\/span>\n\t\t\t\t\t\t\t\t\t<span class=\"elementor-button-text\">Descubre nuestros servicios<\/span>\n\t\t\t\t\t<\/span>\n\t\t\t\t\t<\/a>\n\t\t\t\t\t\t\t\t<\/div>\n\t\t\t\t<\/div>\n\t\t<div class=\"elementor-element elementor-element-9c19ce5 e-con-full e-flex e-con e-child\" data-id=\"9c19ce5\" data-element_type=\"container\" data-e-type=\"container\">\n\t\t\t\t<div class=\"elementor-element elementor-element-b295c7b de_scroll_animation_no elementor-widget elementor-widget-image\" data-id=\"b295c7b\" data-element_type=\"widget\" data-e-type=\"widget\" data-widget_type=\"image.default\">\n\t\t\t\t\t\t\t\t\t\t\t\t\t\t\t<img fetchpriority=\"high\" decoding=\"async\" width=\"1440\" height=\"1920\" src=\"https:\/\/fusteriacano.com\/wp-content\/uploads\/Fusteria-Cano1.jpg\" class=\"elementor-animation-grow attachment-full size-full wp-image-1129\" alt=\"\" srcset=\"https:\/\/fusteriacano.com\/wp-content\/uploads\/Fusteria-Cano1.jpg 1440w, https:\/\/fusteriacano.com\/wp-content\/uploads\/Fusteria-Cano1-225x300.jpg 225w, https:\/\/fusteriacano.com\/wp-content\/uploads\/Fusteria-Cano1-768x1024.jpg 768w, https:\/\/fusteriacano.com\/wp-content\/uploads\/Fusteria-Cano1-1152x1536.jpg 1152w\" sizes=\"(max-width: 1440px) 100vw, 1440px\" \/>\t\t\t\t\t\t\t\t\t\t\t\t\t\t\t<\/div>\n\t\t\t\t<\/div>\n\t\t\t\t\t<\/div>\n\t\t\t\t<\/div>\n\t\t<div class=\"elementor-element elementor-element-c3fc7e0 e-flex e-con-boxed e-con e-parent\" data-id=\"c3fc7e0\" data-element_type=\"container\" data-e-type=\"container\" data-settings=\"{&quot;background_background&quot;:&quot;classic&quot;}\">\n\t\t\t\t\t<div class=\"e-con-inner\">\n\t\t<div class=\"elementor-element elementor-element-4c3dfe0 e-con-full e-flex e-con e-child\" data-id=\"4c3dfe0\" data-element_type=\"container\" data-e-type=\"container\">\n\t\t\t\t<div class=\"elementor-element elementor-element-6387f68 de_scroll_animation_no elementor-widget elementor-widget-image\" data-id=\"6387f68\" data-element_type=\"widget\" data-e-type=\"widget\" data-widget_type=\"image.default\">\n\t\t\t\t\t\t\t\t\t\t\t\t\t\t\t<img decoding=\"async\" width=\"1440\" height=\"1920\" src=\"https:\/\/fusteriacano.com\/wp-content\/uploads\/Fusteria-Cano6.jpg\" class=\"elementor-animation-grow attachment-full size-full wp-image-1133\" alt=\"\" srcset=\"https:\/\/fusteriacano.com\/wp-content\/uploads\/Fusteria-Cano6.jpg 1440w, https:\/\/fusteriacano.com\/wp-content\/uploads\/Fusteria-Cano6-225x300.jpg 225w, https:\/\/fusteriacano.com\/wp-content\/uploads\/Fusteria-Cano6-768x1024.jpg 768w, https:\/\/fusteriacano.com\/wp-content\/uploads\/Fusteria-Cano6-1152x1536.jpg 1152w\" sizes=\"(max-width: 1440px) 100vw, 1440px\" \/>\t\t\t\t\t\t\t\t\t\t\t\t\t\t\t<\/div>\n\t\t\t\t<\/div>\n\t\t<div class=\"elementor-element elementor-element-e00ec63 e-con-full e-flex e-con e-child\" data-id=\"e00ec63\" data-element_type=\"container\" data-e-type=\"container\">\n\t\t\t\t<div class=\"elementor-element elementor-element-5967c0f de_scroll_animation_no elementor-invisible elementor-widget elementor-widget-text-editor\" data-id=\"5967c0f\" data-element_type=\"widget\" data-e-type=\"widget\" data-settings=\"{&quot;_animation&quot;:&quot;fadeInUp&quot;}\" data-widget_type=\"text-editor.default\">\n\t\t\t\t\t\t\t\t\t<p>En Fusteria Cano te acompa\u00f1amos en <strong>todas las fases del proyecto<\/strong> , desde el <strong>estudio inicial del dise\u00f1o<\/strong> hasta la <strong>instalaci\u00f3n final<\/strong> . Trabajamos estrechamente con <strong>arquitectos, interioristas y empresas constructoras<\/strong> para garantizar que cada idea se transforme en realidad, fiel a las expectativas del cliente. <\/p><p>Nos implicamos en <strong>cada etapa<\/strong> , supervisando todos los detalles para asegurar un <strong>desarrollo \u00e1gil y eficiente<\/strong> . Cuando es necesario, proponemos <strong>soluciones pr\u00e1cticas y creativas<\/strong> ante cualquier imprevisto, asegurando una <strong>comunicaci\u00f3n clara y honesta<\/strong> cuando alg\u00fan planteamiento necesita ajustarse para garantizar el \u00e9xito del proyecto. <\/p><p>As\u00ed transformamos tus proyectos en realidad, con <strong>precisi\u00f3n, flexibilidad y rigor.<\/strong><\/p>\t\t\t\t\t\t\t\t<\/div>\n\t\t\t\t<div class=\"elementor-element elementor-element-bbfb59f elementor-align-left elementor-mobile-align-center de_scroll_animation_no elementor-widget elementor-widget-button\" data-id=\"bbfb59f\" data-element_type=\"widget\" data-e-type=\"widget\" data-widget_type=\"button.default\">\n\t\t\t\t\t\t\t\t\t\t<a class=\"elementor-button elementor-button-link elementor-size-sm elementor-animation-grow\" href=\"https:\/\/fusteriacano.com\/es\/nuestro-metodo\/\">\n\t\t\t\t\t\t<span class=\"elementor-button-content-wrapper\">\n\t\t\t\t\t\t<span class=\"elementor-button-icon\">\n\t\t\t\t<i aria-hidden=\"true\" class=\"icon icon-arrow-right\"><\/i>\t\t\t<\/span>\n\t\t\t\t\t\t\t\t\t<span class=\"elementor-button-text\">CONOCE NUESTRO M\u00c9TODO<\/span>\n\t\t\t\t\t<\/span>\n\t\t\t\t\t<\/a>\n\t\t\t\t\t\t\t\t<\/div>\n\t\t\t\t<\/div>\n\t\t\t\t\t<\/div>\n\t\t\t\t<\/div>\n\t\t<div class=\"elementor-element elementor-element-b78e440 e-flex e-con-boxed e-con e-parent\" data-id=\"b78e440\" data-element_type=\"container\" data-e-type=\"container\">\n\t\t\t\t\t<div class=\"e-con-inner\">\n\t\t<div class=\"elementor-element elementor-element-e8d22d1 e-con-full e-flex e-con e-child\" data-id=\"e8d22d1\" data-element_type=\"container\" data-e-type=\"container\">\n\t\t\t\t<div class=\"elementor-element elementor-element-1144864 de_scroll_animation_no elementor-invisible elementor-widget elementor-widget-heading\" data-id=\"1144864\" data-element_type=\"widget\" data-e-type=\"widget\" data-settings=\"{&quot;_animation&quot;:&quot;fadeInLeft&quot;}\" data-widget_type=\"heading.default\">\n\t\t\t\t\t<h2 class=\"elementor-heading-title elementor-size-default\">Experiencia, pasi\u00f3n e innovaci\u00f3n<br> desde 1988<\/h2>\t\t\t\t<\/div>\n\t\t\t\t<div class=\"elementor-element elementor-element-4a2cce1 de_scroll_animation_no elementor-invisible elementor-widget elementor-widget-text-editor\" data-id=\"4a2cce1\" data-element_type=\"widget\" data-e-type=\"widget\" data-settings=\"{&quot;_animation&quot;:&quot;fadeInUp&quot;}\" data-widget_type=\"text-editor.default\">\n\t\t\t\t\t\t\t\t\t<p>Somos una <strong>empresa familiar<\/strong> nacida del amor por la madera. Durante m\u00e1s de <strong>35 a\u00f1os<\/strong> hemos combinado <strong>experiencia, creatividad e innovaci\u00f3n<\/strong> para transformar ideas en <strong>proyectos \u00fanicos ya medida<\/strong> . Nuestra capacidad de innovar se refuerza gracias a un <strong>taller completamente equipado<\/strong> con <strong>maquinaria de \u00faltima generaci\u00f3n<\/strong> , que nos permite ejecutar con <strong>precisi\u00f3n hasta el m\u00e1s m\u00ednimo detalle.<\/strong>  <\/p>\t\t\t\t\t\t\t\t<\/div>\n\t\t\t\t<div class=\"elementor-element elementor-element-9128f12 elementor-align-left de_scroll_animation_no elementor-widget elementor-widget-button\" data-id=\"9128f12\" data-element_type=\"widget\" data-e-type=\"widget\" data-widget_type=\"button.default\">\n\t\t\t\t\t\t\t\t\t\t<a class=\"elementor-button elementor-button-link elementor-size-sm elementor-animation-grow\" href=\"https:\/\/fusteriacano.com\/es\/proyectos\/\">\n\t\t\t\t\t\t<span class=\"elementor-button-content-wrapper\">\n\t\t\t\t\t\t<span class=\"elementor-button-icon\">\n\t\t\t\t<i aria-hidden=\"true\" class=\"icon icon-arrow-right\"><\/i>\t\t\t<\/span>\n\t\t\t\t\t\t\t\t\t<span class=\"elementor-button-text\">INSP\u00cdRATE CON NUESTROS PROYECTOS<\/span>\n\t\t\t\t\t<\/span>\n\t\t\t\t\t<\/a>\n\t\t\t\t\t\t\t\t<\/div>\n\t\t\t\t<\/div>\n\t\t<div class=\"elementor-element elementor-element-6665163 e-con-full e-flex e-con e-child\" data-id=\"6665163\" data-element_type=\"container\" data-e-type=\"container\">\n\t\t\t\t<div class=\"elementor-element elementor-element-f42d713 de_scroll_animation_no elementor-widget elementor-widget-image\" data-id=\"f42d713\" data-element_type=\"widget\" data-e-type=\"widget\" data-widget_type=\"image.default\">\n\t\t\t\t\t\t\t\t\t\t\t\t\t\t\t<img decoding=\"async\" width=\"1920\" height=\"1920\" src=\"https:\/\/fusteriacano.com\/wp-content\/uploads\/FOTO_CANVI_A.jpg\" class=\"elementor-animation-grow attachment-full size-full wp-image-1139\" alt=\"\" srcset=\"https:\/\/fusteriacano.com\/wp-content\/uploads\/FOTO_CANVI_A.jpg 1920w, https:\/\/fusteriacano.com\/wp-content\/uploads\/FOTO_CANVI_A-300x300.jpg 300w, https:\/\/fusteriacano.com\/wp-content\/uploads\/FOTO_CANVI_A-1024x1024.jpg 1024w, https:\/\/fusteriacano.com\/wp-content\/uploads\/FOTO_CANVI_A-150x150.jpg 150w, https:\/\/fusteriacano.com\/wp-content\/uploads\/FOTO_CANVI_A-768x768.jpg 768w, https:\/\/fusteriacano.com\/wp-content\/uploads\/FOTO_CANVI_A-1536x1536.jpg 1536w\" sizes=\"(max-width: 1920px) 100vw, 1920px\" \/>\t\t\t\t\t\t\t\t\t\t\t\t\t\t\t<\/div>\n\t\t\t\t<\/div>\n\t\t\t\t\t<\/div>\n\t\t\t\t<\/div>\n\t\t\t\t<section class=\"elementor-section elementor-top-section elementor-element elementor-element-7900de8 elementor-section-content-middle elementor-section-boxed elementor-section-height-default elementor-section-height-default\" data-id=\"7900de8\" data-element_type=\"section\" data-e-type=\"section\" data-settings=\"{&quot;background_background&quot;:&quot;classic&quot;}\">\n\t\t\t\t\t\t<div class=\"elementor-container elementor-column-gap-default\">\n\t\t\t\t\t<div class=\"elementor-column elementor-col-33 elementor-top-column elementor-element elementor-element-6922c22\" data-id=\"6922c22\" data-element_type=\"column\" data-e-type=\"column\">\n\t\t\t<div class=\"elementor-widget-wrap elementor-element-populated\">\n\t\t\t\t\t\t<div class=\"elementor-element elementor-element-704ff6f de_scroll_animation_no elementor-invisible elementor-widget elementor-widget-heading\" data-id=\"704ff6f\" data-element_type=\"widget\" data-e-type=\"widget\" data-settings=\"{&quot;_animation&quot;:&quot;fadeInLeft&quot;}\" data-widget_type=\"heading.default\">\n\t\t\t\t\t<h3 class=\"elementor-heading-title elementor-size-default\">Hablemos de tu proyecto<\/h3>\t\t\t\t<\/div>\n\t\t\t\t\t<\/div>\n\t\t<\/div>\n\t\t\t\t<div class=\"elementor-column elementor-col-33 elementor-top-column elementor-element elementor-element-b3efd16\" data-id=\"b3efd16\" data-element_type=\"column\" data-e-type=\"column\">\n\t\t\t<div class=\"elementor-widget-wrap elementor-element-populated\">\n\t\t\t\t\t\t<div class=\"elementor-element elementor-element-ba3fa42 de_scroll_animation_no elementor-invisible elementor-widget elementor-widget-text-editor\" data-id=\"ba3fa42\" data-element_type=\"widget\" data-e-type=\"widget\" data-settings=\"{&quot;_animation&quot;:&quot;fadeInUp&quot;}\" data-widget_type=\"text-editor.default\">\n\t\t\t\t\t\t\t\t\t<p>Si tienes una idea o proyecto en mente, te acompa\u00f1amos para convertirlo en un espacio \u00fanico, pensado para ti.<\/p>\t\t\t\t\t\t\t\t<\/div>\n\t\t\t\t\t<\/div>\n\t\t<\/div>\n\t\t\t\t<div class=\"elementor-column elementor-col-33 elementor-top-column elementor-element elementor-element-aad8529\" data-id=\"aad8529\" data-element_type=\"column\" data-e-type=\"column\">\n\t\t\t<div class=\"elementor-widget-wrap elementor-element-populated\">\n\t\t\t\t\t\t<div class=\"elementor-element elementor-element-3efc3ea elementor-align-center de_scroll_animation_no elementor-widget elementor-widget-button\" data-id=\"3efc3ea\" data-element_type=\"widget\" data-e-type=\"widget\" data-widget_type=\"button.default\">\n\t\t\t\t\t\t\t\t\t\t<a class=\"elementor-button elementor-button-link elementor-size-sm elementor-animation-grow\" href=\"https:\/\/fusteriacano.com\/es\/contacto\/\">\n\t\t\t\t\t\t<span class=\"elementor-button-content-wrapper\">\n\t\t\t\t\t\t<span class=\"elementor-button-icon\">\n\t\t\t\t<i aria-hidden=\"true\" class=\"icon icon-right-arrow\"><\/i>\t\t\t<\/span>\n\t\t\t\t\t\t\t\t\t<span class=\"elementor-button-text\">Contacta con nosotros<\/span>\n\t\t\t\t\t<\/span>\n\t\t\t\t\t<\/a>\n\t\t\t\t\t\t\t\t<\/div>\n\t\t\t\t\t<\/div>\n\t\t<\/div>\n\t\t\t\t\t<\/div>\n\t\t<\/section>\n\t\t\t\t<\/div>\n\t\t","protected":false},"excerpt":{"rendered":"<p>Carpinter\u00eda a medida para dar soluciones integrales a tu proyecto de dise\u00f1o, arquitectura e interiorismo Transformamos la madera en soluciones a medida para viviendas, tiendas y espacios profesionales, cuidando de cada detalle para hacer realidad los sue\u00f1os de nuestros clientes. Carpinter\u00eda a medida para proyectos \u00fanicos Cada espacio es \u00fanico. Cada prenda tambi\u00e9n. En Carpinter\u00eda [&hellip;]<\/p>\n","protected":false},"author":3,"featured_media":0,"parent":0,"menu_order":0,"comment_status":"closed","ping_status":"closed","template":"elementor_header_footer","meta":{"footnotes":""},"class_list":["post-1127","page","type-page","status-publish","hentry"],"_links":{"self":[{"href":"https:\/\/fusteriacano.com\/es\/wp-json\/wp\/v2\/pages\/1127","targetHints":{"allow":["GET"]}}],"collection":[{"href":"https:\/\/fusteriacano.com\/es\/wp-json\/wp\/v2\/pages"}],"about":[{"href":"https:\/\/fusteriacano.com\/es\/wp-json\/wp\/v2\/types\/page"}],"author":[{"embeddable":true,"href":"https:\/\/fusteriacano.com\/es\/wp-json\/wp\/v2\/users\/3"}],"replies":[{"embeddable":true,"href":"https:\/\/fusteriacano.com\/es\/wp-json\/wp\/v2\/comments?post=1127"}],"version-history":[{"count":5,"href":"https:\/\/fusteriacano.com\/es\/wp-json\/wp\/v2\/pages\/1127\/revisions"}],"predecessor-version":[{"id":1284,"href":"https:\/\/fusteriacano.com\/es\/wp-json\/wp\/v2\/pages\/1127\/revisions\/1284"}],"wp:attachment":[{"href":"https:\/\/fusteriacano.com\/es\/wp-json\/wp\/v2\/media?parent=1127"}],"curies":[{"name":"wp","href":"https:\/\/api.w.org\/{rel}","templated":true}]}}