{"id":1219,"date":"2025-12-12T17:32:21","date_gmt":"2025-12-12T15:32:21","guid":{"rendered":"https:\/\/fusteriacano.com\/servicios\/"},"modified":"2026-03-17T18:54:54","modified_gmt":"2026-03-17T16:54:54","slug":"servicios","status":"publish","type":"page","link":"https:\/\/fusteriacano.com\/es\/servicios\/","title":{"rendered":"Servicios"},"content":{"rendered":"\t\t<div data-elementor-type=\"wp-page\" data-elementor-id=\"1219\" class=\"elementor elementor-1219 elementor-100\" data-elementor-post-type=\"page\">\n\t\t\t\t\t\t<section class=\"elementor-section elementor-top-section elementor-element elementor-element-3b65c7df elementor-reverse-mobile elementor-section-boxed elementor-section-height-default elementor-section-height-default elementor-invisible\" data-id=\"3b65c7df\" data-element_type=\"section\" data-e-type=\"section\" data-settings=\"{&quot;background_background&quot;:&quot;classic&quot;,&quot;animation&quot;:&quot;fadeIn&quot;}\">\n\t\t\t\t\t\t\t<div class=\"elementor-background-overlay\"><\/div>\n\t\t\t\t\t\t\t<div class=\"elementor-container elementor-column-gap-default\">\n\t\t\t\t\t<div class=\"elementor-column elementor-col-100 elementor-top-column elementor-element elementor-element-20c2ca3d\" data-id=\"20c2ca3d\" data-element_type=\"column\" data-e-type=\"column\">\n\t\t\t<div class=\"elementor-widget-wrap elementor-element-populated\">\n\t\t\t\t<div class=\"elementor-element elementor-element-077d7dc e-flex e-con-boxed e-con e-parent\" data-id=\"077d7dc\" data-element_type=\"container\" data-e-type=\"container\">\n\t\t\t\t\t<div class=\"e-con-inner\">\n\t\t<div class=\"elementor-element elementor-element-6fe54c8 e-con-full e-flex e-con e-child\" data-id=\"6fe54c8\" data-element_type=\"container\" data-e-type=\"container\">\n\t\t\t\t<div class=\"elementor-element elementor-element-12cd3fb de_scroll_animation_no elementor-widget elementor-widget-heading\" data-id=\"12cd3fb\" data-element_type=\"widget\" data-e-type=\"widget\" data-widget_type=\"heading.default\">\n\t\t\t\t\t<h1 class=\"elementor-heading-title elementor-size-default\">Servicios de carpinter\u00eda<b> a medida<\/h1>\t\t\t\t<\/div>\n\t\t\t\t<div class=\"elementor-element elementor-element-a9d0c24 de_scroll_animation_no elementor-widget elementor-widget-heading\" data-id=\"a9d0c24\" data-element_type=\"widget\" data-e-type=\"widget\" data-widget_type=\"heading.default\">\n\t\t\t\t\t<h2 class=\"elementor-heading-title elementor-size-default\">Trabajamos la madera con precisi\u00f3n y pasi\u00f3n, dando forma a proyectos completos y singulares, desde el mobiliario hasta la ambientaci\u00f3n total de los espacios.<\/h2>\t\t\t\t<\/div>\n\t\t\t\t<\/div>\n\t\t\t\t\t<\/div>\n\t\t\t\t<\/div>\n\t\t\t\t\t<\/div>\n\t\t<\/div>\n\t\t\t\t\t<\/div>\n\t\t<\/section>\n\t\t\t\t<section class=\"elementor-section elementor-top-section elementor-element elementor-element-279860b3 elementor-section-boxed elementor-section-height-default elementor-section-height-default\" data-id=\"279860b3\" data-element_type=\"section\" data-e-type=\"section\">\n\t\t\t\t\t\t<div class=\"elementor-container elementor-column-gap-default\">\n\t\t\t\t\t<div class=\"elementor-column elementor-col-50 elementor-top-column elementor-element elementor-element-15a9e922\" data-id=\"15a9e922\" data-element_type=\"column\" data-e-type=\"column\">\n\t\t\t<div class=\"elementor-widget-wrap elementor-element-populated\">\n\t\t\t\t\t\t<div class=\"elementor-element elementor-element-69ce8414 de_scroll_animation_no elementor-invisible elementor-widget elementor-widget-heading\" data-id=\"69ce8414\" data-element_type=\"widget\" data-e-type=\"widget\" data-settings=\"{&quot;_animation&quot;:&quot;fadeInLeft&quot;}\" data-widget_type=\"heading.default\">\n\t\t\t\t\t<h2 class=\"elementor-heading-title elementor-size-default\">Carpinter\u00eda a medida para<br> proyectos \u00fanicos<\/h2>\t\t\t\t<\/div>\n\t\t\t\t<div class=\"elementor-element elementor-element-7494f363 de_scroll_animation_no elementor-invisible elementor-widget elementor-widget-text-editor\" data-id=\"7494f363\" data-element_type=\"widget\" data-e-type=\"widget\" data-settings=\"{&quot;_animation&quot;:&quot;fadeInUp&quot;}\" data-widget_type=\"text-editor.default\">\n\t\t\t\t\t\t\t\t\t<p>Dise\u00f1amos y fabricamos <strong>mobiliario y elementos de madera adaptados a cada proyecto<\/strong> , seleccionando los <strong>materiales m\u00e1s adecuados<\/strong> para garantizar <strong>calidad, durabilidad y funcionalidad<\/strong> . Trabajamos con <strong>maderas nobles, macizas<\/strong> y de diferentes <strong>or\u00edgenes sostenibles<\/strong> , as\u00ed como con materiales sint\u00e9ticos, siempre respetando el <strong>medio ambiente<\/strong> .<\/p><p>Nos implicamos en <strong>cada fase del proyecto<\/strong> , acompa\u00f1ando al cliente desde el <strong>primer asesoramiento<\/strong> y la <strong>elecci\u00f3n de materiales<\/strong> hasta la <strong>fabricaci\u00f3n e instalaci\u00f3n final<\/strong> .<\/p><p>El resultado es un <strong>espacio \u00fanico y personalizado<\/strong> , con <strong>dise\u00f1os originales<\/strong> que reflejan la singularidad de cada proyecto.<\/p>\t\t\t\t\t\t\t\t<\/div>\n\t\t\t\t<div class=\"elementor-element elementor-element-f9462b1 elementor-align-left de_scroll_animation_no elementor-widget elementor-widget-button\" data-id=\"f9462b1\" data-element_type=\"widget\" data-e-type=\"widget\" data-widget_type=\"button.default\">\n\t\t\t\t\t\t\t\t\t\t<a class=\"elementor-button elementor-button-link elementor-size-sm elementor-animation-grow\" href=\"https:\/\/fusteriacano.com\/es\/contacto\/\">\n\t\t\t\t\t\t<span class=\"elementor-button-content-wrapper\">\n\t\t\t\t\t\t<span class=\"elementor-button-icon\">\n\t\t\t\t<i aria-hidden=\"true\" class=\"icon icon-arrow-right\"><\/i>\t\t\t<\/span>\n\t\t\t\t\t\t\t\t\t<span class=\"elementor-button-text\">Contacta con nosotros para empezar tu proyecto  <\/span>\n\t\t\t\t\t<\/span>\n\t\t\t\t\t<\/a>\n\t\t\t\t\t\t\t\t<\/div>\n\t\t\t\t\t<\/div>\n\t\t<\/div>\n\t\t\t\t<div class=\"elementor-column elementor-col-50 elementor-top-column elementor-element elementor-element-5a9e1e34\" data-id=\"5a9e1e34\" data-element_type=\"column\" data-e-type=\"column\">\n\t\t\t<div class=\"elementor-widget-wrap elementor-element-populated\">\n\t\t\t\t\t\t<div class=\"elementor-element elementor-element-b052055 de_scroll_animation_no elementor-widget elementor-widget-image\" data-id=\"b052055\" data-element_type=\"widget\" data-e-type=\"widget\" data-widget_type=\"image.default\">\n\t\t\t\t\t\t\t\t\t\t\t\t\t\t\t<img fetchpriority=\"high\" decoding=\"async\" width=\"1536\" height=\"2048\" src=\"https:\/\/fusteriacano.com\/wp-content\/uploads\/FOTO_CANVI_B.jpg\" class=\"elementor-animation-grow attachment-full size-full wp-image-1226\" alt=\"\" srcset=\"https:\/\/fusteriacano.com\/wp-content\/uploads\/FOTO_CANVI_B.jpg 1536w, https:\/\/fusteriacano.com\/wp-content\/uploads\/FOTO_CANVI_B-225x300.jpg 225w, https:\/\/fusteriacano.com\/wp-content\/uploads\/FOTO_CANVI_B-768x1024.jpg 768w, https:\/\/fusteriacano.com\/wp-content\/uploads\/FOTO_CANVI_B-1152x1536.jpg 1152w\" sizes=\"(max-width: 1536px) 100vw, 1536px\" \/>\t\t\t\t\t\t\t\t\t\t\t\t\t\t\t<\/div>\n\t\t\t\t\t<\/div>\n\t\t<\/div>\n\t\t\t\t\t<\/div>\n\t\t<\/section>\n\t\t\t\t<section class=\"elementor-section elementor-top-section elementor-element elementor-element-0c8d938 elementor-reverse-mobile elementor-section-boxed elementor-section-height-default elementor-section-height-default\" data-id=\"0c8d938\" data-element_type=\"section\" data-e-type=\"section\">\n\t\t\t\t\t\t<div class=\"elementor-container elementor-column-gap-default\">\n\t\t\t\t\t<div class=\"elementor-column elementor-col-50 elementor-top-column elementor-element elementor-element-dfbdb0e\" data-id=\"dfbdb0e\" data-element_type=\"column\" data-e-type=\"column\">\n\t\t\t<div class=\"elementor-widget-wrap elementor-element-populated\">\n\t\t\t\t\t\t<div class=\"elementor-element elementor-element-3f10ed0 de_scroll_animation_no elementor-widget elementor-widget-image\" data-id=\"3f10ed0\" data-element_type=\"widget\" data-e-type=\"widget\" data-widget_type=\"image.default\">\n\t\t\t\t\t\t\t\t\t\t\t\t\t\t\t<img decoding=\"async\" width=\"1706\" height=\"2560\" src=\"https:\/\/fusteriacano.com\/wp-content\/uploads\/Fusteria-Cano4-1-scaled.jpg\" class=\"elementor-animation-grow attachment-full size-full wp-image-1225\" alt=\"\" srcset=\"https:\/\/fusteriacano.com\/wp-content\/uploads\/Fusteria-Cano4-1-scaled.jpg 1706w, https:\/\/fusteriacano.com\/wp-content\/uploads\/Fusteria-Cano4-1-200x300.jpg 200w, https:\/\/fusteriacano.com\/wp-content\/uploads\/Fusteria-Cano4-1-683x1024.jpg 683w, https:\/\/fusteriacano.com\/wp-content\/uploads\/Fusteria-Cano4-1-768x1152.jpg 768w, https:\/\/fusteriacano.com\/wp-content\/uploads\/Fusteria-Cano4-1-1024x1536.jpg 1024w, https:\/\/fusteriacano.com\/wp-content\/uploads\/Fusteria-Cano4-1-1365x2048.jpg 1365w\" sizes=\"(max-width: 1706px) 100vw, 1706px\" \/>\t\t\t\t\t\t\t\t\t\t\t\t\t\t\t<\/div>\n\t\t\t\t\t<\/div>\n\t\t<\/div>\n\t\t\t\t<div class=\"elementor-column elementor-col-50 elementor-top-column elementor-element elementor-element-b3da2fa\" data-id=\"b3da2fa\" data-element_type=\"column\" data-e-type=\"column\">\n\t\t\t<div class=\"elementor-widget-wrap elementor-element-populated\">\n\t\t\t\t\t\t<div class=\"elementor-element elementor-element-e838da7 de_scroll_animation_no elementor-invisible elementor-widget elementor-widget-heading\" data-id=\"e838da7\" data-element_type=\"widget\" data-e-type=\"widget\" data-settings=\"{&quot;_animation&quot;:&quot;fadeInLeft&quot;}\" data-widget_type=\"heading.default\">\n\t\t\t\t\t<h2 class=\"elementor-heading-title elementor-size-default\">Dise\u00f1o y soluciones en madera<\/h2>\t\t\t\t<\/div>\n\t\t\t\t<div class=\"elementor-element elementor-element-276207d de_scroll_animation_no elementor-invisible elementor-widget elementor-widget-text-editor\" data-id=\"276207d\" data-element_type=\"widget\" data-e-type=\"widget\" data-settings=\"{&quot;_animation&quot;:&quot;fadeInUp&quot;}\" data-widget_type=\"text-editor.default\">\n\t\t\t\t\t\t\t\t\t<p>Combinamos <strong>carpinter\u00eda a medida y asesoramiento t\u00e9cnico<\/strong> para acompa\u00f1arte durante todo el proceso de tu proyecto. Trabajamos en colaboraci\u00f3n con <strong>arquitectos, interioristas y todos los profesionales del sector<\/strong> para garantizar que cada detalle del dise\u00f1o se integre de forma <strong>coherente y funcional<\/strong> . El <strong>trabajo en equipo<\/strong> es clave en nuestros proyectos de carpinter\u00eda.<\/p><p>Nos implicamos desde el <strong>estudio inicial y el desarrollo t\u00e9cnico<\/strong> hasta la <strong>instalaci\u00f3n final<\/strong> , aportando <strong>soluciones creativas y \u00e1giles<\/strong> ante cualquier imprevisto que pueda surgir durante la obra. Nuestra experiencia nos permite adaptarnos con <strong>flexibilidad y rigor<\/strong> a cada fase del proyecto.<\/p><p>El resultado es un <strong>espacio personalizado<\/strong> y fiel a tu dise\u00f1o, con <strong>acabado impecable.<\/strong><\/p>\t\t\t\t\t\t\t\t<\/div>\n\t\t\t\t<div class=\"elementor-element elementor-element-90b98cb elementor-align-left de_scroll_animation_no elementor-widget elementor-widget-button\" data-id=\"90b98cb\" data-element_type=\"widget\" data-e-type=\"widget\" data-widget_type=\"button.default\">\n\t\t\t\t\t\t\t\t\t\t<a class=\"elementor-button elementor-button-link elementor-size-sm elementor-animation-grow\" href=\"https:\/\/fusteriacano.com\/es\/proyectos\/\">\n\t\t\t\t\t\t<span class=\"elementor-button-content-wrapper\">\n\t\t\t\t\t\t<span class=\"elementor-button-icon\">\n\t\t\t\t<i aria-hidden=\"true\" class=\"icon icon-arrow-right\"><\/i>\t\t\t<\/span>\n\t\t\t\t\t\t\t\t\t<span class=\"elementor-button-text\">Descubre c\u00f3mo materializar tu proyecto  <\/span>\n\t\t\t\t\t<\/span>\n\t\t\t\t\t<\/a>\n\t\t\t\t\t\t\t\t<\/div>\n\t\t\t\t\t<\/div>\n\t\t<\/div>\n\t\t\t\t\t<\/div>\n\t\t<\/section>\n\t\t\t\t<section class=\"elementor-section elementor-top-section elementor-element elementor-element-a8310b7 elementor-section-boxed elementor-section-height-default elementor-section-height-default\" data-id=\"a8310b7\" data-element_type=\"section\" data-e-type=\"section\">\n\t\t\t\t\t\t<div class=\"elementor-container elementor-column-gap-default\">\n\t\t\t\t\t<div class=\"elementor-column elementor-col-50 elementor-top-column elementor-element elementor-element-e20b1f1\" data-id=\"e20b1f1\" data-element_type=\"column\" data-e-type=\"column\">\n\t\t\t<div class=\"elementor-widget-wrap elementor-element-populated\">\n\t\t\t\t\t\t<div class=\"elementor-element elementor-element-bc76750 de_scroll_animation_no elementor-invisible elementor-widget elementor-widget-heading\" data-id=\"bc76750\" data-element_type=\"widget\" data-e-type=\"widget\" data-settings=\"{&quot;_animation&quot;:&quot;fadeInLeft&quot;}\" data-widget_type=\"heading.default\">\n\t\t\t\t\t<h2 class=\"elementor-heading-title elementor-size-default\">Construcciones singulares y proyectos integrales en madera<\/h2>\t\t\t\t<\/div>\n\t\t\t\t<div class=\"elementor-element elementor-element-5778510 de_scroll_animation_no elementor-invisible elementor-widget elementor-widget-text-editor\" data-id=\"5778510\" data-element_type=\"widget\" data-e-type=\"widget\" data-settings=\"{&quot;_animation&quot;:&quot;fadeInUp&quot;}\" data-widget_type=\"text-editor.default\">\n\t\t\t\t\t\t\t\t\t<p>Damos forma en madera a <strong>proyectos originales y de alta complejidad<\/strong> , siempre adaptados a las necesidades de cada cliente. Nos implicamos desde el <strong>primer momento<\/strong> para comprender al cliente y analizar el dise\u00f1o pues es clave para <strong>materializar y cumplir las expectativas del proyecto<\/strong> , ya sea para <strong>obra particular o p\u00fablica<\/strong> , espacios comerciales, hoteles, oficinas o centros sanitarios o educativos.<\/p><p>Damos forma en madera a la <strong>singularidad de cada proyecto<\/strong> .<\/p><p>Cada proyecto se desarrolla de manera <strong>integral<\/strong> : planificamos las etapas, seleccionamos los <strong>materiales m\u00e1s adecuados,<\/strong> fabricamos, suministramos e instalamos las piezas, respetando tanto las <strong>especificaciones del cliente<\/strong> como la <strong>normativa t\u00e9cnica vigente<\/strong> . Por \u00faltimo, verificamos cada detalle para asegurar que el resultado cumpla con la <strong>calidad y la originalidad esperadas<\/strong> .<\/p>\t\t\t\t\t\t\t\t<\/div>\n\t\t\t\t<div class=\"elementor-element elementor-element-7668b7c elementor-align-left de_scroll_animation_no elementor-widget elementor-widget-button\" data-id=\"7668b7c\" data-element_type=\"widget\" data-e-type=\"widget\" data-widget_type=\"button.default\">\n\t\t\t\t\t\t\t\t\t\t<a class=\"elementor-button elementor-button-link elementor-size-sm elementor-animation-grow\" href=\"https:\/\/fusteriacano.com\/es\/contacto\/\">\n\t\t\t\t\t\t<span class=\"elementor-button-content-wrapper\">\n\t\t\t\t\t\t<span class=\"elementor-button-icon\">\n\t\t\t\t<i aria-hidden=\"true\" class=\"icon icon-arrow-right\"><\/i>\t\t\t<\/span>\n\t\t\t\t\t\t\t\t\t<span class=\"elementor-button-text\">Pide m\u00e1s informaci\u00f3n y comienza tu proyecto  <\/span>\n\t\t\t\t\t<\/span>\n\t\t\t\t\t<\/a>\n\t\t\t\t\t\t\t\t<\/div>\n\t\t\t\t\t<\/div>\n\t\t<\/div>\n\t\t\t\t<div class=\"elementor-column elementor-col-50 elementor-top-column elementor-element elementor-element-9f21b8f\" data-id=\"9f21b8f\" data-element_type=\"column\" data-e-type=\"column\">\n\t\t\t<div class=\"elementor-widget-wrap elementor-element-populated\">\n\t\t\t\t\t\t<div class=\"elementor-element elementor-element-114901b de_scroll_animation_no elementor-widget elementor-widget-image\" data-id=\"114901b\" data-element_type=\"widget\" data-e-type=\"widget\" data-widget_type=\"image.default\">\n\t\t\t\t\t\t\t\t\t\t\t\t\t\t\t<img decoding=\"async\" width=\"1536\" height=\"2048\" src=\"https:\/\/fusteriacano.com\/wp-content\/uploads\/FOTO_CANVI_C.jpg\" class=\"elementor-animation-grow attachment-full size-full wp-image-1227\" alt=\"\" srcset=\"https:\/\/fusteriacano.com\/wp-content\/uploads\/FOTO_CANVI_C.jpg 1536w, https:\/\/fusteriacano.com\/wp-content\/uploads\/FOTO_CANVI_C-225x300.jpg 225w, https:\/\/fusteriacano.com\/wp-content\/uploads\/FOTO_CANVI_C-768x1024.jpg 768w, https:\/\/fusteriacano.com\/wp-content\/uploads\/FOTO_CANVI_C-1152x1536.jpg 1152w\" sizes=\"(max-width: 1536px) 100vw, 1536px\" \/>\t\t\t\t\t\t\t\t\t\t\t\t\t\t\t<\/div>\n\t\t\t\t\t<\/div>\n\t\t<\/div>\n\t\t\t\t\t<\/div>\n\t\t<\/section>\n\t\t\t\t<\/div>\n\t\t","protected":false},"excerpt":{"rendered":"<p>Servicios de carpinter\u00eda a medida Trabajamos la madera con precisi\u00f3n y pasi\u00f3n, dando forma a proyectos completos y singulares, desde el mobiliario hasta la ambientaci\u00f3n total de los espacios. Carpinter\u00eda a medida para proyectos \u00fanicos Dise\u00f1amos y fabricamos mobiliario y elementos de madera adaptados a cada proyecto , seleccionando los materiales m\u00e1s adecuados para garantizar [&hellip;]<\/p>\n","protected":false},"author":3,"featured_media":0,"parent":0,"menu_order":0,"comment_status":"closed","ping_status":"closed","template":"","meta":{"footnotes":""},"class_list":["post-1219","page","type-page","status-publish","hentry"],"_links":{"self":[{"href":"https:\/\/fusteriacano.com\/es\/wp-json\/wp\/v2\/pages\/1219","targetHints":{"allow":["GET"]}}],"collection":[{"href":"https:\/\/fusteriacano.com\/es\/wp-json\/wp\/v2\/pages"}],"about":[{"href":"https:\/\/fusteriacano.com\/es\/wp-json\/wp\/v2\/types\/page"}],"author":[{"embeddable":true,"href":"https:\/\/fusteriacano.com\/es\/wp-json\/wp\/v2\/users\/3"}],"replies":[{"embeddable":true,"href":"https:\/\/fusteriacano.com\/es\/wp-json\/wp\/v2\/comments?post=1219"}],"version-history":[{"count":5,"href":"https:\/\/fusteriacano.com\/es\/wp-json\/wp\/v2\/pages\/1219\/revisions"}],"predecessor-version":[{"id":1398,"href":"https:\/\/fusteriacano.com\/es\/wp-json\/wp\/v2\/pages\/1219\/revisions\/1398"}],"wp:attachment":[{"href":"https:\/\/fusteriacano.com\/es\/wp-json\/wp\/v2\/media?parent=1219"}],"curies":[{"name":"wp","href":"https:\/\/api.w.org\/{rel}","templated":true}]}}