{"id":924,"date":"2026-03-11T11:28:09","date_gmt":"2026-03-11T09:28:09","guid":{"rendered":"https:\/\/fusteriacano.com\/casa-cae\/"},"modified":"2026-03-17T18:06:15","modified_gmt":"2026-03-17T16:06:15","slug":"casa-cae","status":"publish","type":"page","link":"https:\/\/fusteriacano.com\/es\/casa-cae\/","title":{"rendered":"CASA CAE"},"content":{"rendered":"\t\t<div data-elementor-type=\"wp-page\" data-elementor-id=\"924\" class=\"elementor elementor-924 elementor-624\" data-elementor-post-type=\"page\">\n\t\t\t\t\t\t<section class=\"elementor-section elementor-top-section elementor-element elementor-element-3cc0de77 elementor-section-boxed elementor-section-height-default elementor-section-height-default elementor-invisible\" data-id=\"3cc0de77\" data-element_type=\"section\" data-e-type=\"section\" data-settings=\"{&quot;background_background&quot;:&quot;classic&quot;,&quot;animation&quot;:&quot;fadeIn&quot;}\">\n\t\t\t\t\t\t\t<div class=\"elementor-background-overlay\"><\/div>\n\t\t\t\t\t\t\t<div class=\"elementor-container elementor-column-gap-default\">\n\t\t\t\t\t<div class=\"elementor-column elementor-col-100 elementor-top-column elementor-element elementor-element-282a929f\" data-id=\"282a929f\" data-element_type=\"column\" data-e-type=\"column\">\n\t\t\t<div class=\"elementor-widget-wrap elementor-element-populated\">\n\t\t\t\t<div class=\"elementor-element elementor-element-258072ea e-flex e-con-boxed e-con e-parent\" data-id=\"258072ea\" data-element_type=\"container\" data-e-type=\"container\">\n\t\t\t\t\t<div class=\"e-con-inner\">\n\t\t\t\t<div class=\"elementor-element elementor-element-15c68919 de_scroll_animation_no elementor-widget elementor-widget-heading\" data-id=\"15c68919\" data-element_type=\"widget\" data-e-type=\"widget\" data-widget_type=\"heading.default\">\n\t\t\t\t\t<h1 class=\"elementor-heading-title elementor-size-default\">CASA CAE<\/h1>\t\t\t\t<\/div>\n\t\t\t\t<div class=\"elementor-element elementor-element-5825e717 elementor-hidden-desktop elementor-hidden-tablet elementor-hidden-mobile de_scroll_animation_no elementor-invisible elementor-widget elementor-widget-text-editor\" data-id=\"5825e717\" data-element_type=\"widget\" data-e-type=\"widget\" data-settings=\"{&quot;_animation&quot;:&quot;fadeInUp&quot;}\" data-widget_type=\"text-editor.default\">\n\t\t\t\t\t\t\t\t\t<p>Lorem ipsum dolor sit almen, consectetur adipisicing \u00e9lite, sed do eiusmod tempor incididunt ut labore et dolore magna.<\/p>\t\t\t\t\t\t\t\t<\/div>\n\t\t\t\t\t<\/div>\n\t\t\t\t<\/div>\n\t\t\t\t\t<\/div>\n\t\t<\/div>\n\t\t\t\t\t<\/div>\n\t\t<\/section>\n\t\t\t\t<section class=\"elementor-section elementor-top-section elementor-element elementor-element-18389d21 elementor-section-boxed elementor-section-height-default elementor-section-height-default\" data-id=\"18389d21\" data-element_type=\"section\" data-e-type=\"section\">\n\t\t\t\t\t\t<div class=\"elementor-container elementor-column-gap-default\">\n\t\t\t\t\t<div class=\"elementor-column elementor-col-100 elementor-top-column elementor-element elementor-element-2424e541\" data-id=\"2424e541\" data-element_type=\"column\" data-e-type=\"column\">\n\t\t\t<div class=\"elementor-widget-wrap elementor-element-populated\">\n\t\t\t\t\t\t<div class=\"elementor-element elementor-element-6144c922 de_scroll_animation_no elementor-invisible elementor-widget elementor-widget-heading\" data-id=\"6144c922\" data-element_type=\"widget\" data-e-type=\"widget\" data-settings=\"{&quot;_animation&quot;:&quot;fadeInLeft&quot;}\" data-widget_type=\"heading.default\">\n\t\t\t\t\t<h3 class=\"elementor-heading-title elementor-size-default\">CASA CAE<\/h3>\t\t\t\t<\/div>\n\t\t<div class=\"elementor-element elementor-element-7f6ebf3d e-flex e-con-boxed e-con e-parent\" data-id=\"7f6ebf3d\" data-element_type=\"container\" data-e-type=\"container\">\n\t\t\t\t\t<div class=\"e-con-inner\">\n\t\t\t\t<div class=\"elementor-element elementor-element-3a59de de_scroll_animation_no elementor-widget elementor-widget-gallery\" data-id=\"3a59de\" data-element_type=\"widget\" data-e-type=\"widget\" data-settings=\"{&quot;gap&quot;:{&quot;unit&quot;:&quot;px&quot;,&quot;size&quot;:11,&quot;sizes&quot;:[]},&quot;columns&quot;:2,&quot;aspect_ratio&quot;:&quot;4:3&quot;,&quot;lazyload&quot;:&quot;yes&quot;,&quot;gallery_layout&quot;:&quot;grid&quot;,&quot;columns_tablet&quot;:2,&quot;columns_mobile&quot;:1,&quot;gap_tablet&quot;:{&quot;unit&quot;:&quot;px&quot;,&quot;size&quot;:10,&quot;sizes&quot;:[]},&quot;gap_mobile&quot;:{&quot;unit&quot;:&quot;px&quot;,&quot;size&quot;:10,&quot;sizes&quot;:[]},&quot;link_to&quot;:&quot;file&quot;,&quot;overlay_background&quot;:&quot;yes&quot;,&quot;content_hover_animation&quot;:&quot;fade-in&quot;}\" data-widget_type=\"gallery.default\">\n\t\t\t\t\t\t\t<div class=\"elementor-gallery__container\">\n\t\t\t\t\t\t\t<a class=\"e-gallery-item elementor-gallery-item elementor-animated-content\" href=\"https:\/\/fusteriacano.com\/wp-content\/uploads\/CASA-CAE_1-1-scaled.jpg\" data-elementor-open-lightbox=\"yes\" data-elementor-lightbox-slideshow=\"3a59de\" data-elementor-lightbox-title=\"CASA CAE_1\" data-e-action-hash=\"#elementor-action%3Aaction%3Dlightbox%26settings%3DeyJpZCI6OTI3LCJ1cmwiOiJodHRwczpcL1wvZnVzdGVyaWFjYW5vLmNvbVwvd3AtY29udGVudFwvdXBsb2Fkc1wvQ0FTQS1DQUVfMS0xLXNjYWxlZC5qcGciLCJzbGlkZXNob3ciOiIzYTU5ZGUifQ%3D%3D\">\n\t\t\t\t\t<div class=\"e-gallery-image elementor-gallery-item__image\" data-thumbnail=\"https:\/\/fusteriacano.com\/wp-content\/uploads\/CASA-CAE_1-1-scaled.jpg\" data-width=\"1920\" data-height=\"2560\" aria-label=\"\" role=\"img\" ><\/div>\n\t\t\t\t\t\t\t\t\t\t\t<div class=\"elementor-gallery-item__overlay\"><\/div>\n\t\t\t\t\t\t\t\t\t\t\t\t\t\t<\/a>\n\t\t\t\t\t\t\t<a class=\"e-gallery-item elementor-gallery-item elementor-animated-content\" href=\"https:\/\/fusteriacano.com\/wp-content\/uploads\/CASA-CAE_2.png\" data-elementor-open-lightbox=\"yes\" data-elementor-lightbox-slideshow=\"3a59de\" data-elementor-lightbox-title=\"CASA CAE_2\" data-e-action-hash=\"#elementor-action%3Aaction%3Dlightbox%26settings%3DeyJpZCI6OTI1LCJ1cmwiOiJodHRwczpcL1wvZnVzdGVyaWFjYW5vLmNvbVwvd3AtY29udGVudFwvdXBsb2Fkc1wvQ0FTQS1DQUVfMi5wbmciLCJzbGlkZXNob3ciOiIzYTU5ZGUifQ%3D%3D\">\n\t\t\t\t\t<div class=\"e-gallery-image elementor-gallery-item__image\" data-thumbnail=\"https:\/\/fusteriacano.com\/wp-content\/uploads\/CASA-CAE_2.png\" data-width=\"1536\" data-height=\"1024\" aria-label=\"\" role=\"img\" ><\/div>\n\t\t\t\t\t\t\t\t\t\t\t<div class=\"elementor-gallery-item__overlay\"><\/div>\n\t\t\t\t\t\t\t\t\t\t\t\t\t\t<\/a>\n\t\t\t\t\t\t\t<a class=\"e-gallery-item elementor-gallery-item elementor-animated-content\" href=\"https:\/\/fusteriacano.com\/wp-content\/uploads\/CASA-CAE_3_.png\" data-elementor-open-lightbox=\"yes\" data-elementor-lightbox-slideshow=\"3a59de\" data-elementor-lightbox-title=\"CASA CAE_3_\" data-e-action-hash=\"#elementor-action%3Aaction%3Dlightbox%26settings%3DeyJpZCI6OTI2LCJ1cmwiOiJodHRwczpcL1wvZnVzdGVyaWFjYW5vLmNvbVwvd3AtY29udGVudFwvdXBsb2Fkc1wvQ0FTQS1DQUVfM18ucG5nIiwic2xpZGVzaG93IjoiM2E1OWRlIn0%3D\">\n\t\t\t\t\t<div class=\"e-gallery-image elementor-gallery-item__image\" data-thumbnail=\"https:\/\/fusteriacano.com\/wp-content\/uploads\/CASA-CAE_3_.png\" data-width=\"1536\" data-height=\"1024\" aria-label=\"\" role=\"img\" ><\/div>\n\t\t\t\t\t\t\t\t\t\t\t<div class=\"elementor-gallery-item__overlay\"><\/div>\n\t\t\t\t\t\t\t\t\t\t\t\t\t\t<\/a>\n\t\t\t\t\t\t\t<a class=\"e-gallery-item elementor-gallery-item elementor-animated-content\" href=\"https:\/\/fusteriacano.com\/wp-content\/uploads\/CASA-CAE_4.jpg\" data-elementor-open-lightbox=\"yes\" data-elementor-lightbox-slideshow=\"3a59de\" data-elementor-lightbox-title=\"CASA CAE_4\" data-e-action-hash=\"#elementor-action%3Aaction%3Dlightbox%26settings%3DeyJpZCI6OTI4LCJ1cmwiOiJodHRwczpcL1wvZnVzdGVyaWFjYW5vLmNvbVwvd3AtY29udGVudFwvdXBsb2Fkc1wvQ0FTQS1DQUVfNC5qcGciLCJzbGlkZXNob3ciOiIzYTU5ZGUifQ%3D%3D\">\n\t\t\t\t\t<div class=\"e-gallery-image elementor-gallery-item__image\" data-thumbnail=\"https:\/\/fusteriacano.com\/wp-content\/uploads\/CASA-CAE_4.jpg\" data-width=\"1200\" data-height=\"1600\" aria-label=\"\" role=\"img\" ><\/div>\n\t\t\t\t\t\t\t\t\t\t\t<div class=\"elementor-gallery-item__overlay\"><\/div>\n\t\t\t\t\t\t\t\t\t\t\t\t\t\t<\/a>\n\t\t\t\t\t\t\t<a class=\"e-gallery-item elementor-gallery-item elementor-animated-content\" href=\"https:\/\/fusteriacano.com\/wp-content\/uploads\/CASA-CAE_6.jpg\" data-elementor-open-lightbox=\"yes\" data-elementor-lightbox-slideshow=\"3a59de\" data-elementor-lightbox-title=\"CASA CAE_6\" data-e-action-hash=\"#elementor-action%3Aaction%3Dlightbox%26settings%3DeyJpZCI6OTI5LCJ1cmwiOiJodHRwczpcL1wvZnVzdGVyaWFjYW5vLmNvbVwvd3AtY29udGVudFwvdXBsb2Fkc1wvQ0FTQS1DQUVfNi5qcGciLCJzbGlkZXNob3ciOiIzYTU5ZGUifQ%3D%3D\">\n\t\t\t\t\t<div class=\"e-gallery-image elementor-gallery-item__image\" data-thumbnail=\"https:\/\/fusteriacano.com\/wp-content\/uploads\/CASA-CAE_6.jpg\" data-width=\"1536\" data-height=\"2048\" aria-label=\"\" role=\"img\" ><\/div>\n\t\t\t\t\t\t\t\t\t\t\t<div class=\"elementor-gallery-item__overlay\"><\/div>\n\t\t\t\t\t\t\t\t\t\t\t\t\t\t<\/a>\n\t\t\t\t\t\t\t<a class=\"e-gallery-item elementor-gallery-item elementor-animated-content\" href=\"https:\/\/fusteriacano.com\/wp-content\/uploads\/CASA-CAE_5.jpg\" data-elementor-open-lightbox=\"yes\" data-elementor-lightbox-slideshow=\"3a59de\" data-elementor-lightbox-title=\"CASA CAE_5\" data-e-action-hash=\"#elementor-action%3Aaction%3Dlightbox%26settings%3DeyJpZCI6OTMwLCJ1cmwiOiJodHRwczpcL1wvZnVzdGVyaWFjYW5vLmNvbVwvd3AtY29udGVudFwvdXBsb2Fkc1wvQ0FTQS1DQUVfNS5qcGciLCJzbGlkZXNob3ciOiIzYTU5ZGUifQ%3D%3D\">\n\t\t\t\t\t<div class=\"e-gallery-image elementor-gallery-item__image\" data-thumbnail=\"https:\/\/fusteriacano.com\/wp-content\/uploads\/CASA-CAE_5.jpg\" data-width=\"1200\" data-height=\"1600\" aria-label=\"\" role=\"img\" ><\/div>\n\t\t\t\t\t\t\t\t\t\t\t<div class=\"elementor-gallery-item__overlay\"><\/div>\n\t\t\t\t\t\t\t\t\t\t\t\t\t\t<\/a>\n\t\t\t\t\t<\/div>\n\t\t\t\t\t<\/div>\n\t\t\t\t\t<\/div>\n\t\t\t\t<\/div>\n\t\t<div class=\"elementor-element elementor-element-702dc7b7 elementor-hidden-desktop elementor-hidden-tablet elementor-hidden-mobile e-flex e-con-boxed e-con e-parent\" data-id=\"702dc7b7\" data-element_type=\"container\" data-e-type=\"container\">\n\t\t\t\t\t<div class=\"e-con-inner\">\n\t\t<div class=\"elementor-element elementor-element-14218fb6 e-con-full e-flex e-con e-child\" data-id=\"14218fb6\" data-element_type=\"container\" data-e-type=\"container\">\n\t\t\t\t<div class=\"elementor-element elementor-element-45453514 elementor-widget-mobile__width-inherit de_scroll_animation_no elementor-invisible elementor-widget elementor-widget-text-editor\" data-id=\"45453514\" data-element_type=\"widget\" data-e-type=\"widget\" data-settings=\"{&quot;_animation&quot;:&quot;fadeInUp&quot;}\" data-widget_type=\"text-editor.default\">\n\t\t\t\t\t\t\t\t\t<p>Lorem ipsum dolor sit almen, consectetur adipisicing \u00e9lite, sed do eiusmod tempor incididunt ut labore et dolore magna aliqua.<\/p><p>Lorem ipsum dolor sit almen, consectetur adipisicing \u00e9lite, sed do eiusmod tempor incididunt ut labore et dolore magna aliqua. Us enim ad minim veniam, qui\u00e9n nostrud ejercitaci\u00f3n ullamco laboris nisi ut aliquip ex ea conmodo consecuado.<\/p><p>Veleto alegre sagittis y de consectetur purus ut faucibus. Nulla malesuada pellentesque \u00e9lite eget gravida cum sociis. Arcu actortor dignisim convallis aenean et tortor at risus.<\/p>\t\t\t\t\t\t\t\t<\/div>\n\t\t\t\t<\/div>\n\t\t<div class=\"elementor-element elementor-element-39dd52f4 e-con-full e-flex e-con e-child\" data-id=\"39dd52f4\" data-element_type=\"container\" data-e-type=\"container\">\n\t\t\t\t<div class=\"elementor-element elementor-element-3121262d de_scroll_animation_no elementor-invisible elementor-widget elementor-widget-heading\" data-id=\"3121262d\" data-element_type=\"widget\" data-e-type=\"widget\" data-settings=\"{&quot;_animation&quot;:&quot;fadeInUp&quot;}\" data-widget_type=\"heading.default\">\n\t\t\t\t\t<h6 class=\"elementor-heading-title elementor-size-default\">detalles del proyecto<\/h6>\t\t\t\t<\/div>\n\t\t\t\t<div class=\"elementor-element elementor-element-5a450b6f elementor-icon-list--layout-traditional elementor-list-item-link-full_width de_scroll_animation_no elementor-widget elementor-widget-icon-list\" data-id=\"5a450b6f\" data-element_type=\"widget\" data-e-type=\"widget\" data-widget_type=\"icon-list.default\">\n\t\t\t\t\t\t\t<ul class=\"elementor-icon-list-items\">\n\t\t\t\t\t\t\t<li class=\"elementor-icon-list-item\">\n\t\t\t\t\t\t\t\t\t\t\t<span class=\"elementor-icon-list-icon\">\n\t\t\t\t\t\t\t<svg aria-hidden=\"true\" class=\"e-font-icon-svg e-fas-dot-circle\" viewBox=\"0 0 512 512\" xmlns=\"http:\/\/www.w3.org\/2000\/svg\"><path d=\"M256 8C119.033 8 8 119.033 8 256s111.033 248 248 248 248-111.033 248-248S392.967 8 256 8zm80 248c0 44.112-35.888 80-80 80s-80-35.888-80-80 35.888-80 80-80 80 35.888 80 80z\"><\/path><\/svg>\t\t\t\t\t\t<\/span>\n\t\t\t\t\t\t\t\t\t\t<span class=\"elementor-icon-list-text\"><strong>Cliente:<\/strong> Metro Group Ltd.<\/span>\n\t\t\t\t\t\t\t\t\t<\/li>\n\t\t\t\t\t\t\t\t<li class=\"elementor-icon-list-item\">\n\t\t\t\t\t\t\t\t\t\t\t<span class=\"elementor-icon-list-icon\">\n\t\t\t\t\t\t\t<svg aria-hidden=\"true\" class=\"e-font-icon-svg e-fas-dot-circle\" viewBox=\"0 0 512 512\" xmlns=\"http:\/\/www.w3.org\/2000\/svg\"><path d=\"M256 8C119.033 8 8 119.033 8 256s111.033 248 248 248 248-111.033 248-248S392.967 8 256 8zm80 248c0 44.112-35.888 80-80 80s-80-35.888-80-80 35.888-80 80-80 80 35.888 80 80z\"><\/path><\/svg>\t\t\t\t\t\t<\/span>\n\t\t\t\t\t\t\t\t\t\t<span class=\"elementor-icon-list-text\"><strong>Fecha:<\/strong> Metro Group Ltd.<\/span>\n\t\t\t\t\t\t\t\t\t<\/li>\n\t\t\t\t\t\t\t\t<li class=\"elementor-icon-list-item\">\n\t\t\t\t\t\t\t\t\t\t\t<span class=\"elementor-icon-list-icon\">\n\t\t\t\t\t\t\t<svg aria-hidden=\"true\" class=\"e-font-icon-svg e-fas-dot-circle\" viewBox=\"0 0 512 512\" xmlns=\"http:\/\/www.w3.org\/2000\/svg\"><path d=\"M256 8C119.033 8 8 119.033 8 256s111.033 248 248 248 248-111.033 248-248S392.967 8 256 8zm80 248c0 44.112-35.888 80-80 80s-80-35.888-80-80 35.888-80 80-80 80 35.888 80 80z\"><\/path><\/svg>\t\t\t\t\t\t<\/span>\n\t\t\t\t\t\t\t\t\t\t<span class=\"elementor-icon-list-text\"><strong>tipos:<\/strong> Metro Group Ltd.<\/span>\n\t\t\t\t\t\t\t\t\t<\/li>\n\t\t\t\t\t\t<\/ul>\n\t\t\t\t\t\t<\/div>\n\t\t\t\t<div class=\"elementor-element elementor-element-1beb80f5 elementor-align-left de_scroll_animation_no elementor-widget elementor-widget-button\" data-id=\"1beb80f5\" data-element_type=\"widget\" data-e-type=\"widget\" data-widget_type=\"button.default\">\n\t\t\t\t\t\t\t\t\t\t<a class=\"elementor-button elementor-button-link elementor-size-sm elementor-animation-grow\" href=\"#\">\n\t\t\t\t\t\t<span class=\"elementor-button-content-wrapper\">\n\t\t\t\t\t\t\t\t\t<span class=\"elementor-button-text\">Cu\u00e9ntanos tu proyecto<\/span>\n\t\t\t\t\t<\/span>\n\t\t\t\t\t<\/a>\n\t\t\t\t\t\t\t\t<\/div>\n\t\t\t\t<\/div>\n\t\t\t\t\t<\/div>\n\t\t\t\t<\/div>\n\t\t\t\t\t<\/div>\n\t\t<\/div>\n\t\t\t\t\t<\/div>\n\t\t<\/section>\n\t\t<div class=\"elementor-element elementor-element-f4ba9ae e-flex e-con-boxed e-con e-parent\" data-id=\"f4ba9ae\" data-element_type=\"container\" data-e-type=\"container\">\n\t\t\t\t\t<div class=\"e-con-inner\">\n\t\t<div class=\"elementor-element elementor-element-b6bc80d e-con-full e-flex e-con e-child\" data-id=\"b6bc80d\" data-element_type=\"container\" data-e-type=\"container\">\n\t\t\t\t<div class=\"elementor-element elementor-element-a105603 de_scroll_animation_no elementor-invisible elementor-widget elementor-widget-heading\" data-id=\"a105603\" data-element_type=\"widget\" data-e-type=\"widget\" data-settings=\"{&quot;_animation&quot;:&quot;fadeInUp&quot;}\" data-widget_type=\"heading.default\">\n\t\t\t\t\t<h6 class=\"elementor-heading-title elementor-size-default\">detalles del proyecto<\/h6>\t\t\t\t<\/div>\n\t\t\t\t<div class=\"elementor-element elementor-element-084e5a4 elementor-mobile-align-center elementor-icon-list--layout-inline elementor-align-center elementor-list-item-link-full_width de_scroll_animation_no elementor-widget elementor-widget-icon-list\" data-id=\"084e5a4\" data-element_type=\"widget\" data-e-type=\"widget\" data-widget_type=\"icon-list.default\">\n\t\t\t\t\t\t\t<ul class=\"elementor-icon-list-items elementor-inline-items\">\n\t\t\t\t\t\t\t<li class=\"elementor-icon-list-item elementor-inline-item\">\n\t\t\t\t\t\t\t\t\t\t\t<span class=\"elementor-icon-list-icon\">\n\t\t\t\t\t\t\t<svg aria-hidden=\"true\" class=\"e-font-icon-svg e-fas-dot-circle\" viewBox=\"0 0 512 512\" xmlns=\"http:\/\/www.w3.org\/2000\/svg\"><path d=\"M256 8C119.033 8 8 119.033 8 256s111.033 248 248 248 248-111.033 248-248S392.967 8 256 8zm80 248c0 44.112-35.888 80-80 80s-80-35.888-80-80 35.888-80 80-80 80 35.888 80 80z\"><\/path><\/svg>\t\t\t\t\t\t<\/span>\n\t\t\t\t\t\t\t\t\t\t<span class=\"elementor-icon-list-text\"><strong>Arquitectura:<\/strong> Vieyra Arquitectos<\/span>\n\t\t\t\t\t\t\t\t\t<\/li>\n\t\t\t\t\t\t\t\t<li class=\"elementor-icon-list-item elementor-inline-item\">\n\t\t\t\t\t\t\t\t\t\t\t<span class=\"elementor-icon-list-icon\">\n\t\t\t\t\t\t\t<svg aria-hidden=\"true\" class=\"e-font-icon-svg e-fas-dot-circle\" viewBox=\"0 0 512 512\" xmlns=\"http:\/\/www.w3.org\/2000\/svg\"><path d=\"M256 8C119.033 8 8 119.033 8 256s111.033 248 248 248 248-111.033 248-248S392.967 8 256 8zm80 248c0 44.112-35.888 80-80 80s-80-35.888-80-80 35.888-80 80-80 80 35.888 80 80z\"><\/path><\/svg>\t\t\t\t\t\t<\/span>\n\t\t\t\t\t\t\t\t\t\t<span class=\"elementor-icon-list-text\"><strong>Constructura:<\/strong> Conestrucciones Horizon<\/span>\n\t\t\t\t\t\t\t\t\t<\/li>\n\t\t\t\t\t\t<\/ul>\n\t\t\t\t\t\t<\/div>\n\t\t\t\t<\/div>\n\t\t\t\t\t<\/div>\n\t\t\t\t<\/div>\n\t\t<div class=\"elementor-element elementor-element-3c06352 e-flex e-con-boxed e-con e-parent\" data-id=\"3c06352\" data-element_type=\"container\" data-e-type=\"container\">\n\t\t\t\t\t<div class=\"e-con-inner\">\n\t\t\t\t<div class=\"elementor-element elementor-element-ab7fc94 elementor-align-center de_scroll_animation_no elementor-widget elementor-widget-button\" data-id=\"ab7fc94\" data-element_type=\"widget\" data-e-type=\"widget\" data-widget_type=\"button.default\">\n\t\t\t\t\t\t\t\t\t\t<a class=\"elementor-button elementor-button-link elementor-size-sm elementor-animation-grow\" href=\"https:\/\/fusteriacano.com\/es\/proyectos\/\">\n\t\t\t\t\t\t<span class=\"elementor-button-content-wrapper\">\n\t\t\t\t\t\t<span class=\"elementor-button-icon\">\n\t\t\t\t<i aria-hidden=\"true\" class=\"icon icon-arrow-right\"><\/i>\t\t\t<\/span>\n\t\t\t\t\t\t\t\t\t<span class=\"elementor-button-text\">Descubre nuestros proyectos<\/span>\n\t\t\t\t\t<\/span>\n\t\t\t\t\t<\/a>\n\t\t\t\t\t\t\t\t<\/div>\n\t\t\t\t\t<\/div>\n\t\t\t\t<\/div>\n\t\t\t\t<\/div>\n\t\t","protected":false},"excerpt":{"rendered":"<p>CASA CAE Lorem ipsum dolor sit almen, consectetur adipisicing \u00e9lite, sed do eiusmod tempor incididunt ut labore et dolore magna. CASA CAE Lorem ipsum dolor sit almen, consectetur adipisicing \u00e9lite, sed do eiusmod tempor incididunt ut labore et dolore magna aliqua. Lorem ipsum dolor sit almen, consectetur adipisicing \u00e9lite, sed do eiusmod tempor incididunt ut [&hellip;]<\/p>\n","protected":false},"author":3,"featured_media":926,"parent":0,"menu_order":0,"comment_status":"closed","ping_status":"closed","template":"","meta":{"footnotes":""},"class_list":["post-924","page","type-page","status-publish","has-post-thumbnail","hentry"],"_links":{"self":[{"href":"https:\/\/fusteriacano.com\/es\/wp-json\/wp\/v2\/pages\/924","targetHints":{"allow":["GET"]}}],"collection":[{"href":"https:\/\/fusteriacano.com\/es\/wp-json\/wp\/v2\/pages"}],"about":[{"href":"https:\/\/fusteriacano.com\/es\/wp-json\/wp\/v2\/types\/page"}],"author":[{"embeddable":true,"href":"https:\/\/fusteriacano.com\/es\/wp-json\/wp\/v2\/users\/3"}],"replies":[{"embeddable":true,"href":"https:\/\/fusteriacano.com\/es\/wp-json\/wp\/v2\/comments?post=924"}],"version-history":[{"count":7,"href":"https:\/\/fusteriacano.com\/es\/wp-json\/wp\/v2\/pages\/924\/revisions"}],"predecessor-version":[{"id":1300,"href":"https:\/\/fusteriacano.com\/es\/wp-json\/wp\/v2\/pages\/924\/revisions\/1300"}],"wp:featuredmedia":[{"embeddable":true,"href":"https:\/\/fusteriacano.com\/es\/wp-json\/wp\/v2\/media\/926"}],"wp:attachment":[{"href":"https:\/\/fusteriacano.com\/es\/wp-json\/wp\/v2\/media?parent=924"}],"curies":[{"name":"wp","href":"https:\/\/api.w.org\/{rel}","templated":true}]}}