{"id":962,"date":"2026-03-11T11:54:17","date_gmt":"2026-03-11T09:54:17","guid":{"rendered":"https:\/\/fusteriacano.com\/aviso-legal-y-politica-de-privacidad\/"},"modified":"2026-03-17T13:49:00","modified_gmt":"2026-03-17T11:49:00","slug":"aviso-legal-y-politica-de-privacidad","status":"publish","type":"page","link":"https:\/\/fusteriacano.com\/es\/aviso-legal-y-politica-de-privacidad\/","title":{"rendered":"Aviso legal y Pol\u00edtica de privacidad"},"content":{"rendered":"\t\t<div data-elementor-type=\"wp-page\" data-elementor-id=\"962\" class=\"elementor elementor-962 elementor-675\" data-elementor-post-type=\"page\">\n\t\t\t\t<div class=\"elementor-element elementor-element-2bba08ac e-flex e-con-boxed e-con e-parent\" data-id=\"2bba08ac\" data-element_type=\"container\" data-e-type=\"container\">\n\t\t\t\t\t<div class=\"e-con-inner\">\n\t\t\t\t<div class=\"elementor-element elementor-element-61afe2ff de_scroll_animation_no elementor-widget elementor-widget-text-editor\" data-id=\"61afe2ff\" data-element_type=\"widget\" data-e-type=\"widget\" data-widget_type=\"text-editor.default\">\n\t\t\t\t\t\t\t\t\t<p>De acuerdo con las obligaciones previstas en la Ley 34\/2002, de Servicios de la Sociedad de la Informaci\u00f3n y de Comercio Electr\u00f3nico (en adelante, LSSI-CE), <strong>CARPINTER\u00cdA EBENISTER\u00cdA R CANO SL<\/strong> manifiesta que el dominio <a href=\"https:\/\/fusteriacano.com\/es\">https:\/\/fusteriacano.com\/es<\/a> es propiedad de <strong>CARPINTER\u00cdA EBENISTER\u00cdA R CANO SL,<\/strong> con GRECIA, 21 &#8211; 17600 FIGUERES (Girona)<\/p><p><strong>CARPINTER\u00cdA EBENISTER\u00cdA R CANO SL<\/strong> . consta inscrita en el Registro Mercantil de Girona, con el Tomo 756, Folio 1, Hoja GI &#8211; 14471, Incrip.1a &#8211; CIF B-17430331<\/p><p><strong>CARPINTER\u00cdA EBENISTER\u00cdA R CANO SL<\/strong> . no puede asumir responsabilidad alguna derivada del uso incorrecto, inadecuado o il\u00edcito de la informaci\u00f3n aparecida en sus p\u00e1ginas de Internet. Dentro de los l\u00edmites establecidos por la ley, <strong>CARPINTER\u00cdA EBENISTER\u00cdA R CANO SL<\/strong> no asume ninguna responsabilidad derivada de la falta de veracidad, integridad, actualizaci\u00f3n y precisi\u00f3n de los datos o informaciones que contienen sus p\u00e1ginas de Internet.<\/p><p>Los contenidos y la informaci\u00f3n de las p\u00e1ginas de Internet de <a href=\"https:\/\/fusteriacano.com\/es\">https:\/\/fusteriacano.com\/es<\/a> est\u00e1n elaborados por profesionales de la propia entidad, debidamente calificados para el ejercicio de su profesi\u00f3n. Sin embargo, estos contenidos e informaci\u00f3n no vinculan a la citada corporaci\u00f3n ni constituyen opiniones, consejos o asesoramiento legal de ning\u00fan tipo, dado que se trata meramente de un servicio ofrecido con car\u00e1cter informativo y divulgativo. Las p\u00e1ginas de Internet de <a href=\"https:\/\/fusteriacano.com\/es\">https:\/\/fusteriacano.com\/se<\/a> pueden contener enlaces (links) a otras p\u00e1ginas de terceros. En consecuencia, no pueden asumirse responsabilidades por el contenido que pueda aparecer en p\u00e1ginas de terceros.<\/p><p>Los textos, im\u00e1genes, sonidos, animaciones, programas y otros contenidos incluidos en este sitio web son propiedad exclusiva de <strong>CARPINTERIA EBENISTERIA R CANO SL<\/strong> o de sus licenciantes. Cualquier acto de transmisi\u00f3n, distribuci\u00f3n, cesi\u00f3n, reproducci\u00f3n, almacenamiento o comunicaci\u00f3n p\u00fablica, total o parcial, requiere el consentimiento expreso de <strong>CARPINTER\u00cdA EBENISTER\u00cdA R CANO SL<\/strong> .<\/p><p>Igualmente, se reserva el derecho de retirar el acceso al Portal, sin necesidad de previo aviso, a cualquier usuario que contravenga lo dispuesto en este aviso legal.<\/p><h3>PROTECCI\u00d3N DE DATOS PERSONALES<\/h3><p>En virtud de la Ley 15\/1999, de 13 de diciembre, de protecci\u00f3n de datos de car\u00e1cter personal, le hacemos saber que sus datos personales, que pueden constar en esta web, est\u00e1n incorporados en un fichero responsabilidad de <strong>CARPINTER\u00cdA EBENISTER\u00cdA R CANO SL<\/strong> NIF B17430331. La finalidad de este archivo es gestionar la relaci\u00f3n negocial e informar sobre nuestros servicios. Estos datos no ser\u00e1n transmitidos a terceras personas.<\/p><p>En caso de que esta web, en algunas ocasiones y para disponer de un perfil de sus usuarios y analizar el servicio y\/o los productos de mayor inter\u00e9s, pueda utilizar cookies \u2014peque\u00f1os ficheros de datos que se generan en el ordenador del usuario\u2014, permitir\u00e1n obtener la siguiente informaci\u00f3n:<\/p><ul><li>Fecha y hora de la \u00faltima visita del usuario a la web;<\/li><li>Dise\u00f1o y contenidos que el usuario escogi\u00f3 en su primera visita a la web;<\/li><li>Elementos de seguridad que intervienen en el control de acceso a las \u00e1reas restringidas; y<\/li><li>Otras circunstancias an\u00e1logas.<\/li><\/ul><p>El USUARIO tiene la opci\u00f3n de impedir la generaci\u00f3n de cookies mediante la selecci\u00f3n de la opci\u00f3n correspondiente en su navegador. Sin embargo, <strong>CARPINTERIA EBENISTERIA R CANO SL<\/strong> no se responsabiliza de que la desactivaci\u00f3n de las mismas impida el buen funcionamiento de la p\u00e1gina web.<\/p><p>Para acceder a algunos de los servicios que <strong>CARPINTER\u00cdA EBENISTER\u00cdA R CANO SL<\/strong> ofrece a trav\u00e9s del sitio web, deber\u00e1 proporcionar algunos datos de car\u00e1cter personal. En cumplimiento de lo establecido en la LO 15\/1999, de 13 de diciembre, de Protecci\u00f3n de Datos de Car\u00e1cter Personal, le informamos que, mediante la cumplimentaci\u00f3n del formulario, sus datos personales quedar\u00e1n incorporados y ser\u00e1n tratados en los ficheros de <strong>CARPINTER\u00cdA EBENISTER\u00cdA R CANO SL<\/strong> para prestarle y ofrecerle nuestros sitios web, as\u00ed como para ofrecerle nuestros servicios, as\u00ed como.<\/p><p>Si desea ejercer los derechos de acceso, rectificaci\u00f3n, cancelaci\u00f3n u oposici\u00f3n, puede dirigirse a: <strong>CARPINTER\u00cdA EBENISTER\u00cdA R CANO SL<\/strong> , CALLE CASERNA, 5 &#8211; 17600 FIGUERES (Girona), o enviar un correo electr\u00f3nico a gestio@fusteriacano.com<\/p><h3>PROPIEDAD INDUSTRIAL E INTELECTUAL<\/h3><p>Esta web es propiedad de <strong>CARPINTER\u00cdA EBENISTER\u00cdA R CANO SL<\/strong> Los enlaces que se establezcan hacia otras p\u00e1ginas web de cualquier centro adscrito u organismo dependiente son propiedad exclusiva de la misma, salvo que se especifique expresamente otra cosa.<\/p><p>Cualquier denominaci\u00f3n, dise\u00f1o y\/o logotipo, as\u00ed como cualquier producto o servicio ofrecido y reflejado en esta p\u00e1gina web, son marcas debidamente registradas por <strong>CARPINTER\u00cdA EBENISTER\u00cdA R CANO SL<\/strong> , por sus sociedades filiales y\/o por terceros.<\/p><p>Cualquier uso indebido de dichas marcas por personas distintas de su leg\u00edtimo titular y sin el consentimiento expreso e inequ\u00edvoco del mismo podr\u00e1 ser denunciado y perseguido por todos los medios legales existentes en el ordenamiento jur\u00eddico espa\u00f1ol y\/o comunitario.<\/p><p>Los derechos de propiedad intelectual y marcas de terceros est\u00e1n debidamente destacados y deben ser respetados por todo aquel que acceda a esta p\u00e1gina, no siendo responsabilidad de <strong>CARPINTERIA EBENISTERIA R CANO SL<\/strong> el uso que el usuario pueda hacer al respecto, recayendo la responsabilidad exclusivamente en su persona.<\/p><p>S\u00f3lo para uso personal y privado se permite descargar los contenidos, copiar o imprimir cualquier p\u00e1gina de este sitio web. Queda prohibido reproducir, transmitir, modificar o suprimir la informaci\u00f3n, contenidos o avisos de este sitio web sin la previa autorizaci\u00f3n y por escrito de <strong>CARPINTER\u00cdA EBENISTER\u00cdA R CANO SL<\/strong><\/p><p><strong>CARPINTER\u00cdA EBENISTER\u00cdA R CANO SL<\/strong> no transfiere a los usuarios la propiedad de su software. Cuando el software de este sitio web se transfiera a su terminal, no podr\u00e1 someterlo a ingenier\u00eda inversa, descompilarlo ni traducir la versi\u00f3n de c\u00f3digo objeto original a su c\u00f3digo fuente oa otro lenguaje.<\/p><h3>LEY APLICABLE Y JURISDICCI\u00d3N<\/h3><p>Las presentes condiciones generales se rigen por la legislaci\u00f3n espa\u00f1ola, siendo competentes los Juzgados y Tribunales espa\u00f1oles para conocer todas las cuestiones que puedan surgir sobre la interpretaci\u00f3n, aplicaci\u00f3n y cumplimiento de las mismas. En virtud de la aceptaci\u00f3n de las condiciones generales recogidas en este aviso legal, renuncia expresamente a cualquier fuero que, por aplicaci\u00f3n de la vigente Ley de Enjuiciamiento Civil, pudiera corresponderle.<\/p>\t\t\t\t\t\t\t\t<\/div>\n\t\t\t\t\t<\/div>\n\t\t\t\t<\/div>\n\t\t\t\t<\/div>\n\t\t","protected":false},"excerpt":{"rendered":"<p>De acuerdo con las obligaciones previstas en la Ley 34\/2002, de Servicios de la Sociedad de la Informaci\u00f3n y de Comercio Electr\u00f3nico (en adelante, LSSI-CE), CARPINTER\u00cdA EBENISTER\u00cdA R CANO SL manifiesta que el dominio https:\/\/fusteriacano.com\/es es propiedad de CARPINTER\u00cdA EBENISTER\u00cdA R CANO SL, con GRECIA, 21 &#8211; 17600 FIGUERES (Girona) CARPINTER\u00cdA EBENISTER\u00cdA R CANO SL [&hellip;]<\/p>\n","protected":false},"author":3,"featured_media":0,"parent":0,"menu_order":0,"comment_status":"closed","ping_status":"closed","template":"","meta":{"footnotes":""},"class_list":["post-962","page","type-page","status-publish","hentry"],"_links":{"self":[{"href":"https:\/\/fusteriacano.com\/es\/wp-json\/wp\/v2\/pages\/962","targetHints":{"allow":["GET"]}}],"collection":[{"href":"https:\/\/fusteriacano.com\/es\/wp-json\/wp\/v2\/pages"}],"about":[{"href":"https:\/\/fusteriacano.com\/es\/wp-json\/wp\/v2\/types\/page"}],"author":[{"embeddable":true,"href":"https:\/\/fusteriacano.com\/es\/wp-json\/wp\/v2\/users\/3"}],"replies":[{"embeddable":true,"href":"https:\/\/fusteriacano.com\/es\/wp-json\/wp\/v2\/comments?post=962"}],"version-history":[{"count":2,"href":"https:\/\/fusteriacano.com\/es\/wp-json\/wp\/v2\/pages\/962\/revisions"}],"predecessor-version":[{"id":972,"href":"https:\/\/fusteriacano.com\/es\/wp-json\/wp\/v2\/pages\/962\/revisions\/972"}],"wp:attachment":[{"href":"https:\/\/fusteriacano.com\/es\/wp-json\/wp\/v2\/media?parent=962"}],"curies":[{"name":"wp","href":"https:\/\/api.w.org\/{rel}","templated":true}]}}