{"id":1006,"date":"2026-03-09T12:54:06","date_gmt":"2026-03-09T10:54:06","guid":{"rendered":"https:\/\/fusteriacano.com\/declaration-daccessibilite\/"},"modified":"2026-03-17T13:49:05","modified_gmt":"2026-03-17T11:49:05","slug":"declaration-daccessibilite","status":"publish","type":"page","link":"https:\/\/fusteriacano.com\/fr\/declaration-daccessibilite\/","title":{"rendered":"D\u00e9claration d&rsquo;accessibilit\u00e9"},"content":{"rendered":"\t\t<div data-elementor-type=\"wp-page\" data-elementor-id=\"1006\" class=\"elementor elementor-1006 elementor-563\" data-elementor-post-type=\"page\">\n\t\t\t\t<div class=\"elementor-element elementor-element-33f7c77 e-flex e-con-boxed e-con e-parent\" data-id=\"33f7c77\" data-element_type=\"container\" data-e-type=\"container\">\n\t\t\t\t\t<div class=\"e-con-inner\">\n\t\t\t\t<div class=\"elementor-element elementor-element-1532051 de_scroll_animation_no elementor-widget elementor-widget-text-editor\" data-id=\"1532051\" data-element_type=\"widget\" data-e-type=\"widget\" data-widget_type=\"text-editor.default\">\n\t\t\t\t\t\t\t\t\t<p><span style=\"font-weight: 400;\">FUSTERIA EBENISTERIA R CANO SL. s&rsquo;est engag\u00e9e \u00e0 rendre le site web<\/span> <span style=\"font-weight: 400;\">www.franciscollop.com accessible conform\u00e9ment \u00e0 la norme UNE-EN 301 549:2022 \u2013 \u00e0 l&rsquo;exclusion du contenu exclu par le d\u00e9cret royal 1112\/2018.<\/span><\/p><p><span style=\"font-weight: 400;\">La pr\u00e9sente d\u00e9claration d&rsquo;accessibilit\u00e9 s&rsquo;applique au site web auquel elle fait r\u00e9f\u00e9rence, le cas \u00e9ch\u00e9ant.<\/span><\/p><p><b>\u00c9tat de conformit\u00e9<\/b><\/p><p><span style=\"font-weight: 400;\">Ce site web est enti\u00e8rement conforme au d\u00e9cret royal 1112\/2018.<\/span><\/p><p><span style=\"font-weight: 400;\">Le site web est \u00e9valu\u00e9, de mani\u00e8re g\u00e9n\u00e9rale, comme suit&nbsp;:<\/span><\/p><ul><li style=\"font-weight: 400;\" aria-level=\"1\"><span style=\"font-weight: 400;\">Perceptible, en termes de composants d&rsquo;information et d&rsquo;interface.<\/span><\/li><li style=\"font-weight: 400;\" aria-level=\"1\"><span style=\"font-weight: 400;\">Fonctionnel, en termes de composants d&rsquo;interface utilisateur et de navigation.<\/span><\/li><li style=\"font-weight: 400;\" aria-level=\"1\"><span style=\"font-weight: 400;\">Compr\u00e9hensible, en termes d&rsquo;information et de manipulation de l&rsquo;interface utilisateur.<\/span><\/li><li style=\"font-weight: 400;\" aria-level=\"1\"><span style=\"font-weight: 400;\">Solide, tant sur le fond que sur la forme.<\/span><span style=\"font-weight: 400;\"><br><\/span><\/li><\/ul><p><b>Pr\u00e9paration de cette d\u00e9claration d&rsquo;accessibilit\u00e9<\/b><b><br><\/b> <span style=\"font-weight: 400;\">Ce document a \u00e9t\u00e9 \u00e9tabli le 09-03-2026.<\/span><\/p><p><span style=\"font-weight: 400;\">La m\u00e9thode utilis\u00e9e pour pr\u00e9parer la d\u00e9claration \u00e9tait une auto-\u00e9valuation combin\u00e9e \u00e0 l&rsquo;\u00e9valuation du site web https:\/\/www.tawdis.net\/.<\/span><span style=\"font-weight: 400;\">La d\u00e9claration d&rsquo;accessibilit\u00e9 a \u00e9t\u00e9 r\u00e9vis\u00e9e et mise \u00e0 jour en mars 2026.<\/span><\/p><p><b>Observations et coordonn\u00e9es<\/b><b><br><\/b> <span style=\"font-weight: 400;\">Vous pouvez nous contacter via le formulaire de contact de ce site web concernant les exigences d&rsquo;accessibilit\u00e9 (article 10.2.a du d\u00e9cret royal 1112\/2018) pour&nbsp;:<\/span><\/p><ul><li style=\"font-weight: 400;\" aria-level=\"1\"><span style=\"font-weight: 400;\">Signalez toute infraction potentielle commise par ce site web.<\/span><\/li><li style=\"font-weight: 400;\" aria-level=\"1\"><span style=\"font-weight: 400;\">Signalez les autres difficult\u00e9s d&rsquo;acc\u00e8s au contenu.<\/span><\/li><li style=\"font-weight: 400;\" aria-level=\"1\"><span style=\"font-weight: 400;\">N&rsquo;h\u00e9sitez pas \u00e0 poser d&rsquo;autres questions ou \u00e0 faire des suggestions d&rsquo;am\u00e9lioration concernant l&rsquo;accessibilit\u00e9 du site web.<\/span><span style=\"font-weight: 400;\"><br><\/span><\/li><\/ul><p><span style=\"font-weight: 400;\">Toute personne physique ou morale peut d\u00e9poser une plainte concernant le respect des exigences du d\u00e9cret royal 1112\/2018 du 7 septembre, ainsi que demander des informations concernant un contenu exclu du champ d&rsquo;application de ce r\u00e8glement.  <\/span><span style=\"font-weight: 400;\">D\u00e8s r\u00e9ception de votre demande d&rsquo;information ou de votre r\u00e9clamation, nous vous r\u00e9pondrons dans les plus brefs d\u00e9lais.<\/span><\/p><p><b>Notre engagement en faveur de l&rsquo;accessibilit\u00e9<\/b><b><br><\/b><\/p><p><span style=\"font-weight: 400;\">Une s\u00e9rie de mesures ont \u00e9t\u00e9 adopt\u00e9es sur ce site web dans le but d&rsquo;am\u00e9liorer son accessibilit\u00e9, notamment par&nbsp;:<\/span><\/p><ul><li style=\"font-weight: 400;\" aria-level=\"1\"><span style=\"font-weight: 400;\">Incluez un contenu clair et bien structur\u00e9.<\/span><\/li><li style=\"font-weight: 400;\" aria-level=\"1\"><span style=\"font-weight: 400;\">Am\u00e9liorer la navigation et l&rsquo;exp\u00e9rience utilisateur.<\/span><span style=\"font-weight: 400;\"><br><\/span><\/li><\/ul>\t\t\t\t\t\t\t\t<\/div>\n\t\t\t\t\t<\/div>\n\t\t\t\t<\/div>\n\t\t\t\t<\/div>\n\t\t","protected":false},"excerpt":{"rendered":"<p>FUSTERIA EBENISTERIA R CANO SL. s&rsquo;est engag\u00e9e \u00e0 rendre le site web www.franciscollop.com accessible conform\u00e9ment \u00e0 la norme UNE-EN 301 549:2022 \u2013 \u00e0 l&rsquo;exclusion du contenu exclu par le d\u00e9cret royal 1112\/2018. La pr\u00e9sente d\u00e9claration d&rsquo;accessibilit\u00e9 s&rsquo;applique au site web auquel elle fait r\u00e9f\u00e9rence, le cas \u00e9ch\u00e9ant. \u00c9tat de conformit\u00e9 Ce site web est enti\u00e8rement [&hellip;]<\/p>\n","protected":false},"author":3,"featured_media":0,"parent":0,"menu_order":0,"comment_status":"closed","ping_status":"closed","template":"","meta":{"footnotes":""},"class_list":["post-1006","page","type-page","status-publish","hentry"],"_links":{"self":[{"href":"https:\/\/fusteriacano.com\/fr\/wp-json\/wp\/v2\/pages\/1006","targetHints":{"allow":["GET"]}}],"collection":[{"href":"https:\/\/fusteriacano.com\/fr\/wp-json\/wp\/v2\/pages"}],"about":[{"href":"https:\/\/fusteriacano.com\/fr\/wp-json\/wp\/v2\/types\/page"}],"author":[{"embeddable":true,"href":"https:\/\/fusteriacano.com\/fr\/wp-json\/wp\/v2\/users\/3"}],"replies":[{"embeddable":true,"href":"https:\/\/fusteriacano.com\/fr\/wp-json\/wp\/v2\/comments?post=1006"}],"version-history":[{"count":2,"href":"https:\/\/fusteriacano.com\/fr\/wp-json\/wp\/v2\/pages\/1006\/revisions"}],"predecessor-version":[{"id":1010,"href":"https:\/\/fusteriacano.com\/fr\/wp-json\/wp\/v2\/pages\/1006\/revisions\/1010"}],"wp:attachment":[{"href":"https:\/\/fusteriacano.com\/fr\/wp-json\/wp\/v2\/media?parent=1006"}],"curies":[{"name":"wp","href":"https:\/\/api.w.org\/{rel}","templated":true}]}}