{"id":1033,"date":"2026-02-23T12:20:53","date_gmt":"2026-02-23T10:20:53","guid":{"rendered":"https:\/\/fusteriacano.com\/notre-methode\/"},"modified":"2026-04-07T10:01:51","modified_gmt":"2026-04-07T08:01:51","slug":"notre-methode","status":"publish","type":"page","link":"https:\/\/fusteriacano.com\/fr\/notre-methode\/","title":{"rendered":"Notre m\u00e9thode"},"content":{"rendered":"\t\t<div data-elementor-type=\"wp-page\" data-elementor-id=\"1033\" class=\"elementor elementor-1033 elementor-380\" data-elementor-post-type=\"page\">\n\t\t\t\t\t\t<section class=\"elementor-section elementor-top-section elementor-element elementor-element-6cf7cc0 elementor-reverse-mobile elementor-section-boxed elementor-section-height-default elementor-section-height-default elementor-invisible\" data-id=\"6cf7cc0\" data-element_type=\"section\" data-e-type=\"section\" data-settings=\"{&quot;background_background&quot;:&quot;classic&quot;,&quot;animation&quot;:&quot;fadeIn&quot;}\">\n\t\t\t\t\t\t\t<div class=\"elementor-background-overlay\"><\/div>\n\t\t\t\t\t\t\t<div class=\"elementor-container elementor-column-gap-default\">\n\t\t\t\t\t<div class=\"elementor-column elementor-col-100 elementor-top-column elementor-element elementor-element-3536c76\" data-id=\"3536c76\" data-element_type=\"column\" data-e-type=\"column\">\n\t\t\t<div class=\"elementor-widget-wrap elementor-element-populated\">\n\t\t\t\t<div class=\"elementor-element elementor-element-2eb2fc4 e-flex e-con-boxed e-con e-parent\" data-id=\"2eb2fc4\" data-element_type=\"container\" data-e-type=\"container\">\n\t\t\t\t\t<div class=\"e-con-inner\">\n\t\t\t\t<div class=\"elementor-element elementor-element-841078f de_scroll_animation_no elementor-widget elementor-widget-heading\" data-id=\"841078f\" data-element_type=\"widget\" data-e-type=\"widget\" data-widget_type=\"heading.default\">\n\t\t\t\t\t<h1 class=\"elementor-heading-title elementor-size-default\">Comment concr\u00e9tiser nos projets ?<\/h1>\t\t\t\t<\/div>\n\t\t\t\t<div class=\"elementor-element elementor-element-97b91b8 de_scroll_animation_no elementor-widget elementor-widget-heading\" data-id=\"97b91b8\" data-element_type=\"widget\" data-e-type=\"widget\" data-widget_type=\"heading.default\">\n\t\t\t\t\t<h2 class=\"elementor-heading-title elementor-size-default\">Nous travaillons le bois avec passion et pr\u00e9cision, afin que chaque projet et chaque \u00e9l\u00e9ment refl\u00e8tent le caract\u00e8re unique et l'essence du design du client.<\/h2>\t\t\t\t<\/div>\n\t\t\t\t\t<\/div>\n\t\t\t\t<\/div>\n\t\t\t\t\t<\/div>\n\t\t<\/div>\n\t\t\t\t\t<\/div>\n\t\t<\/section>\n\t\t\t\t<section class=\"elementor-section elementor-top-section elementor-element elementor-element-595ff6c elementor-section-boxed elementor-section-height-default elementor-section-height-default\" data-id=\"595ff6c\" data-element_type=\"section\" data-e-type=\"section\">\n\t\t\t\t\t\t<div class=\"elementor-container elementor-column-gap-default\">\n\t\t\t\t\t<div class=\"elementor-column elementor-col-50 elementor-top-column elementor-element elementor-element-683e451\" data-id=\"683e451\" data-element_type=\"column\" data-e-type=\"column\">\n\t\t\t<div class=\"elementor-widget-wrap elementor-element-populated\">\n\t\t\t\t\t\t<div class=\"elementor-element elementor-element-dee4ab9 de_scroll_animation_no elementor-invisible elementor-widget elementor-widget-heading\" data-id=\"dee4ab9\" data-element_type=\"widget\" data-e-type=\"widget\" data-settings=\"{&quot;_animation&quot;:&quot;fadeInLeft&quot;}\" data-widget_type=\"heading.default\">\n\t\t\t\t\t<span class=\"elementor-heading-title elementor-size-default\">Travail d'\u00e9quipe, savoir-faire et innovation<\/span>\t\t\t\t<\/div>\n\t\t\t\t<div class=\"elementor-element elementor-element-2db0c19 de_scroll_animation_no elementor-invisible elementor-widget elementor-widget-text-editor\" data-id=\"2db0c19\" data-element_type=\"widget\" data-e-type=\"widget\" data-settings=\"{&quot;_animation&quot;:&quot;fadeInUp&quot;}\" data-widget_type=\"text-editor.default\">\n\t\t\t\t\t\t\t\t\t<p>Chaque projet allie <strong>savoir-faire, exp\u00e9rience et \u00e9troite collaboration<\/strong> entre tous les membres de notre \u00e9quipe : <strong>concepteurs, charpentiers, techniciens et coordinateurs<\/strong> . Cette synergie nous permet de prendre <strong>soin avec pr\u00e9cision du bois et des mat\u00e9riaux<\/strong> \u00e0 toutes les \u00e9tapes du travail, garantissant ainsi que chaque pi\u00e8ce est <strong>unique<\/strong> et s&rsquo;int\u00e8gre parfaitement au projet global.<\/p><p>Notre <strong>approche collaborative<\/strong> garantit <strong>la qualit\u00e9, la fonctionnalit\u00e9 et<\/strong> des solutions <strong>cr\u00e9atives<\/strong> , tout en offrant aux clients un <strong>processus agile et serein<\/strong> . Notre objectif ultime est de transformer les id\u00e9es en <strong>projets concrets<\/strong> qui refl\u00e8tent l&rsquo;essence du design et <strong>qui rendent nos clients heureux.<\/strong><\/p>\t\t\t\t\t\t\t\t<\/div>\n\t\t\t\t<div class=\"elementor-element elementor-element-722713b elementor-align-left elementor-mobile-align-center de_scroll_animation_no elementor-widget elementor-widget-button\" data-id=\"722713b\" data-element_type=\"widget\" data-e-type=\"widget\" data-widget_type=\"button.default\">\n\t\t\t\t\t\t\t\t\t\t<a class=\"elementor-button elementor-button-link elementor-size-sm elementor-animation-grow\" href=\"https:\/\/fusteriacano.com\/fr\/projets\/\">\n\t\t\t\t\t\t<span class=\"elementor-button-content-wrapper\">\n\t\t\t\t\t\t<span class=\"elementor-button-icon\">\n\t\t\t\t<i aria-hidden=\"true\" class=\"icon icon-arrow-right\"><\/i>\t\t\t<\/span>\n\t\t\t\t\t\t\t\t\t<span class=\"elementor-button-text\">D\u00e9couvrez nos projets  <\/span>\n\t\t\t\t\t<\/span>\n\t\t\t\t\t<\/a>\n\t\t\t\t\t\t\t\t<\/div>\n\t\t\t\t\t<\/div>\n\t\t<\/div>\n\t\t\t\t<div class=\"elementor-column elementor-col-50 elementor-top-column elementor-element elementor-element-8af2517\" data-id=\"8af2517\" data-element_type=\"column\" data-e-type=\"column\">\n\t\t\t<div class=\"elementor-widget-wrap elementor-element-populated\">\n\t\t\t\t\t\t<div class=\"elementor-element elementor-element-7301d53 de_scroll_animation_no elementor-widget elementor-widget-image\" data-id=\"7301d53\" data-element_type=\"widget\" data-e-type=\"widget\" data-widget_type=\"image.default\">\n\t\t\t\t\t\t\t\t\t\t\t\t\t\t\t<img fetchpriority=\"high\" decoding=\"async\" width=\"1776\" height=\"2560\" src=\"https:\/\/fusteriacano.com\/wp-content\/uploads\/Fusteria-Cano_7-scaled.jpg\" class=\"elementor-animation-grow attachment-full size-full wp-image-1041\" alt=\"\" srcset=\"https:\/\/fusteriacano.com\/wp-content\/uploads\/Fusteria-Cano_7-scaled.jpg 1776w, https:\/\/fusteriacano.com\/wp-content\/uploads\/Fusteria-Cano_7-208x300.jpg 208w, https:\/\/fusteriacano.com\/wp-content\/uploads\/Fusteria-Cano_7-710x1024.jpg 710w, https:\/\/fusteriacano.com\/wp-content\/uploads\/Fusteria-Cano_7-768x1107.jpg 768w, https:\/\/fusteriacano.com\/wp-content\/uploads\/Fusteria-Cano_7-1066x1536.jpg 1066w, https:\/\/fusteriacano.com\/wp-content\/uploads\/Fusteria-Cano_7-1421x2048.jpg 1421w\" sizes=\"(max-width: 1776px) 100vw, 1776px\" \/>\t\t\t\t\t\t\t\t\t\t\t\t\t\t\t<\/div>\n\t\t\t\t\t<\/div>\n\t\t<\/div>\n\t\t\t\t\t<\/div>\n\t\t<\/section>\n\t\t\t\t<section class=\"elementor-section elementor-top-section elementor-element elementor-element-536bfb1 elementor-reverse-mobile elementor-section-boxed elementor-section-height-default elementor-section-height-default\" data-id=\"536bfb1\" data-element_type=\"section\" data-e-type=\"section\">\n\t\t\t\t\t\t<div class=\"elementor-container elementor-column-gap-default\">\n\t\t\t\t\t<div class=\"elementor-column elementor-col-50 elementor-top-column elementor-element elementor-element-7d5e823\" data-id=\"7d5e823\" data-element_type=\"column\" data-e-type=\"column\">\n\t\t\t<div class=\"elementor-widget-wrap elementor-element-populated\">\n\t\t\t\t\t\t<div class=\"elementor-element elementor-element-b6eee8d de_scroll_animation_no elementor-widget elementor-widget-image\" data-id=\"b6eee8d\" data-element_type=\"widget\" data-e-type=\"widget\" data-widget_type=\"image.default\">\n\t\t\t\t\t\t\t\t\t\t\t\t\t\t\t<img decoding=\"async\" width=\"1440\" height=\"1920\" src=\"https:\/\/fusteriacano.com\/wp-content\/uploads\/Fusteria-Cano2.jpg\" class=\"elementor-animation-grow attachment-full size-full wp-image-1044\" alt=\"\" srcset=\"https:\/\/fusteriacano.com\/wp-content\/uploads\/Fusteria-Cano2.jpg 1440w, https:\/\/fusteriacano.com\/wp-content\/uploads\/Fusteria-Cano2-225x300.jpg 225w, https:\/\/fusteriacano.com\/wp-content\/uploads\/Fusteria-Cano2-768x1024.jpg 768w, https:\/\/fusteriacano.com\/wp-content\/uploads\/Fusteria-Cano2-1152x1536.jpg 1152w\" sizes=\"(max-width: 1440px) 100vw, 1440px\" \/>\t\t\t\t\t\t\t\t\t\t\t\t\t\t\t<\/div>\n\t\t\t\t\t<\/div>\n\t\t<\/div>\n\t\t\t\t<div class=\"elementor-column elementor-col-50 elementor-top-column elementor-element elementor-element-b7ae70f\" data-id=\"b7ae70f\" data-element_type=\"column\" data-e-type=\"column\">\n\t\t\t<div class=\"elementor-widget-wrap elementor-element-populated\">\n\t\t\t\t\t\t<div class=\"elementor-element elementor-element-391ef67 de_scroll_animation_no elementor-invisible elementor-widget elementor-widget-heading\" data-id=\"391ef67\" data-element_type=\"widget\" data-e-type=\"widget\" data-settings=\"{&quot;_animation&quot;:&quot;fadeInLeft&quot;}\" data-widget_type=\"heading.default\">\n\t\t\t\t\t<h2 class=\"elementor-heading-title elementor-size-default\">Notre m\u00e9thode de travail<\/h2>\t\t\t\t<\/div>\n\t\t\t\t<div class=\"elementor-element elementor-element-f51d79e de_scroll_animation_no elementor-invisible elementor-widget elementor-widget-text-editor\" data-id=\"f51d79e\" data-element_type=\"widget\" data-e-type=\"widget\" data-settings=\"{&quot;_animation&quot;:&quot;fadeInUp&quot;}\" data-widget_type=\"text-editor.default\">\n\t\t\t\t\t\t\t\t\t<p data-start=\"107\" data-end=\"312\">Nous d\u00e9butons chaque projet par une <strong data-start=\"143\" data-end=\"162\">visite initiale<\/strong> afin de comprendre les souhaits et les besoins du client, et de d\u00e9finir une <strong data-start=\"239\" data-end=\"268\">proposition personnalis\u00e9e<\/strong> incluant les mat\u00e9riaux et tous les d\u00e9tails.<\/p><p data-start=\"314\" data-end=\"667\">Nous travaillons avec des <strong data-start=\"340\" data-end=\"364\">mat\u00e9riaux de qualit\u00e9<\/strong> (<em data-start=\"366\" data-end=\"402\">bois nobles, placages et m\u00e9lamin\u00e9s<\/em>), soigneusement s\u00e9lectionn\u00e9s pour garantir <strong data-start=\"446\" data-end=\"460\">durabilit\u00e9<\/strong> et <strong data-start=\"464\" data-end=\"486\">finitions soign\u00e9es<\/strong>. La fabrication est enti\u00e8rement r\u00e9alis\u00e9e dans notre atelier, \u00e0 l\u2019aide de <strong data-start=\"560\" data-end=\"585\">machines sp\u00e9cialis\u00e9es<\/strong> et de la technologie <strong data-start=\"607\" data-end=\"618\">CAO\/FAO<\/strong>, afin d\u2019assurer <strong data-start=\"635\" data-end=\"648\">pr\u00e9cision<\/strong> et <strong data-start=\"652\" data-end=\"666\">efficacit\u00e9<\/strong>.<\/p><p data-start=\"669\" data-end=\"836\">La phase finale consiste en l\u2019<strong data-start=\"699\" data-end=\"735\">assemblage sur le site du client<\/strong>, avec un <strong data-start=\"745\" data-end=\"775\">contr\u00f4le qualit\u00e9 rigoureux<\/strong>, pour garantir que chaque d\u00e9tail respecte <strong data-start=\"818\" data-end=\"835\">nos standards<\/strong>.<\/p><p data-start=\"838\" data-end=\"940\">L\u2019objectif ultime est de <strong data-start=\"863\" data-end=\"902\">concevoir et cr\u00e9er un espace unique<\/strong>, parfaitement adapt\u00e9 \u00e0 chaque projet.<\/p>\t\t\t\t\t\t\t\t<\/div>\n\t\t\t\t<div class=\"elementor-element elementor-element-0366d29 elementor-align-left elementor-mobile-align-center de_scroll_animation_no elementor-widget elementor-widget-button\" data-id=\"0366d29\" data-element_type=\"widget\" data-e-type=\"widget\" data-widget_type=\"button.default\">\n\t\t\t\t\t\t\t\t\t\t<a class=\"elementor-button elementor-button-link elementor-size-sm elementor-animation-grow\" href=\"https:\/\/fusteriacano.com\/fr\/contact\/\">\n\t\t\t\t\t\t<span class=\"elementor-button-content-wrapper\">\n\t\t\t\t\t\t<span class=\"elementor-button-icon\">\n\t\t\t\t<i aria-hidden=\"true\" class=\"icon icon-arrow-right\"><\/i>\t\t\t<\/span>\n\t\t\t\t\t\t\t\t\t<span class=\"elementor-button-text\">Contactez-nous  <\/span>\n\t\t\t\t\t<\/span>\n\t\t\t\t\t<\/a>\n\t\t\t\t\t\t\t\t<\/div>\n\t\t\t\t\t<\/div>\n\t\t<\/div>\n\t\t\t\t\t<\/div>\n\t\t<\/section>\n\t\t\t\t<section class=\"elementor-section elementor-top-section elementor-element elementor-element-604f1b6 elementor-section-content-middle elementor-section-boxed elementor-section-height-default elementor-section-height-default\" data-id=\"604f1b6\" data-element_type=\"section\" data-e-type=\"section\" data-settings=\"{&quot;background_background&quot;:&quot;classic&quot;}\">\n\t\t\t\t\t\t<div class=\"elementor-container elementor-column-gap-default\">\n\t\t\t\t\t<div class=\"elementor-column elementor-col-33 elementor-top-column elementor-element elementor-element-59060c2\" data-id=\"59060c2\" data-element_type=\"column\" data-e-type=\"column\">\n\t\t\t<div class=\"elementor-widget-wrap elementor-element-populated\">\n\t\t\t\t\t\t<div class=\"elementor-element elementor-element-c5ad37e de_scroll_animation_no elementor-invisible elementor-widget elementor-widget-heading\" data-id=\"c5ad37e\" data-element_type=\"widget\" data-e-type=\"widget\" data-settings=\"{&quot;_animation&quot;:&quot;fadeInLeft&quot;}\" data-widget_type=\"heading.default\">\n\t\t\t\t\t<h3 class=\"elementor-heading-title elementor-size-default\">Parlons de votre projet.<\/h3>\t\t\t\t<\/div>\n\t\t\t\t\t<\/div>\n\t\t<\/div>\n\t\t\t\t<div class=\"elementor-column elementor-col-33 elementor-top-column elementor-element elementor-element-7108b00\" data-id=\"7108b00\" data-element_type=\"column\" data-e-type=\"column\">\n\t\t\t<div class=\"elementor-widget-wrap elementor-element-populated\">\n\t\t\t\t\t\t<div class=\"elementor-element elementor-element-0f0e40f de_scroll_animation_no elementor-invisible elementor-widget elementor-widget-text-editor\" data-id=\"0f0e40f\" data-element_type=\"widget\" data-e-type=\"widget\" data-settings=\"{&quot;_animation&quot;:&quot;fadeInUp&quot;}\" data-widget_type=\"text-editor.default\">\n\t\t\t\t\t\t\t\t\t<p>Si vous avez une id\u00e9e ou un projet en t\u00eate, nous travaillerons avec vous pour le transformer en un espace unique, con\u00e7u pour vous.<\/p>\t\t\t\t\t\t\t\t<\/div>\n\t\t\t\t\t<\/div>\n\t\t<\/div>\n\t\t\t\t<div class=\"elementor-column elementor-col-33 elementor-top-column elementor-element elementor-element-901383e\" data-id=\"901383e\" data-element_type=\"column\" data-e-type=\"column\">\n\t\t\t<div class=\"elementor-widget-wrap elementor-element-populated\">\n\t\t\t\t\t\t<div class=\"elementor-element elementor-element-ef3c96e elementor-align-center de_scroll_animation_no elementor-widget elementor-widget-button\" data-id=\"ef3c96e\" data-element_type=\"widget\" data-e-type=\"widget\" data-widget_type=\"button.default\">\n\t\t\t\t\t\t\t\t\t\t<a class=\"elementor-button elementor-button-link elementor-size-sm elementor-animation-grow\" href=\"https:\/\/fusteriacano.com\/fr\/contact\/\">\n\t\t\t\t\t\t<span class=\"elementor-button-content-wrapper\">\n\t\t\t\t\t\t<span class=\"elementor-button-icon\">\n\t\t\t\t<i aria-hidden=\"true\" class=\"icon icon-right-arrow\"><\/i>\t\t\t<\/span>\n\t\t\t\t\t\t\t\t\t<span class=\"elementor-button-text\">Contactez-nous<\/span>\n\t\t\t\t\t<\/span>\n\t\t\t\t\t<\/a>\n\t\t\t\t\t\t\t\t<\/div>\n\t\t\t\t\t<\/div>\n\t\t<\/div>\n\t\t\t\t\t<\/div>\n\t\t<\/section>\n\t\t\t\t<\/div>\n\t\t","protected":false},"excerpt":{"rendered":"<p>Comment concr\u00e9tiser nos projets ? Nous travaillons le bois avec passion et pr\u00e9cision, afin que chaque projet et chaque \u00e9l\u00e9ment refl\u00e8tent le caract\u00e8re unique et l&rsquo;essence du design du client. Travail d&rsquo;\u00e9quipe, savoir-faire et innovation Chaque projet allie savoir-faire, exp\u00e9rience et \u00e9troite collaboration entre tous les membres de notre \u00e9quipe : concepteurs, charpentiers, techniciens et [&hellip;]<\/p>\n","protected":false},"author":3,"featured_media":0,"parent":0,"menu_order":0,"comment_status":"closed","ping_status":"closed","template":"","meta":{"footnotes":""},"class_list":["post-1033","page","type-page","status-publish","hentry"],"_links":{"self":[{"href":"https:\/\/fusteriacano.com\/fr\/wp-json\/wp\/v2\/pages\/1033","targetHints":{"allow":["GET"]}}],"collection":[{"href":"https:\/\/fusteriacano.com\/fr\/wp-json\/wp\/v2\/pages"}],"about":[{"href":"https:\/\/fusteriacano.com\/fr\/wp-json\/wp\/v2\/types\/page"}],"author":[{"embeddable":true,"href":"https:\/\/fusteriacano.com\/fr\/wp-json\/wp\/v2\/users\/3"}],"replies":[{"embeddable":true,"href":"https:\/\/fusteriacano.com\/fr\/wp-json\/wp\/v2\/comments?post=1033"}],"version-history":[{"count":8,"href":"https:\/\/fusteriacano.com\/fr\/wp-json\/wp\/v2\/pages\/1033\/revisions"}],"predecessor-version":[{"id":1409,"href":"https:\/\/fusteriacano.com\/fr\/wp-json\/wp\/v2\/pages\/1033\/revisions\/1409"}],"wp:attachment":[{"href":"https:\/\/fusteriacano.com\/fr\/wp-json\/wp\/v2\/media?parent=1033"}],"curies":[{"name":"wp","href":"https:\/\/api.w.org\/{rel}","templated":true}]}}