{"id":1057,"date":"2026-01-27T16:15:02","date_gmt":"2026-01-27T14:15:02","guid":{"rendered":"https:\/\/fusteriacano.com\/projets\/"},"modified":"2026-03-17T18:29:28","modified_gmt":"2026-03-17T16:29:28","slug":"projets","status":"publish","type":"page","link":"https:\/\/fusteriacano.com\/fr\/projets\/","title":{"rendered":"Projets"},"content":{"rendered":"\t\t<div data-elementor-type=\"wp-page\" data-elementor-id=\"1057\" class=\"elementor elementor-1057 elementor-286\" data-elementor-post-type=\"page\">\n\t\t\t\t\t\t<section class=\"elementor-section elementor-top-section elementor-element elementor-element-8aaec87 elementor-section-boxed elementor-section-height-default elementor-section-height-default elementor-invisible\" data-id=\"8aaec87\" data-element_type=\"section\" data-e-type=\"section\" data-settings=\"{&quot;background_background&quot;:&quot;classic&quot;,&quot;animation&quot;:&quot;fadeIn&quot;}\">\n\t\t\t\t\t\t\t<div class=\"elementor-background-overlay\"><\/div>\n\t\t\t\t\t\t\t<div class=\"elementor-container elementor-column-gap-default\">\n\t\t\t\t\t<div class=\"elementor-column elementor-col-100 elementor-top-column elementor-element elementor-element-fff0df1\" data-id=\"fff0df1\" data-element_type=\"column\" data-e-type=\"column\">\n\t\t\t<div class=\"elementor-widget-wrap elementor-element-populated\">\n\t\t\t\t<div class=\"elementor-element elementor-element-e45e9b4 e-flex e-con-boxed e-con e-child\" data-id=\"e45e9b4\" data-element_type=\"container\" data-e-type=\"container\">\n\t\t\t\t\t<div class=\"e-con-inner\">\n\t\t\t\t<div class=\"elementor-element elementor-element-0a81b9a de_scroll_animation_no elementor-widget elementor-widget-heading\" data-id=\"0a81b9a\" data-element_type=\"widget\" data-e-type=\"widget\" data-widget_type=\"heading.default\">\n\t\t\t\t\t<h1 class=\"elementor-heading-title elementor-size-default\">Des projets qui parlent pour nous<\/h1>\t\t\t\t<\/div>\n\t\t\t\t<div class=\"elementor-element elementor-element-41d231c de_scroll_animation_no elementor-widget elementor-widget-heading\" data-id=\"41d231c\" data-element_type=\"widget\" data-e-type=\"widget\" data-widget_type=\"heading.default\">\n\t\t\t\t\t<h2 class=\"elementor-heading-title elementor-size-default\">Chaque espace que nous transformons est unique. D\u00e9couvrez comment notre menuiserie sur mesure donne forme \u00e0 des id\u00e9es concr\u00e8tes, fonctionnelles et d\u00e9taill\u00e9es. <\/h2>\t\t\t\t<\/div>\n\t\t\t\t\t<\/div>\n\t\t\t\t<\/div>\n\t\t\t\t\t<\/div>\n\t\t<\/div>\n\t\t\t\t\t<\/div>\n\t\t<\/section>\n\t\t\t\t<section class=\"elementor-section elementor-top-section elementor-element elementor-element-c3ade43 elementor-section-boxed elementor-section-height-default elementor-section-height-default\" data-id=\"c3ade43\" data-element_type=\"section\" data-e-type=\"section\" data-settings=\"{&quot;background_background&quot;:&quot;classic&quot;}\">\n\t\t\t\t\t\t<div class=\"elementor-container elementor-column-gap-default\">\n\t\t\t\t\t<div class=\"elementor-column elementor-col-100 elementor-top-column elementor-element elementor-element-4eef1384\" data-id=\"4eef1384\" data-element_type=\"column\" data-e-type=\"column\">\n\t\t\t<div class=\"elementor-widget-wrap elementor-element-populated\">\n\t\t\t\t\t\t<div class=\"elementor-element elementor-element-265d1f6b de_scroll_animation_no elementor-invisible elementor-widget elementor-widget-heading\" data-id=\"265d1f6b\" data-element_type=\"widget\" data-e-type=\"widget\" data-settings=\"{&quot;_animation&quot;:&quot;fadeInLeft&quot;}\" data-widget_type=\"heading.default\">\n\t\t\t\t\t<h2 class=\"elementor-heading-title elementor-size-default\">6 projets nomm\u00e9s<\/h2>\t\t\t\t<\/div>\n\t\t\t\t<section class=\"elementor-section elementor-inner-section elementor-element elementor-element-66d29269 elementor-section-boxed elementor-section-height-default elementor-section-height-default\" data-id=\"66d29269\" data-element_type=\"section\" data-e-type=\"section\">\n\t\t\t\t\t\t<div class=\"elementor-container elementor-column-gap-default\">\n\t\t\t\t\t<div class=\"elementor-column elementor-col-50 elementor-inner-column elementor-element elementor-element-4d1f51f9\" data-id=\"4d1f51f9\" data-element_type=\"column\" data-e-type=\"column\">\n\t\t\t<div class=\"elementor-widget-wrap elementor-element-populated\">\n\t\t\t\t\t\t<div class=\"elementor-element elementor-element-55384a8f ekit-equal-height-enable de_scroll_animation_no elementor-invisible elementor-widget elementor-widget-elementskit-image-box\" data-id=\"55384a8f\" data-element_type=\"widget\" data-e-type=\"widget\" data-settings=\"{&quot;_animation&quot;:&quot;fadeIn&quot;}\" data-widget_type=\"elementskit-image-box.default\">\n\t\t\t\t\t<div class=\"ekit-wid-con\" >\n            <div class=\"elementskit-info-image-box ekit-image-box text-center simple-card\" >\n\n                <a href=\"https:\/\/fusteriacano.com\/fr\/maison-aae\/\">\n                <div class=\"elementskit-box-header image-box-img-center\">\n\n                    <img decoding=\"async\" src=\"https:\/\/fusteriacano.com\/wp-content\/uploads\/elementor\/thumbs\/CASA-AAE_3-rknadhkqpz37tjtodokxpan5r54qc5iosnbecnepcw.jpg\" title=\"CASA AAE_3\" alt=\"CASA AAE_3\" loading=\"lazy\" \/>\n                <\/div>\n                <\/a>\n                <div class=\"elementskit-box-body ekit-image-box-body\">\n                    <div class=\"elementskit-box-content ekit-image-box-body-inner\">\n                                                <h5 class=\"elementskit-info-box-title\">\n\n                        Maison AAE\n                        \n                    <\/h5>\n                                                        <\/div>\n\n                                <div class=\"elementskit-box-footer\">\n                    <div class=\"box-footer\">\n                        <div class=\"btn-wraper\">\n                                                            <a href=\"https:\/\/fusteriacano.com\/fr\/maison-aae\/\" class=\"elementskit-btn whitespace--normal\">\n                                    Voir le projet  \n                                    <i aria-hidden=\"true\" class=\"icon icon-right-arrow\"><\/i>\n                                <\/a>\n                                                        <\/div>\n                    <\/div>\n                <\/div>\n                            <\/div>\n            <\/div>\n    <\/div>\t\t\t\t<\/div>\n\t\t\t\t\t<\/div>\n\t\t<\/div>\n\t\t\t\t<div class=\"elementor-column elementor-col-50 elementor-inner-column elementor-element elementor-element-42fdbca6\" data-id=\"42fdbca6\" data-element_type=\"column\" data-e-type=\"column\">\n\t\t\t<div class=\"elementor-widget-wrap elementor-element-populated\">\n\t\t\t\t\t\t<div class=\"elementor-element elementor-element-8f84bbb ekit-equal-height-enable de_scroll_animation_no elementor-invisible elementor-widget elementor-widget-elementskit-image-box\" data-id=\"8f84bbb\" data-element_type=\"widget\" data-e-type=\"widget\" data-settings=\"{&quot;_animation&quot;:&quot;fadeIn&quot;}\" data-widget_type=\"elementskit-image-box.default\">\n\t\t\t\t\t<div class=\"ekit-wid-con\" >\n            <div class=\"elementskit-info-image-box ekit-image-box text-center simple-card\" >\n\n                <a href=\"https:\/\/fusteriacano.com\/fr\/maison-bbe\/\">\n                <div class=\"elementskit-box-header image-box-img-center\">\n\n                    <img fetchpriority=\"high\" decoding=\"async\" width=\"1600\" height=\"1200\" src=\"https:\/\/fusteriacano.com\/wp-content\/uploads\/CASA-BBE_1.jpg\" class=\"attachment-full size-full wp-image-606\" alt=\"\" srcset=\"https:\/\/fusteriacano.com\/wp-content\/uploads\/CASA-BBE_1.jpg 1600w, https:\/\/fusteriacano.com\/wp-content\/uploads\/CASA-BBE_1-300x225.jpg 300w, https:\/\/fusteriacano.com\/wp-content\/uploads\/CASA-BBE_1-1024x768.jpg 1024w, https:\/\/fusteriacano.com\/wp-content\/uploads\/CASA-BBE_1-768x576.jpg 768w, https:\/\/fusteriacano.com\/wp-content\/uploads\/CASA-BBE_1-1536x1152.jpg 1536w\" sizes=\"(max-width: 1600px) 100vw, 1600px\" \/>\n                <\/div>\n                <\/a>\n                <div class=\"elementskit-box-body ekit-image-box-body\">\n                    <div class=\"elementskit-box-content ekit-image-box-body-inner\">\n                                                <h5 class=\"elementskit-info-box-title\">\n\n                        MAISON BBE\n                        \n                    <\/h5>\n                                                        <\/div>\n\n                                <div class=\"elementskit-box-footer\">\n                    <div class=\"box-footer\">\n                        <div class=\"btn-wraper\">\n                                                            <a href=\"https:\/\/fusteriacano.com\/fr\/maison-bbe\/\" class=\"elementskit-btn whitespace--normal\">\n                                    Voir le projet  \n                                    <i aria-hidden=\"true\" class=\"icon icon-right-arrow\"><\/i>\n                                <\/a>\n                                                        <\/div>\n                    <\/div>\n                <\/div>\n                            <\/div>\n            <\/div>\n    <\/div>\t\t\t\t<\/div>\n\t\t\t\t\t<\/div>\n\t\t<\/div>\n\t\t\t\t\t<\/div>\n\t\t<\/section>\n\t\t\t\t<section class=\"elementor-section elementor-inner-section elementor-element elementor-element-a1f781c elementor-section-boxed elementor-section-height-default elementor-section-height-default\" data-id=\"a1f781c\" data-element_type=\"section\" data-e-type=\"section\">\n\t\t\t\t\t\t<div class=\"elementor-container elementor-column-gap-default\">\n\t\t\t\t\t<div class=\"elementor-column elementor-col-50 elementor-inner-column elementor-element elementor-element-ed42124\" data-id=\"ed42124\" data-element_type=\"column\" data-e-type=\"column\">\n\t\t\t<div class=\"elementor-widget-wrap elementor-element-populated\">\n\t\t\t\t\t\t<div class=\"elementor-element elementor-element-3d2933d ekit-equal-height-enable de_scroll_animation_no elementor-invisible elementor-widget elementor-widget-elementskit-image-box\" data-id=\"3d2933d\" data-element_type=\"widget\" data-e-type=\"widget\" data-settings=\"{&quot;_animation&quot;:&quot;fadeIn&quot;}\" data-widget_type=\"elementskit-image-box.default\">\n\t\t\t\t\t<div class=\"ekit-wid-con\" >\n            <div class=\"elementskit-info-image-box ekit-image-box text-center simple-card\" >\n\n                <a href=\"https:\/\/fusteriacano.com\/fr\/chutes-de-la-maison\/\">\n                <div class=\"elementskit-box-header image-box-img-center\">\n\n                    <img decoding=\"async\" width=\"1600\" height=\"1200\" src=\"https:\/\/fusteriacano.com\/wp-content\/uploads\/CASA-CAE_3.jpg\" class=\"attachment-full size-full wp-image-626\" alt=\"\" srcset=\"https:\/\/fusteriacano.com\/wp-content\/uploads\/CASA-CAE_3.jpg 1600w, https:\/\/fusteriacano.com\/wp-content\/uploads\/CASA-CAE_3-300x225.jpg 300w, https:\/\/fusteriacano.com\/wp-content\/uploads\/CASA-CAE_3-1024x768.jpg 1024w, https:\/\/fusteriacano.com\/wp-content\/uploads\/CASA-CAE_3-768x576.jpg 768w, https:\/\/fusteriacano.com\/wp-content\/uploads\/CASA-CAE_3-1536x1152.jpg 1536w\" sizes=\"(max-width: 1600px) 100vw, 1600px\" \/>\n                <\/div>\n                <\/a>\n                <div class=\"elementskit-box-body ekit-image-box-body\">\n                    <div class=\"elementskit-box-content ekit-image-box-body-inner\">\n                                                <h5 class=\"elementskit-info-box-title\">\n\n                        CHUTES DE LA MAISON\n                        \n                    <\/h5>\n                                                        <\/div>\n\n                                <div class=\"elementskit-box-footer\">\n                    <div class=\"box-footer\">\n                        <div class=\"btn-wraper\">\n                                                            <a href=\"https:\/\/fusteriacano.com\/fr\/chutes-de-la-maison\/\" class=\"elementskit-btn whitespace--normal\">\n                                    Voir le projet  \n                                    <i aria-hidden=\"true\" class=\"icon icon-right-arrow\"><\/i>\n                                <\/a>\n                                                        <\/div>\n                    <\/div>\n                <\/div>\n                            <\/div>\n            <\/div>\n    <\/div>\t\t\t\t<\/div>\n\t\t\t\t\t<\/div>\n\t\t<\/div>\n\t\t\t\t<div class=\"elementor-column elementor-col-50 elementor-inner-column elementor-element elementor-element-8f086e7\" data-id=\"8f086e7\" data-element_type=\"column\" data-e-type=\"column\">\n\t\t\t<div class=\"elementor-widget-wrap elementor-element-populated\">\n\t\t\t\t\t\t<div class=\"elementor-element elementor-element-0e175f7 ekit-equal-height-enable de_scroll_animation_no elementor-invisible elementor-widget elementor-widget-elementskit-image-box\" data-id=\"0e175f7\" data-element_type=\"widget\" data-e-type=\"widget\" data-settings=\"{&quot;_animation&quot;:&quot;fadeIn&quot;}\" data-widget_type=\"elementskit-image-box.default\">\n\t\t\t\t\t<div class=\"ekit-wid-con\" >\n            <div class=\"elementskit-info-image-box ekit-image-box text-center simple-card\" >\n\n                <a href=\"https:\/\/fusteriacano.com\/fr\/accueil-gbe\/\">\n                <div class=\"elementskit-box-header image-box-img-center\">\n\n                    <img decoding=\"async\" src=\"https:\/\/fusteriacano.com\/wp-content\/uploads\/elementor\/thumbs\/CASA-GBE_1-rknadiikwt4i55sb86zk9semcj03jumf4ryvtxdb6o.jpg\" title=\"CASA GBE_1\" alt=\"CASA GBE_1\" loading=\"lazy\" \/>\n                <\/div>\n                <\/a>\n                <div class=\"elementskit-box-body ekit-image-box-body\">\n                    <div class=\"elementskit-box-content ekit-image-box-body-inner\">\n                                                <h5 class=\"elementskit-info-box-title\">\n\n                        ACCUEIL GBE\n                        \n                    <\/h5>\n                                                        <\/div>\n\n                                <div class=\"elementskit-box-footer\">\n                    <div class=\"box-footer\">\n                        <div class=\"btn-wraper\">\n                                                            <a href=\"https:\/\/fusteriacano.com\/fr\/accueil-gbe\/\" class=\"elementskit-btn whitespace--normal\">\n                                    Voir le projet  \n                                    <i aria-hidden=\"true\" class=\"icon icon-right-arrow\"><\/i>\n                                <\/a>\n                                                        <\/div>\n                    <\/div>\n                <\/div>\n                            <\/div>\n            <\/div>\n    <\/div>\t\t\t\t<\/div>\n\t\t\t\t\t<\/div>\n\t\t<\/div>\n\t\t\t\t\t<\/div>\n\t\t<\/section>\n\t\t\t\t<section class=\"elementor-section elementor-inner-section elementor-element elementor-element-d8d3eb7 elementor-section-boxed elementor-section-height-default elementor-section-height-default\" data-id=\"d8d3eb7\" data-element_type=\"section\" data-e-type=\"section\">\n\t\t\t\t\t\t<div class=\"elementor-container elementor-column-gap-default\">\n\t\t\t\t\t<div class=\"elementor-column elementor-col-50 elementor-inner-column elementor-element elementor-element-a81f3df\" data-id=\"a81f3df\" data-element_type=\"column\" data-e-type=\"column\">\n\t\t\t<div class=\"elementor-widget-wrap elementor-element-populated\">\n\t\t\t\t\t\t<div class=\"elementor-element elementor-element-d20cd3f ekit-equal-height-enable de_scroll_animation_no elementor-invisible elementor-widget elementor-widget-elementskit-image-box\" data-id=\"d20cd3f\" data-element_type=\"widget\" data-e-type=\"widget\" data-settings=\"{&quot;_animation&quot;:&quot;fadeIn&quot;}\" data-widget_type=\"elementskit-image-box.default\">\n\t\t\t\t\t<div class=\"ekit-wid-con\" >\n            <div class=\"elementskit-info-image-box ekit-image-box text-center simple-card\" >\n\n                <a href=\"https:\/\/fusteriacano.com\/fr\/pds-house\/\">\n                <div class=\"elementskit-box-header image-box-img-center\">\n\n                    <img decoding=\"async\" width=\"1920\" height=\"1440\" src=\"https:\/\/fusteriacano.com\/wp-content\/uploads\/CASA-PDS_1-1.jpg\" class=\"attachment-full size-full wp-image-649\" alt=\"\" srcset=\"https:\/\/fusteriacano.com\/wp-content\/uploads\/CASA-PDS_1-1.jpg 1920w, https:\/\/fusteriacano.com\/wp-content\/uploads\/CASA-PDS_1-1-300x225.jpg 300w, https:\/\/fusteriacano.com\/wp-content\/uploads\/CASA-PDS_1-1-1024x768.jpg 1024w, https:\/\/fusteriacano.com\/wp-content\/uploads\/CASA-PDS_1-1-768x576.jpg 768w, https:\/\/fusteriacano.com\/wp-content\/uploads\/CASA-PDS_1-1-1536x1152.jpg 1536w\" sizes=\"(max-width: 1920px) 100vw, 1920px\" \/>\n                <\/div>\n                <\/a>\n                <div class=\"elementskit-box-body ekit-image-box-body\">\n                    <div class=\"elementskit-box-content ekit-image-box-body-inner\">\n                                                <h5 class=\"elementskit-info-box-title\">\n\n                        PDS HOUSE\n                        \n                    <\/h5>\n                                                        <\/div>\n\n                                <div class=\"elementskit-box-footer\">\n                    <div class=\"box-footer\">\n                        <div class=\"btn-wraper\">\n                                                            <a href=\"https:\/\/fusteriacano.com\/fr\/pds-house\/\" class=\"elementskit-btn whitespace--normal\">\n                                    Voir le projet  \n                                    <i aria-hidden=\"true\" class=\"icon icon-right-arrow\"><\/i>\n                                <\/a>\n                                                        <\/div>\n                    <\/div>\n                <\/div>\n                            <\/div>\n            <\/div>\n    <\/div>\t\t\t\t<\/div>\n\t\t\t\t\t<\/div>\n\t\t<\/div>\n\t\t\t\t<div class=\"elementor-column elementor-col-50 elementor-inner-column elementor-element elementor-element-17da6c5\" data-id=\"17da6c5\" data-element_type=\"column\" data-e-type=\"column\">\n\t\t\t<div class=\"elementor-widget-wrap elementor-element-populated\">\n\t\t\t\t\t\t<div class=\"elementor-element elementor-element-c3e4850 ekit-equal-height-enable de_scroll_animation_no elementor-invisible elementor-widget elementor-widget-elementskit-image-box\" data-id=\"c3e4850\" data-element_type=\"widget\" data-e-type=\"widget\" data-settings=\"{&quot;_animation&quot;:&quot;fadeIn&quot;}\" data-widget_type=\"elementskit-image-box.default\">\n\t\t\t\t\t<div class=\"ekit-wid-con\" >\n            <div class=\"elementskit-info-image-box ekit-image-box text-center simple-card\" >\n\n                <a href=\"https:\/\/fusteriacano.com\/fr\/auberge\/\">\n                <div class=\"elementskit-box-header image-box-img-center\">\n\n                    <img loading=\"lazy\" decoding=\"async\" width=\"1600\" height=\"1200\" src=\"https:\/\/fusteriacano.com\/wp-content\/uploads\/HOSTAL_1a.jpg\" class=\"attachment-full size-full wp-image-662\" alt=\"\" srcset=\"https:\/\/fusteriacano.com\/wp-content\/uploads\/HOSTAL_1a.jpg 1600w, https:\/\/fusteriacano.com\/wp-content\/uploads\/HOSTAL_1a-300x225.jpg 300w, https:\/\/fusteriacano.com\/wp-content\/uploads\/HOSTAL_1a-1024x768.jpg 1024w, https:\/\/fusteriacano.com\/wp-content\/uploads\/HOSTAL_1a-768x576.jpg 768w, https:\/\/fusteriacano.com\/wp-content\/uploads\/HOSTAL_1a-1536x1152.jpg 1536w\" sizes=\"(max-width: 1600px) 100vw, 1600px\" \/>\n                <\/div>\n                <\/a>\n                <div class=\"elementskit-box-body ekit-image-box-body\">\n                    <div class=\"elementskit-box-content ekit-image-box-body-inner\">\n                                                <h5 class=\"elementskit-info-box-title\">\n\n                        Auberges de jeunesse\n                        \n                    <\/h5>\n                                                        <\/div>\n\n                                <div class=\"elementskit-box-footer\">\n                    <div class=\"box-footer\">\n                        <div class=\"btn-wraper\">\n                                                            <a href=\"https:\/\/fusteriacano.com\/fr\/auberge\/\" class=\"elementskit-btn whitespace--normal\">\n                                    Voir le projet  \n                                    <i aria-hidden=\"true\" class=\"icon icon-right-arrow\"><\/i>\n                                <\/a>\n                                                        <\/div>\n                    <\/div>\n                <\/div>\n                            <\/div>\n            <\/div>\n    <\/div>\t\t\t\t<\/div>\n\t\t\t\t\t<\/div>\n\t\t<\/div>\n\t\t\t\t\t<\/div>\n\t\t<\/section>\n\t\t\t\t\t<\/div>\n\t\t<\/div>\n\t\t\t\t\t<\/div>\n\t\t<\/section>\n\t\t<div class=\"elementor-element elementor-element-ae627b8 e-flex e-con-boxed e-con e-parent\" data-id=\"ae627b8\" data-element_type=\"container\" data-e-type=\"container\" data-settings=\"{&quot;background_background&quot;:&quot;classic&quot;}\">\n\t\t\t\t\t<div class=\"e-con-inner\">\n\t\t\t\t<div class=\"elementor-element elementor-element-2bdc8df elementor-align-center de_scroll_animation_no elementor-widget elementor-widget-button\" data-id=\"2bdc8df\" data-element_type=\"widget\" data-e-type=\"widget\" data-widget_type=\"button.default\">\n\t\t\t\t\t\t\t\t\t\t<a class=\"elementor-button elementor-button-link elementor-size-sm elementor-animation-grow\" href=\"https:\/\/www.instagram.com\/fusteria_ebenisteria_cano\/\" rel=\"nofollow noopener\" target=\"_blank\">\n\t\t\t\t\t\t<span class=\"elementor-button-content-wrapper\">\n\t\t\t\t\t\t<span class=\"elementor-button-icon\">\n\t\t\t\t<i aria-hidden=\"true\" class=\"icon icon-arrow-right\"><\/i>\t\t\t<\/span>\n\t\t\t\t\t\t\t\t\t<span class=\"elementor-button-text\">Suivez-nous sur Instagram<\/span>\n\t\t\t\t\t<\/span>\n\t\t\t\t\t<\/a>\n\t\t\t\t\t\t\t\t<\/div>\n\t\t\t\t\t<\/div>\n\t\t\t\t<\/div>\n\t\t\t\t<\/div>\n\t\t","protected":false},"excerpt":{"rendered":"<p>Des projets qui parlent pour nous Chaque espace que nous transformons est unique. D\u00e9couvrez comment notre menuiserie sur mesure donne forme \u00e0 des id\u00e9es concr\u00e8tes, fonctionnelles et d\u00e9taill\u00e9es. 6 projets nomm\u00e9s Maison AAE Voir le projet MAISON BBE Voir le projet CHUTES DE LA MAISON Voir le projet ACCUEIL GBE Voir le projet PDS HOUSE [&hellip;]<\/p>\n","protected":false},"author":3,"featured_media":0,"parent":0,"menu_order":0,"comment_status":"closed","ping_status":"closed","template":"","meta":{"footnotes":""},"class_list":["post-1057","page","type-page","status-publish","hentry"],"_links":{"self":[{"href":"https:\/\/fusteriacano.com\/fr\/wp-json\/wp\/v2\/pages\/1057","targetHints":{"allow":["GET"]}}],"collection":[{"href":"https:\/\/fusteriacano.com\/fr\/wp-json\/wp\/v2\/pages"}],"about":[{"href":"https:\/\/fusteriacano.com\/fr\/wp-json\/wp\/v2\/types\/page"}],"author":[{"embeddable":true,"href":"https:\/\/fusteriacano.com\/fr\/wp-json\/wp\/v2\/users\/3"}],"replies":[{"embeddable":true,"href":"https:\/\/fusteriacano.com\/fr\/wp-json\/wp\/v2\/comments?post=1057"}],"version-history":[{"count":5,"href":"https:\/\/fusteriacano.com\/fr\/wp-json\/wp\/v2\/pages\/1057\/revisions"}],"predecessor-version":[{"id":1359,"href":"https:\/\/fusteriacano.com\/fr\/wp-json\/wp\/v2\/pages\/1057\/revisions\/1359"}],"wp:attachment":[{"href":"https:\/\/fusteriacano.com\/fr\/wp-json\/wp\/v2\/media?parent=1057"}],"curies":[{"name":"wp","href":"https:\/\/api.w.org\/{rel}","templated":true}]}}