{"id":1154,"date":"2025-10-17T15:38:29","date_gmt":"2025-10-17T13:38:29","guid":{"rendered":"https:\/\/fusteriacano.com\/menuiserie-cano\/"},"modified":"2026-03-17T18:39:47","modified_gmt":"2026-03-17T16:39:47","slug":"menuiserie-cano","status":"publish","type":"page","link":"https:\/\/fusteriacano.com\/fr\/","title":{"rendered":"Menuiserie Cano"},"content":{"rendered":"\t\t<div data-elementor-type=\"wp-page\" data-elementor-id=\"1154\" class=\"elementor elementor-1154 elementor-18\" data-elementor-post-type=\"page\">\n\t\t\t\t<div class=\"elementor-element elementor-element-810f8f9 e-flex e-con-boxed e-con e-parent\" data-id=\"810f8f9\" data-element_type=\"container\" data-e-type=\"container\" data-settings=\"{&quot;background_background&quot;:&quot;classic&quot;}\">\n\t\t\t\t\t<div class=\"e-con-inner\">\n\t\t<div class=\"elementor-element elementor-element-105c038 e-flex e-con-boxed e-con e-child\" data-id=\"105c038\" data-element_type=\"container\" data-e-type=\"container\">\n\t\t\t\t\t<div class=\"e-con-inner\">\n\t\t\t\t<div class=\"elementor-element elementor-element-b829cc0 de_scroll_animation_no elementor-widget elementor-widget-heading\" data-id=\"b829cc0\" data-element_type=\"widget\" data-e-type=\"widget\" data-widget_type=\"heading.default\">\n\t\t\t\t\t<h1 class=\"elementor-heading-title elementor-size-default\">Menuiserie sur mesure pour vous offrir des solutions compl\u00e8tes \u00e0 vos projets de design, d'architecture et d'am\u00e9nagement int\u00e9rieur.<\/h1>\t\t\t\t<\/div>\n\t\t\t\t<div class=\"elementor-element elementor-element-8108690 de_scroll_animation_no elementor-widget elementor-widget-heading\" data-id=\"8108690\" data-element_type=\"widget\" data-e-type=\"widget\" data-widget_type=\"heading.default\">\n\t\t\t\t\t<h2 class=\"elementor-heading-title elementor-size-default\">Nous transformons le bois en solutions sur mesure pour les maisons, les commerces et les espaces professionnels, en soignant chaque d\u00e9tail pour que les r\u00eaves de nos clients deviennent r\u00e9alit\u00e9.<\/h2>\t\t\t\t<\/div>\n\t\t\t\t\t<\/div>\n\t\t\t\t<\/div>\n\t\t\t\t\t<\/div>\n\t\t\t\t<\/div>\n\t\t<div class=\"elementor-element elementor-element-1efdc50 e-flex e-con-boxed e-con e-parent\" data-id=\"1efdc50\" data-element_type=\"container\" data-e-type=\"container\">\n\t\t\t\t\t<div class=\"e-con-inner\">\n\t\t<div class=\"elementor-element elementor-element-ed5b7bd e-con-full e-flex e-con e-child\" data-id=\"ed5b7bd\" data-element_type=\"container\" data-e-type=\"container\">\n\t\t\t\t<div class=\"elementor-element elementor-element-afb7ff1 de_scroll_animation_no elementor-invisible elementor-widget elementor-widget-heading\" data-id=\"afb7ff1\" data-element_type=\"widget\" data-e-type=\"widget\" data-settings=\"{&quot;_animation&quot;:&quot;fadeInLeft&quot;}\" data-widget_type=\"heading.default\">\n\t\t\t\t\t<h2 class=\"elementor-heading-title elementor-size-default\">Menuiserie sur mesure pour<br> projets uniques<\/h2>\t\t\t\t<\/div>\n\t\t\t\t<div class=\"elementor-element elementor-element-2b3ae8b de_scroll_animation_no elementor-invisible elementor-widget elementor-widget-heading\" data-id=\"2b3ae8b\" data-element_type=\"widget\" data-e-type=\"widget\" data-settings=\"{&quot;_animation&quot;:&quot;fadeInLeft&quot;}\" data-widget_type=\"heading.default\">\n\t\t\t\t\t<p class=\"elementor-heading-title elementor-size-default\">Chaque espace est unique. <br>Chaque pi\u00e8ce aussi.\n<\/p>\t\t\t\t<\/div>\n\t\t\t\t<div class=\"elementor-element elementor-element-c7d349e de_scroll_animation_no elementor-invisible elementor-widget elementor-widget-text-editor\" data-id=\"c7d349e\" data-element_type=\"widget\" data-e-type=\"widget\" data-settings=\"{&quot;_animation&quot;:&quot;fadeInUp&quot;}\" data-widget_type=\"text-editor.default\">\n\t\t\t\t\t\t\t\t\t<p>Chez <strong>Fusteria Cano,<\/strong> chaque projet est aussi unique que le design qui l&rsquo;inspire. Depuis <strong>1988<\/strong> , nous travaillons le bois avec passion, en respectant sa noblesse et en alliant <strong>artisanat et art<\/strong> tout au long du processus : de l&rsquo; <strong>\u00e9tude et de la planification du projet<\/strong> au choix des mat\u00e9riaux, jusqu&rsquo;\u00e0 la <strong>fabrication et l&rsquo;installation<\/strong> dans votre espace.<\/p><p>Gr\u00e2ce \u00e0 <strong>notre propre atelier<\/strong> et \u00e0 nos ann\u00e9es d&rsquo;exp\u00e9rience, nous ma\u00eetrisons chaque d\u00e9tail pour garantir que chaque meuble et chaque \u00e9l\u00e9ment de menuiserie soit <strong>personnalis\u00e9, fonctionnel et durable<\/strong> , s&rsquo;adaptant ainsi \u00e0 chaque projet.<\/p>\t\t\t\t\t\t\t\t<\/div>\n\t\t\t\t<div class=\"elementor-element elementor-element-9476d2a elementor-align-left de_scroll_animation_no elementor-widget elementor-widget-button\" data-id=\"9476d2a\" data-element_type=\"widget\" data-e-type=\"widget\" data-widget_type=\"button.default\">\n\t\t\t\t\t\t\t\t\t\t<a class=\"elementor-button elementor-button-link elementor-size-sm elementor-animation-grow\" href=\"https:\/\/fusteriacano.com\/fr\/services\/\">\n\t\t\t\t\t\t<span class=\"elementor-button-content-wrapper\">\n\t\t\t\t\t\t<span class=\"elementor-button-icon\">\n\t\t\t\t<i aria-hidden=\"true\" class=\"icon icon-arrow-right\"><\/i>\t\t\t<\/span>\n\t\t\t\t\t\t\t\t\t<span class=\"elementor-button-text\">D\u00e9couvrez nos services<\/span>\n\t\t\t\t\t<\/span>\n\t\t\t\t\t<\/a>\n\t\t\t\t\t\t\t\t<\/div>\n\t\t\t\t<\/div>\n\t\t<div class=\"elementor-element elementor-element-9c19ce5 e-con-full e-flex e-con e-child\" data-id=\"9c19ce5\" data-element_type=\"container\" data-e-type=\"container\">\n\t\t\t\t<div class=\"elementor-element elementor-element-b295c7b de_scroll_animation_no elementor-widget elementor-widget-image\" data-id=\"b295c7b\" data-element_type=\"widget\" data-e-type=\"widget\" data-widget_type=\"image.default\">\n\t\t\t\t\t\t\t\t\t\t\t\t\t\t\t<img fetchpriority=\"high\" decoding=\"async\" width=\"1440\" height=\"1920\" src=\"https:\/\/fusteriacano.com\/wp-content\/uploads\/Fusteria-Cano1.jpg\" class=\"elementor-animation-grow attachment-full size-full wp-image-1157\" alt=\"\" srcset=\"https:\/\/fusteriacano.com\/wp-content\/uploads\/Fusteria-Cano1.jpg 1440w, https:\/\/fusteriacano.com\/wp-content\/uploads\/Fusteria-Cano1-225x300.jpg 225w, https:\/\/fusteriacano.com\/wp-content\/uploads\/Fusteria-Cano1-768x1024.jpg 768w, https:\/\/fusteriacano.com\/wp-content\/uploads\/Fusteria-Cano1-1152x1536.jpg 1152w\" sizes=\"(max-width: 1440px) 100vw, 1440px\" \/>\t\t\t\t\t\t\t\t\t\t\t\t\t\t\t<\/div>\n\t\t\t\t<\/div>\n\t\t\t\t\t<\/div>\n\t\t\t\t<\/div>\n\t\t<div class=\"elementor-element elementor-element-c3fc7e0 e-flex e-con-boxed e-con e-parent\" data-id=\"c3fc7e0\" data-element_type=\"container\" data-e-type=\"container\" data-settings=\"{&quot;background_background&quot;:&quot;classic&quot;}\">\n\t\t\t\t\t<div class=\"e-con-inner\">\n\t\t<div class=\"elementor-element elementor-element-4c3dfe0 e-con-full e-flex e-con e-child\" data-id=\"4c3dfe0\" data-element_type=\"container\" data-e-type=\"container\">\n\t\t\t\t<div class=\"elementor-element elementor-element-6387f68 de_scroll_animation_no elementor-widget elementor-widget-image\" data-id=\"6387f68\" data-element_type=\"widget\" data-e-type=\"widget\" data-widget_type=\"image.default\">\n\t\t\t\t\t\t\t\t\t\t\t\t\t\t\t<img decoding=\"async\" width=\"1440\" height=\"1920\" src=\"https:\/\/fusteriacano.com\/wp-content\/uploads\/Fusteria-Cano6.jpg\" class=\"elementor-animation-grow attachment-full size-full wp-image-1162\" alt=\"\" srcset=\"https:\/\/fusteriacano.com\/wp-content\/uploads\/Fusteria-Cano6.jpg 1440w, https:\/\/fusteriacano.com\/wp-content\/uploads\/Fusteria-Cano6-225x300.jpg 225w, https:\/\/fusteriacano.com\/wp-content\/uploads\/Fusteria-Cano6-768x1024.jpg 768w, https:\/\/fusteriacano.com\/wp-content\/uploads\/Fusteria-Cano6-1152x1536.jpg 1152w\" sizes=\"(max-width: 1440px) 100vw, 1440px\" \/>\t\t\t\t\t\t\t\t\t\t\t\t\t\t\t<\/div>\n\t\t\t\t<\/div>\n\t\t<div class=\"elementor-element elementor-element-e00ec63 e-con-full e-flex e-con e-child\" data-id=\"e00ec63\" data-element_type=\"container\" data-e-type=\"container\">\n\t\t\t\t<div class=\"elementor-element elementor-element-5967c0f de_scroll_animation_no elementor-invisible elementor-widget elementor-widget-text-editor\" data-id=\"5967c0f\" data-element_type=\"widget\" data-e-type=\"widget\" data-settings=\"{&quot;_animation&quot;:&quot;fadeInUp&quot;}\" data-widget_type=\"text-editor.default\">\n\t\t\t\t\t\t\t\t\t<p>Chez Fusteria Cano, nous vous accompagnons \u00e0 <strong>chaque \u00e9tape de votre projet<\/strong> , de l&rsquo; <strong>\u00e9tude de conception initiale<\/strong> \u00e0 l&rsquo; <strong>installation finale<\/strong> . Nous travaillons en \u00e9troite collaboration avec <strong>les architectes, les d\u00e9corateurs d&rsquo;int\u00e9rieur et les entreprises de construction<\/strong> pour garantir que chaque id\u00e9e se transforme en r\u00e9alit\u00e9, conform\u00e9ment aux attentes du client.<\/p><p>Nous intervenons \u00e0 <strong>chaque \u00e9tape<\/strong> , en supervisant chaque d\u00e9tail pour garantir <strong>un d\u00e9veloppement agile et efficace<\/strong> . Nous proposons, le cas \u00e9ch\u00e9ant, <strong>des solutions pratiques et cr\u00e9atives<\/strong> \u00e0 toute circonstance impr\u00e9vue et assurons <strong>une communication claire et honn\u00eate<\/strong> lorsqu&rsquo;il est n\u00e9cessaire d&rsquo;ajuster une approche pour garantir le succ\u00e8s du projet.<\/p><p>Voici comment nous concr\u00e9tisons vos projets, avec <strong>pr\u00e9cision, flexibilit\u00e9 et rigueur.<\/strong><\/p>\t\t\t\t\t\t\t\t<\/div>\n\t\t\t\t<div class=\"elementor-element elementor-element-bbfb59f elementor-align-left elementor-mobile-align-center de_scroll_animation_no elementor-widget elementor-widget-button\" data-id=\"bbfb59f\" data-element_type=\"widget\" data-e-type=\"widget\" data-widget_type=\"button.default\">\n\t\t\t\t\t\t\t\t\t\t<a class=\"elementor-button elementor-button-link elementor-size-sm elementor-animation-grow\" href=\"https:\/\/fusteriacano.com\/fr\/notre-methode\/\">\n\t\t\t\t\t\t<span class=\"elementor-button-content-wrapper\">\n\t\t\t\t\t\t<span class=\"elementor-button-icon\">\n\t\t\t\t<i aria-hidden=\"true\" class=\"icon icon-arrow-right\"><\/i>\t\t\t<\/span>\n\t\t\t\t\t\t\t\t\t<span class=\"elementor-button-text\">D\u00c9COUVREZ NOTRE M\u00c9THODE<\/span>\n\t\t\t\t\t<\/span>\n\t\t\t\t\t<\/a>\n\t\t\t\t\t\t\t\t<\/div>\n\t\t\t\t<\/div>\n\t\t\t\t\t<\/div>\n\t\t\t\t<\/div>\n\t\t<div class=\"elementor-element elementor-element-b78e440 e-flex e-con-boxed e-con e-parent\" data-id=\"b78e440\" data-element_type=\"container\" data-e-type=\"container\">\n\t\t\t\t\t<div class=\"e-con-inner\">\n\t\t<div class=\"elementor-element elementor-element-e8d22d1 e-con-full e-flex e-con e-child\" data-id=\"e8d22d1\" data-element_type=\"container\" data-e-type=\"container\">\n\t\t\t\t<div class=\"elementor-element elementor-element-1144864 de_scroll_animation_no elementor-invisible elementor-widget elementor-widget-heading\" data-id=\"1144864\" data-element_type=\"widget\" data-e-type=\"widget\" data-settings=\"{&quot;_animation&quot;:&quot;fadeInLeft&quot;}\" data-widget_type=\"heading.default\">\n\t\t\t\t\t<h2 class=\"elementor-heading-title elementor-size-default\">Exp\u00e9rience, passion et innovation<br> depuis 1988<\/h2>\t\t\t\t<\/div>\n\t\t\t\t<div class=\"elementor-element elementor-element-4a2cce1 de_scroll_animation_no elementor-invisible elementor-widget elementor-widget-text-editor\" data-id=\"4a2cce1\" data-element_type=\"widget\" data-e-type=\"widget\" data-settings=\"{&quot;_animation&quot;:&quot;fadeInUp&quot;}\" data-widget_type=\"text-editor.default\">\n\t\t\t\t\t\t\t\t\t<p>Nous sommes une <strong>entreprise familiale<\/strong> n\u00e9e de l&rsquo;amour du bois. Depuis plus de <strong>35 ans,<\/strong> nous combinons <strong>exp\u00e9rience, cr\u00e9ativit\u00e9 et innovation<\/strong> pour transformer des id\u00e9es en <strong>projets uniques et sur mesure<\/strong> . Notre capacit\u00e9 d&rsquo;innovation est renforc\u00e9e par un <strong>atelier enti\u00e8rement \u00e9quip\u00e9<\/strong> de <strong>machines ultramodernes<\/strong> , ce qui nous permet d&rsquo;ex\u00e9cuter avec <strong>pr\u00e9cision jusque dans les moindres d\u00e9tails.<\/strong><\/p>\t\t\t\t\t\t\t\t<\/div>\n\t\t\t\t<div class=\"elementor-element elementor-element-9128f12 elementor-align-left de_scroll_animation_no elementor-widget elementor-widget-button\" data-id=\"9128f12\" data-element_type=\"widget\" data-e-type=\"widget\" data-widget_type=\"button.default\">\n\t\t\t\t\t\t\t\t\t\t<a class=\"elementor-button elementor-button-link elementor-size-sm elementor-animation-grow\" href=\"https:\/\/fusteriacano.com\/fr\/projets\/\">\n\t\t\t\t\t\t<span class=\"elementor-button-content-wrapper\">\n\t\t\t\t\t\t<span class=\"elementor-button-icon\">\n\t\t\t\t<i aria-hidden=\"true\" class=\"icon icon-arrow-right\"><\/i>\t\t\t<\/span>\n\t\t\t\t\t\t\t\t\t<span class=\"elementor-button-text\">LAISSEZ-VOUS INSPIRER PAR NOS PROJETS<\/span>\n\t\t\t\t\t<\/span>\n\t\t\t\t\t<\/a>\n\t\t\t\t\t\t\t\t<\/div>\n\t\t\t\t<\/div>\n\t\t<div class=\"elementor-element elementor-element-6665163 e-con-full e-flex e-con e-child\" data-id=\"6665163\" data-element_type=\"container\" data-e-type=\"container\">\n\t\t\t\t<div class=\"elementor-element elementor-element-f42d713 de_scroll_animation_no elementor-widget elementor-widget-image\" data-id=\"f42d713\" data-element_type=\"widget\" data-e-type=\"widget\" data-widget_type=\"image.default\">\n\t\t\t\t\t\t\t\t\t\t\t\t\t\t\t<img decoding=\"async\" width=\"1920\" height=\"1920\" src=\"https:\/\/fusteriacano.com\/wp-content\/uploads\/FOTO_CANVI_A.jpg\" class=\"elementor-animation-grow attachment-full size-full wp-image-1169\" alt=\"\" srcset=\"https:\/\/fusteriacano.com\/wp-content\/uploads\/FOTO_CANVI_A.jpg 1920w, https:\/\/fusteriacano.com\/wp-content\/uploads\/FOTO_CANVI_A-300x300.jpg 300w, https:\/\/fusteriacano.com\/wp-content\/uploads\/FOTO_CANVI_A-1024x1024.jpg 1024w, https:\/\/fusteriacano.com\/wp-content\/uploads\/FOTO_CANVI_A-150x150.jpg 150w, https:\/\/fusteriacano.com\/wp-content\/uploads\/FOTO_CANVI_A-768x768.jpg 768w, https:\/\/fusteriacano.com\/wp-content\/uploads\/FOTO_CANVI_A-1536x1536.jpg 1536w\" sizes=\"(max-width: 1920px) 100vw, 1920px\" \/>\t\t\t\t\t\t\t\t\t\t\t\t\t\t\t<\/div>\n\t\t\t\t<\/div>\n\t\t\t\t\t<\/div>\n\t\t\t\t<\/div>\n\t\t\t\t<section class=\"elementor-section elementor-top-section elementor-element elementor-element-7900de8 elementor-section-content-middle elementor-section-boxed elementor-section-height-default elementor-section-height-default\" data-id=\"7900de8\" data-element_type=\"section\" data-e-type=\"section\" data-settings=\"{&quot;background_background&quot;:&quot;classic&quot;}\">\n\t\t\t\t\t\t<div class=\"elementor-container elementor-column-gap-default\">\n\t\t\t\t\t<div class=\"elementor-column elementor-col-33 elementor-top-column elementor-element elementor-element-6922c22\" data-id=\"6922c22\" data-element_type=\"column\" data-e-type=\"column\">\n\t\t\t<div class=\"elementor-widget-wrap elementor-element-populated\">\n\t\t\t\t\t\t<div class=\"elementor-element elementor-element-704ff6f de_scroll_animation_no elementor-invisible elementor-widget elementor-widget-heading\" data-id=\"704ff6f\" data-element_type=\"widget\" data-e-type=\"widget\" data-settings=\"{&quot;_animation&quot;:&quot;fadeInLeft&quot;}\" data-widget_type=\"heading.default\">\n\t\t\t\t\t<h3 class=\"elementor-heading-title elementor-size-default\">Parlons de votre projet.<\/h3>\t\t\t\t<\/div>\n\t\t\t\t\t<\/div>\n\t\t<\/div>\n\t\t\t\t<div class=\"elementor-column elementor-col-33 elementor-top-column elementor-element elementor-element-b3efd16\" data-id=\"b3efd16\" data-element_type=\"column\" data-e-type=\"column\">\n\t\t\t<div class=\"elementor-widget-wrap elementor-element-populated\">\n\t\t\t\t\t\t<div class=\"elementor-element elementor-element-ba3fa42 de_scroll_animation_no elementor-invisible elementor-widget elementor-widget-text-editor\" data-id=\"ba3fa42\" data-element_type=\"widget\" data-e-type=\"widget\" data-settings=\"{&quot;_animation&quot;:&quot;fadeInUp&quot;}\" data-widget_type=\"text-editor.default\">\n\t\t\t\t\t\t\t\t\t<p>Si vous avez une id\u00e9e ou un projet en t\u00eate, nous travaillerons avec vous pour le transformer en un espace unique, con\u00e7u pour vous.<\/p>\t\t\t\t\t\t\t\t<\/div>\n\t\t\t\t\t<\/div>\n\t\t<\/div>\n\t\t\t\t<div class=\"elementor-column elementor-col-33 elementor-top-column elementor-element elementor-element-aad8529\" data-id=\"aad8529\" data-element_type=\"column\" data-e-type=\"column\">\n\t\t\t<div class=\"elementor-widget-wrap elementor-element-populated\">\n\t\t\t\t\t\t<div class=\"elementor-element elementor-element-3efc3ea elementor-align-center de_scroll_animation_no elementor-widget elementor-widget-button\" data-id=\"3efc3ea\" data-element_type=\"widget\" data-e-type=\"widget\" data-widget_type=\"button.default\">\n\t\t\t\t\t\t\t\t\t\t<a class=\"elementor-button elementor-button-link elementor-size-sm elementor-animation-grow\" href=\"https:\/\/fusteriacano.com\/fr\/contact\/\">\n\t\t\t\t\t\t<span class=\"elementor-button-content-wrapper\">\n\t\t\t\t\t\t<span class=\"elementor-button-icon\">\n\t\t\t\t<i aria-hidden=\"true\" class=\"icon icon-right-arrow\"><\/i>\t\t\t<\/span>\n\t\t\t\t\t\t\t\t\t<span class=\"elementor-button-text\">Contactez-nous<\/span>\n\t\t\t\t\t<\/span>\n\t\t\t\t\t<\/a>\n\t\t\t\t\t\t\t\t<\/div>\n\t\t\t\t\t<\/div>\n\t\t<\/div>\n\t\t\t\t\t<\/div>\n\t\t<\/section>\n\t\t\t\t<\/div>\n\t\t","protected":false},"excerpt":{"rendered":"<p>Menuiserie sur mesure pour vous offrir des solutions compl\u00e8tes \u00e0 vos projets de design, d&rsquo;architecture et d&rsquo;am\u00e9nagement int\u00e9rieur. Nous transformons le bois en solutions sur mesure pour les maisons, les commerces et les espaces professionnels, en soignant chaque d\u00e9tail pour que les r\u00eaves de nos clients deviennent r\u00e9alit\u00e9. Menuiserie sur mesure pour projets uniques Chaque [&hellip;]<\/p>\n","protected":false},"author":3,"featured_media":0,"parent":0,"menu_order":0,"comment_status":"closed","ping_status":"closed","template":"elementor_header_footer","meta":{"footnotes":""},"class_list":["post-1154","page","type-page","status-publish","hentry"],"_links":{"self":[{"href":"https:\/\/fusteriacano.com\/fr\/wp-json\/wp\/v2\/pages\/1154","targetHints":{"allow":["GET"]}}],"collection":[{"href":"https:\/\/fusteriacano.com\/fr\/wp-json\/wp\/v2\/pages"}],"about":[{"href":"https:\/\/fusteriacano.com\/fr\/wp-json\/wp\/v2\/types\/page"}],"author":[{"embeddable":true,"href":"https:\/\/fusteriacano.com\/fr\/wp-json\/wp\/v2\/users\/3"}],"replies":[{"embeddable":true,"href":"https:\/\/fusteriacano.com\/fr\/wp-json\/wp\/v2\/comments?post=1154"}],"version-history":[{"count":5,"href":"https:\/\/fusteriacano.com\/fr\/wp-json\/wp\/v2\/pages\/1154\/revisions"}],"predecessor-version":[{"id":1379,"href":"https:\/\/fusteriacano.com\/fr\/wp-json\/wp\/v2\/pages\/1154\/revisions\/1379"}],"wp:attachment":[{"href":"https:\/\/fusteriacano.com\/fr\/wp-json\/wp\/v2\/media?parent=1154"}],"curies":[{"name":"wp","href":"https:\/\/api.w.org\/{rel}","templated":true}]}}