{"id":1243,"date":"2025-12-12T17:32:21","date_gmt":"2025-12-12T15:32:21","guid":{"rendered":"https:\/\/fusteriacano.com\/services\/"},"modified":"2026-03-17T18:42:44","modified_gmt":"2026-03-17T16:42:44","slug":"services","status":"publish","type":"page","link":"https:\/\/fusteriacano.com\/fr\/services\/","title":{"rendered":"Services"},"content":{"rendered":"\t\t<div data-elementor-type=\"wp-page\" data-elementor-id=\"1243\" class=\"elementor elementor-1243 elementor-100\" data-elementor-post-type=\"page\">\n\t\t\t\t\t\t<section class=\"elementor-section elementor-top-section elementor-element elementor-element-3b65c7df elementor-reverse-mobile elementor-section-boxed elementor-section-height-default elementor-section-height-default elementor-invisible\" data-id=\"3b65c7df\" data-element_type=\"section\" data-e-type=\"section\" data-settings=\"{&quot;background_background&quot;:&quot;classic&quot;,&quot;animation&quot;:&quot;fadeIn&quot;}\">\n\t\t\t\t\t\t\t<div class=\"elementor-background-overlay\"><\/div>\n\t\t\t\t\t\t\t<div class=\"elementor-container elementor-column-gap-default\">\n\t\t\t\t\t<div class=\"elementor-column elementor-col-100 elementor-top-column elementor-element elementor-element-20c2ca3d\" data-id=\"20c2ca3d\" data-element_type=\"column\" data-e-type=\"column\">\n\t\t\t<div class=\"elementor-widget-wrap elementor-element-populated\">\n\t\t\t\t<div class=\"elementor-element elementor-element-077d7dc e-flex e-con-boxed e-con e-parent\" data-id=\"077d7dc\" data-element_type=\"container\" data-e-type=\"container\">\n\t\t\t\t\t<div class=\"e-con-inner\">\n\t\t<div class=\"elementor-element elementor-element-6fe54c8 e-con-full e-flex e-con e-child\" data-id=\"6fe54c8\" data-element_type=\"container\" data-e-type=\"container\">\n\t\t\t\t<div class=\"elementor-element elementor-element-12cd3fb de_scroll_animation_no elementor-widget elementor-widget-heading\" data-id=\"12cd3fb\" data-element_type=\"widget\" data-e-type=\"widget\" data-widget_type=\"heading.default\">\n\t\t\t\t\t<h1 class=\"elementor-heading-title elementor-size-default\">Services de menuiserie<b> coutume<\/h1>\t\t\t\t<\/div>\n\t\t\t\t<div class=\"elementor-element elementor-element-a9d0c24 de_scroll_animation_no elementor-widget elementor-widget-heading\" data-id=\"a9d0c24\" data-element_type=\"widget\" data-e-type=\"widget\" data-widget_type=\"heading.default\">\n\t\t\t\t\t<h2 class=\"elementor-heading-title elementor-size-default\">Nous travaillons le bois avec pr\u00e9cision et passion, fa\u00e7onnant des projets complets et uniques, du mobilier \u00e0 l'ambiance globale des espaces.<\/h2>\t\t\t\t<\/div>\n\t\t\t\t<\/div>\n\t\t\t\t\t<\/div>\n\t\t\t\t<\/div>\n\t\t\t\t\t<\/div>\n\t\t<\/div>\n\t\t\t\t\t<\/div>\n\t\t<\/section>\n\t\t\t\t<section class=\"elementor-section elementor-top-section elementor-element elementor-element-279860b3 elementor-section-boxed elementor-section-height-default elementor-section-height-default\" data-id=\"279860b3\" data-element_type=\"section\" data-e-type=\"section\">\n\t\t\t\t\t\t<div class=\"elementor-container elementor-column-gap-default\">\n\t\t\t\t\t<div class=\"elementor-column elementor-col-50 elementor-top-column elementor-element elementor-element-15a9e922\" data-id=\"15a9e922\" data-element_type=\"column\" data-e-type=\"column\">\n\t\t\t<div class=\"elementor-widget-wrap elementor-element-populated\">\n\t\t\t\t\t\t<div class=\"elementor-element elementor-element-69ce8414 de_scroll_animation_no elementor-invisible elementor-widget elementor-widget-heading\" data-id=\"69ce8414\" data-element_type=\"widget\" data-e-type=\"widget\" data-settings=\"{&quot;_animation&quot;:&quot;fadeInLeft&quot;}\" data-widget_type=\"heading.default\">\n\t\t\t\t\t<h2 class=\"elementor-heading-title elementor-size-default\">Menuiserie sur mesure pour<br> projets uniques<\/h2>\t\t\t\t<\/div>\n\t\t\t\t<div class=\"elementor-element elementor-element-7494f363 de_scroll_animation_no elementor-invisible elementor-widget elementor-widget-text-editor\" data-id=\"7494f363\" data-element_type=\"widget\" data-e-type=\"widget\" data-settings=\"{&quot;_animation&quot;:&quot;fadeInUp&quot;}\" data-widget_type=\"text-editor.default\">\n\t\t\t\t\t\t\t\t\t<p>Nous concevons et fabriquons <strong>des meubles et des \u00e9l\u00e9ments en bois adapt\u00e9s \u00e0 chaque projet<\/strong> , en s\u00e9lectionnant les <strong>mat\u00e9riaux les plus appropri\u00e9s<\/strong> pour garantir <strong>qualit\u00e9, durabilit\u00e9 et fonctionnalit\u00e9<\/strong> . Nous travaillons avec <strong>des bois nobles et massifs<\/strong> provenant de diff\u00e9rentes <strong>sources durables<\/strong> , ainsi qu&rsquo;avec des mat\u00e9riaux synth\u00e9tiques, toujours dans le respect de l&rsquo; <strong>environnement<\/strong> .<\/p><p>Nous intervenons \u00e0 <strong>chaque \u00e9tape du projet<\/strong> , en accompagnant le client depuis les <strong>premiers conseils<\/strong> et <strong>le choix des mat\u00e9riaux<\/strong> jusqu&rsquo;\u00e0 la <strong>fabrication et l&rsquo;installation finales<\/strong> .<\/p><p>Le r\u00e9sultat est un <strong>espace unique et personnalis\u00e9<\/strong> , avec <strong>des designs originaux<\/strong> qui refl\u00e8tent le caract\u00e8re unique de chaque projet.<\/p>\t\t\t\t\t\t\t\t<\/div>\n\t\t\t\t<div class=\"elementor-element elementor-element-f9462b1 elementor-align-left de_scroll_animation_no elementor-widget elementor-widget-button\" data-id=\"f9462b1\" data-element_type=\"widget\" data-e-type=\"widget\" data-widget_type=\"button.default\">\n\t\t\t\t\t\t\t\t\t\t<a class=\"elementor-button elementor-button-link elementor-size-sm elementor-animation-grow\" href=\"https:\/\/fusteriacano.com\/fr\/contact\/\">\n\t\t\t\t\t\t<span class=\"elementor-button-content-wrapper\">\n\t\t\t\t\t\t<span class=\"elementor-button-icon\">\n\t\t\t\t<i aria-hidden=\"true\" class=\"icon icon-arrow-right\"><\/i>\t\t\t<\/span>\n\t\t\t\t\t\t\t\t\t<span class=\"elementor-button-text\">Contactez-nous pour d\u00e9marrer votre projet.  <\/span>\n\t\t\t\t\t<\/span>\n\t\t\t\t\t<\/a>\n\t\t\t\t\t\t\t\t<\/div>\n\t\t\t\t\t<\/div>\n\t\t<\/div>\n\t\t\t\t<div class=\"elementor-column elementor-col-50 elementor-top-column elementor-element elementor-element-5a9e1e34\" data-id=\"5a9e1e34\" data-element_type=\"column\" data-e-type=\"column\">\n\t\t\t<div class=\"elementor-widget-wrap elementor-element-populated\">\n\t\t\t\t\t\t<div class=\"elementor-element elementor-element-b052055 de_scroll_animation_no elementor-widget elementor-widget-image\" data-id=\"b052055\" data-element_type=\"widget\" data-e-type=\"widget\" data-widget_type=\"image.default\">\n\t\t\t\t\t\t\t\t\t\t\t\t\t\t\t<img fetchpriority=\"high\" decoding=\"async\" width=\"1536\" height=\"2048\" src=\"https:\/\/fusteriacano.com\/wp-content\/uploads\/FOTO_CANVI_B.jpg\" class=\"elementor-animation-grow attachment-full size-full wp-image-1251\" alt=\"\" srcset=\"https:\/\/fusteriacano.com\/wp-content\/uploads\/FOTO_CANVI_B.jpg 1536w, https:\/\/fusteriacano.com\/wp-content\/uploads\/FOTO_CANVI_B-225x300.jpg 225w, https:\/\/fusteriacano.com\/wp-content\/uploads\/FOTO_CANVI_B-768x1024.jpg 768w, https:\/\/fusteriacano.com\/wp-content\/uploads\/FOTO_CANVI_B-1152x1536.jpg 1152w\" sizes=\"(max-width: 1536px) 100vw, 1536px\" \/>\t\t\t\t\t\t\t\t\t\t\t\t\t\t\t<\/div>\n\t\t\t\t\t<\/div>\n\t\t<\/div>\n\t\t\t\t\t<\/div>\n\t\t<\/section>\n\t\t\t\t<section class=\"elementor-section elementor-top-section elementor-element elementor-element-0c8d938 elementor-reverse-mobile elementor-section-boxed elementor-section-height-default elementor-section-height-default\" data-id=\"0c8d938\" data-element_type=\"section\" data-e-type=\"section\">\n\t\t\t\t\t\t<div class=\"elementor-container elementor-column-gap-default\">\n\t\t\t\t\t<div class=\"elementor-column elementor-col-50 elementor-top-column elementor-element elementor-element-dfbdb0e\" data-id=\"dfbdb0e\" data-element_type=\"column\" data-e-type=\"column\">\n\t\t\t<div class=\"elementor-widget-wrap elementor-element-populated\">\n\t\t\t\t\t\t<div class=\"elementor-element elementor-element-3f10ed0 de_scroll_animation_no elementor-widget elementor-widget-image\" data-id=\"3f10ed0\" data-element_type=\"widget\" data-e-type=\"widget\" data-widget_type=\"image.default\">\n\t\t\t\t\t\t\t\t\t\t\t\t\t\t\t<img decoding=\"async\" width=\"1706\" height=\"2560\" src=\"https:\/\/fusteriacano.com\/wp-content\/uploads\/Fusteria-Cano4-1-scaled.jpg\" class=\"elementor-animation-grow attachment-full size-full wp-image-1250\" alt=\"\" srcset=\"https:\/\/fusteriacano.com\/wp-content\/uploads\/Fusteria-Cano4-1-scaled.jpg 1706w, https:\/\/fusteriacano.com\/wp-content\/uploads\/Fusteria-Cano4-1-200x300.jpg 200w, https:\/\/fusteriacano.com\/wp-content\/uploads\/Fusteria-Cano4-1-683x1024.jpg 683w, https:\/\/fusteriacano.com\/wp-content\/uploads\/Fusteria-Cano4-1-768x1152.jpg 768w, https:\/\/fusteriacano.com\/wp-content\/uploads\/Fusteria-Cano4-1-1024x1536.jpg 1024w, https:\/\/fusteriacano.com\/wp-content\/uploads\/Fusteria-Cano4-1-1365x2048.jpg 1365w\" sizes=\"(max-width: 1706px) 100vw, 1706px\" \/>\t\t\t\t\t\t\t\t\t\t\t\t\t\t\t<\/div>\n\t\t\t\t\t<\/div>\n\t\t<\/div>\n\t\t\t\t<div class=\"elementor-column elementor-col-50 elementor-top-column elementor-element elementor-element-b3da2fa\" data-id=\"b3da2fa\" data-element_type=\"column\" data-e-type=\"column\">\n\t\t\t<div class=\"elementor-widget-wrap elementor-element-populated\">\n\t\t\t\t\t\t<div class=\"elementor-element elementor-element-e838da7 de_scroll_animation_no elementor-invisible elementor-widget elementor-widget-heading\" data-id=\"e838da7\" data-element_type=\"widget\" data-e-type=\"widget\" data-settings=\"{&quot;_animation&quot;:&quot;fadeInLeft&quot;}\" data-widget_type=\"heading.default\">\n\t\t\t\t\t<h2 class=\"elementor-heading-title elementor-size-default\">Conception et solutions en bois<\/h2>\t\t\t\t<\/div>\n\t\t\t\t<div class=\"elementor-element elementor-element-276207d de_scroll_animation_no elementor-invisible elementor-widget elementor-widget-text-editor\" data-id=\"276207d\" data-element_type=\"widget\" data-e-type=\"widget\" data-settings=\"{&quot;_animation&quot;:&quot;fadeInUp&quot;}\" data-widget_type=\"text-editor.default\">\n\t\t\t\t\t\t\t\t\t<p>Nous combinons <strong>menuiserie sur mesure et conseils techniques<\/strong> pour vous accompagner tout au long de votre projet. Nous travaillons en collaboration avec <strong>des architectes, des d\u00e9corateurs d&rsquo;int\u00e9rieur et tous les professionnels du secteur<\/strong> afin de garantir que chaque d\u00e9tail du design soit int\u00e9gr\u00e9 de mani\u00e8re <strong>coh\u00e9rente et fonctionnelle<\/strong> . <strong>Le travail d&rsquo;\u00e9quipe<\/strong> est essentiel dans nos projets de menuiserie.<\/p><p>Nous intervenons depuis l&rsquo; <strong>\u00e9tude initiale et le d\u00e9veloppement technique<\/strong> jusqu&rsquo;\u00e0 l&rsquo; <strong>installation finale<\/strong> , en apportant <strong>des solutions cr\u00e9atives et agiles<\/strong> \u00e0 toute circonstance impr\u00e9vue pouvant survenir au cours des travaux. Notre exp\u00e9rience nous permet de nous adapter <strong>avec souplesse et rigueur<\/strong> \u00e0 chaque phase du projet.<\/p><p>Le r\u00e9sultat est un <strong>espace personnalis\u00e9<\/strong> , fid\u00e8le \u00e0 votre design, avec une <strong>finition impeccable.<\/strong><\/p>\t\t\t\t\t\t\t\t<\/div>\n\t\t\t\t<div class=\"elementor-element elementor-element-90b98cb elementor-align-left de_scroll_animation_no elementor-widget elementor-widget-button\" data-id=\"90b98cb\" data-element_type=\"widget\" data-e-type=\"widget\" data-widget_type=\"button.default\">\n\t\t\t\t\t\t\t\t\t\t<a class=\"elementor-button elementor-button-link elementor-size-sm elementor-animation-grow\" href=\"https:\/\/fusteriacano.com\/fr\/projets\/\">\n\t\t\t\t\t\t<span class=\"elementor-button-content-wrapper\">\n\t\t\t\t\t\t<span class=\"elementor-button-icon\">\n\t\t\t\t<i aria-hidden=\"true\" class=\"icon icon-arrow-right\"><\/i>\t\t\t<\/span>\n\t\t\t\t\t\t\t\t\t<span class=\"elementor-button-text\">D\u00e9couvrez comment nous pouvons concr\u00e9tiser votre projet  <\/span>\n\t\t\t\t\t<\/span>\n\t\t\t\t\t<\/a>\n\t\t\t\t\t\t\t\t<\/div>\n\t\t\t\t\t<\/div>\n\t\t<\/div>\n\t\t\t\t\t<\/div>\n\t\t<\/section>\n\t\t\t\t<section class=\"elementor-section elementor-top-section elementor-element elementor-element-a8310b7 elementor-section-boxed elementor-section-height-default elementor-section-height-default\" data-id=\"a8310b7\" data-element_type=\"section\" data-e-type=\"section\">\n\t\t\t\t\t\t<div class=\"elementor-container elementor-column-gap-default\">\n\t\t\t\t\t<div class=\"elementor-column elementor-col-50 elementor-top-column elementor-element elementor-element-e20b1f1\" data-id=\"e20b1f1\" data-element_type=\"column\" data-e-type=\"column\">\n\t\t\t<div class=\"elementor-widget-wrap elementor-element-populated\">\n\t\t\t\t\t\t<div class=\"elementor-element elementor-element-bc76750 de_scroll_animation_no elementor-invisible elementor-widget elementor-widget-heading\" data-id=\"bc76750\" data-element_type=\"widget\" data-e-type=\"widget\" data-settings=\"{&quot;_animation&quot;:&quot;fadeInLeft&quot;}\" data-widget_type=\"heading.default\">\n\t\t\t\t\t<h2 class=\"elementor-heading-title elementor-size-default\">Constructions uniques et projets d'envergure en bois<\/h2>\t\t\t\t<\/div>\n\t\t\t\t<div class=\"elementor-element elementor-element-5778510 de_scroll_animation_no elementor-invisible elementor-widget elementor-widget-text-editor\" data-id=\"5778510\" data-element_type=\"widget\" data-e-type=\"widget\" data-settings=\"{&quot;_animation&quot;:&quot;fadeInUp&quot;}\" data-widget_type=\"text-editor.default\">\n\t\t\t\t\t\t\t\t\t<p>Nous r\u00e9alisons <strong>des projets originaux et tr\u00e8s complexes<\/strong> en bois, toujours adapt\u00e9s aux besoins de chaque client. Nous nous impliquons d\u00e8s le <strong>d\u00e9but<\/strong> pour comprendre le client et analyser le projet, car c&rsquo;est essentiel pour <strong>concr\u00e9tiser et r\u00e9pondre aux attentes<\/strong> , qu&rsquo;il s&rsquo;agisse de <strong>travaux priv\u00e9s ou publics<\/strong> , d&rsquo;espaces commerciaux, d&rsquo;h\u00f4tels, de bureaux ou de centres de sant\u00e9 ou d&rsquo;enseignement.<\/p><p>Nous donnons forme au <strong>caract\u00e8re unique de chaque projet<\/strong> en bois.<\/p><p>Chaque projet est d\u00e9velopp\u00e9 de mani\u00e8re <strong>exhaustive<\/strong> : nous planifions les \u00e9tapes, s\u00e9lectionnons les <strong>mat\u00e9riaux les plus appropri\u00e9s,<\/strong> fabriquons, fournissons et installons les pi\u00e8ces, en respectant \u00e0 la fois <strong>les sp\u00e9cifications du client<\/strong> et <strong>les r\u00e9glementations techniques en vigueur<\/strong> . Enfin, nous v\u00e9rifions chaque d\u00e9tail pour nous assurer que le r\u00e9sultat r\u00e9pond aux <strong>exigences de qualit\u00e9 et d&rsquo;originalit\u00e9<\/strong> .<\/p>\t\t\t\t\t\t\t\t<\/div>\n\t\t\t\t<div class=\"elementor-element elementor-element-7668b7c elementor-align-left de_scroll_animation_no elementor-widget elementor-widget-button\" data-id=\"7668b7c\" data-element_type=\"widget\" data-e-type=\"widget\" data-widget_type=\"button.default\">\n\t\t\t\t\t\t\t\t\t\t<a class=\"elementor-button elementor-button-link elementor-size-sm elementor-animation-grow\" href=\"https:\/\/fusteriacano.com\/fr\/contact\/\">\n\t\t\t\t\t\t<span class=\"elementor-button-content-wrapper\">\n\t\t\t\t\t\t<span class=\"elementor-button-icon\">\n\t\t\t\t<i aria-hidden=\"true\" class=\"icon icon-arrow-right\"><\/i>\t\t\t<\/span>\n\t\t\t\t\t\t\t\t\t<span class=\"elementor-button-text\">Demandez plus d'informations et lancez votre projet.  <\/span>\n\t\t\t\t\t<\/span>\n\t\t\t\t\t<\/a>\n\t\t\t\t\t\t\t\t<\/div>\n\t\t\t\t\t<\/div>\n\t\t<\/div>\n\t\t\t\t<div class=\"elementor-column elementor-col-50 elementor-top-column elementor-element elementor-element-9f21b8f\" data-id=\"9f21b8f\" data-element_type=\"column\" data-e-type=\"column\">\n\t\t\t<div class=\"elementor-widget-wrap elementor-element-populated\">\n\t\t\t\t\t\t<div class=\"elementor-element elementor-element-114901b de_scroll_animation_no elementor-widget elementor-widget-image\" data-id=\"114901b\" data-element_type=\"widget\" data-e-type=\"widget\" data-widget_type=\"image.default\">\n\t\t\t\t\t\t\t\t\t\t\t\t\t\t\t<img decoding=\"async\" width=\"1536\" height=\"2048\" src=\"https:\/\/fusteriacano.com\/wp-content\/uploads\/FOTO_CANVI_C.jpg\" class=\"elementor-animation-grow attachment-full size-full wp-image-1252\" alt=\"\" srcset=\"https:\/\/fusteriacano.com\/wp-content\/uploads\/FOTO_CANVI_C.jpg 1536w, https:\/\/fusteriacano.com\/wp-content\/uploads\/FOTO_CANVI_C-225x300.jpg 225w, https:\/\/fusteriacano.com\/wp-content\/uploads\/FOTO_CANVI_C-768x1024.jpg 768w, https:\/\/fusteriacano.com\/wp-content\/uploads\/FOTO_CANVI_C-1152x1536.jpg 1152w\" sizes=\"(max-width: 1536px) 100vw, 1536px\" \/>\t\t\t\t\t\t\t\t\t\t\t\t\t\t\t<\/div>\n\t\t\t\t\t<\/div>\n\t\t<\/div>\n\t\t\t\t\t<\/div>\n\t\t<\/section>\n\t\t\t\t<\/div>\n\t\t","protected":false},"excerpt":{"rendered":"<p>Services de menuiserie coutume Nous travaillons le bois avec pr\u00e9cision et passion, fa\u00e7onnant des projets complets et uniques, du mobilier \u00e0 l&rsquo;ambiance globale des espaces. Menuiserie sur mesure pour projets uniques Nous concevons et fabriquons des meubles et des \u00e9l\u00e9ments en bois adapt\u00e9s \u00e0 chaque projet , en s\u00e9lectionnant les mat\u00e9riaux les plus appropri\u00e9s pour [&hellip;]<\/p>\n","protected":false},"author":3,"featured_media":0,"parent":0,"menu_order":0,"comment_status":"closed","ping_status":"closed","template":"","meta":{"footnotes":""},"class_list":["post-1243","page","type-page","status-publish","hentry"],"_links":{"self":[{"href":"https:\/\/fusteriacano.com\/fr\/wp-json\/wp\/v2\/pages\/1243","targetHints":{"allow":["GET"]}}],"collection":[{"href":"https:\/\/fusteriacano.com\/fr\/wp-json\/wp\/v2\/pages"}],"about":[{"href":"https:\/\/fusteriacano.com\/fr\/wp-json\/wp\/v2\/types\/page"}],"author":[{"embeddable":true,"href":"https:\/\/fusteriacano.com\/fr\/wp-json\/wp\/v2\/users\/3"}],"replies":[{"embeddable":true,"href":"https:\/\/fusteriacano.com\/fr\/wp-json\/wp\/v2\/comments?post=1243"}],"version-history":[{"count":5,"href":"https:\/\/fusteriacano.com\/fr\/wp-json\/wp\/v2\/pages\/1243\/revisions"}],"predecessor-version":[{"id":1383,"href":"https:\/\/fusteriacano.com\/fr\/wp-json\/wp\/v2\/pages\/1243\/revisions\/1383"}],"wp:attachment":[{"href":"https:\/\/fusteriacano.com\/fr\/wp-json\/wp\/v2\/media?parent=1243"}],"curies":[{"name":"wp","href":"https:\/\/api.w.org\/{rel}","templated":true}]}}