{"id":881,"date":"2026-03-11T11:54:17","date_gmt":"2026-03-11T09:54:17","guid":{"rendered":"https:\/\/fusteriacano.com\/mentions-legales-et-politique-de-confidentialite\/"},"modified":"2026-03-17T13:48:53","modified_gmt":"2026-03-17T11:48:53","slug":"mentions-legales-et-politique-de-confidentialite","status":"publish","type":"page","link":"https:\/\/fusteriacano.com\/fr\/mentions-legales-et-politique-de-confidentialite\/","title":{"rendered":"Mentions l\u00e9gales et politique de confidentialit\u00e9"},"content":{"rendered":"\t\t<div data-elementor-type=\"wp-page\" data-elementor-id=\"881\" class=\"elementor elementor-881 elementor-675\" data-elementor-post-type=\"page\">\n\t\t\t\t<div class=\"elementor-element elementor-element-2bba08ac e-flex e-con-boxed e-con e-parent\" data-id=\"2bba08ac\" data-element_type=\"container\" data-e-type=\"container\">\n\t\t\t\t\t<div class=\"e-con-inner\">\n\t\t\t\t<div class=\"elementor-element elementor-element-61afe2ff de_scroll_animation_no elementor-widget elementor-widget-text-editor\" data-id=\"61afe2ff\" data-element_type=\"widget\" data-e-type=\"widget\" data-widget_type=\"text-editor.default\">\n\t\t\t\t\t\t\t\t\t<p>Conform\u00e9ment aux obligations pr\u00e9vues par la loi 34\/2002 relative aux services de la soci\u00e9t\u00e9 de l&rsquo;information et au commerce \u00e9lectronique (ci-apr\u00e8s, LSSI-CE), <strong>FUSTERIA EBENISTERIA R CANO SL<\/strong> d\u00e9clare que le domaine <a href=\"https:\/\/fusteriacano.com\/es\">https:\/\/fusteriacano.com\/es<\/a> est la propri\u00e9t\u00e9 de <strong>FUSTERIA EBENISTERIA R CANO SL,<\/strong> dont le NIF est B17430331 et l&rsquo;adresse est CALLE GRECIA, 21 &#8211; 17600 FIGUERES (Girona).<\/p><p><strong>FUSTERIA EBENISTERIA R CANO SL<\/strong> . est immatricul\u00e9e au Registre du Commerce de G\u00e9rone, Volume 756, Folio 1, Feuille GI &#8211; 14471, Incrip.1a &#8211; CIF B-17430331<\/p><p><strong>MENUISERIE EBENISTERIA R CANO SL<\/strong> . ne peut assumer aucune responsabilit\u00e9 d\u00e9coulant d&rsquo;une utilisation incorrecte, inappropri\u00e9e ou illicite des informations figurant sur ses pages Internet. Dans les limites \u00e9tablies par la loi, <strong>FUSTERIA EBENISTERIA R CANO SL<\/strong> n&rsquo;assume aucune responsabilit\u00e9 d\u00e9coulant du manque de v\u00e9racit\u00e9, d&rsquo;int\u00e9grit\u00e9, de mise \u00e0 jour et de pr\u00e9cision des donn\u00e9es ou informations contenues sur ses pages Internet.<\/p><p>Le contenu et les informations des pages Internet de <a href=\"https:\/\/fusteriacano.com\/es\">https:\/\/fusteriacano.com\/es<\/a> sont pr\u00e9par\u00e9s par des professionnels de l&rsquo;entit\u00e9 elle-m\u00eame, d\u00fbment qualifi\u00e9s pour exercer leur profession. Toutefois, ce contenu et ces informations n&rsquo;engagent pas la soci\u00e9t\u00e9 susmentionn\u00e9e et ne constituent en aucun cas des opinions, des conseils ou des avis juridiques, puisqu&rsquo;il s&rsquo;agit simplement d&rsquo;un service offert \u00e0 des fins d&rsquo;information et d&rsquo;\u00e9ducation. Les pages Internet de <a href=\"https:\/\/fusteriacano.com\/es\">https:\/\/fusteriacano.com\/es<\/a> peuvent contenir des liens vers d&rsquo;autres pages tierces. Par cons\u00e9quent, aucune responsabilit\u00e9 ne peut \u00eatre assum\u00e9e quant au contenu susceptible d&rsquo;appara\u00eetre sur des pages tierces.<\/p><p>Les textes, images, sons, animations, programmes et autres contenus inclus sur ce site Web sont la propri\u00e9t\u00e9 exclusive de <strong>FUSTERIA EBENISTERIA R CANO SL<\/strong> ou de ses conc\u00e9dants de licence. Tout acte de transmission, de distribution, de cession, de reproduction, de stockage ou de communication publique, total ou partiel, n\u00e9cessite le consentement expr\u00e8s de <strong>FUSTERIA EBENISTERIA R CANO SL<\/strong> .<\/p><p>De m\u00eame, le droit est r\u00e9serv\u00e9 de retirer l&rsquo;acc\u00e8s au Portail, sans pr\u00e9avis, \u00e0 tout utilisateur qui contrevient aux dispositions des pr\u00e9sentes mentions l\u00e9gales.<\/p><h3>PROTECTION DES DONN\u00c9ES PERSONNELLES<\/h3><p>Conform\u00e9ment \u00e0 la loi 15\/1999 du 13 d\u00e9cembre relative \u00e0 la protection des donn\u00e9es personnelles, nous vous informons que vos donn\u00e9es personnelles, susceptibles d&rsquo;appara\u00eetre sur ce site web, sont int\u00e9gr\u00e9es dans un fichier sous la responsabilit\u00e9 de <strong>FUSTERIA EBENISTERIA R CANO SL<\/strong> (NIF B17430331). Ce fichier a pour finalit\u00e9 la gestion de la relation commerciale et la fourniture d&rsquo;informations sur nos services. Ces donn\u00e9es ne seront pas transmises \u00e0 des tiers.<\/p><p>Dans le cas o\u00f9 ce site web, \u00e0 certaines occasions et afin d&rsquo;\u00e9tablir un profil de ses utilisateurs et d&rsquo;analyser les services et\/ou produits les plus susceptibles de les int\u00e9resser, pourrait utiliser des cookies (petits fichiers de donn\u00e9es g\u00e9n\u00e9r\u00e9s sur l&rsquo;ordinateur de l&rsquo;utilisateur), ceux-ci permettront d&rsquo;obtenir les informations suivantes&nbsp;:<\/p><ul><li>Date et heure de la derni\u00e8re visite de l&rsquo;utilisateur sur le site web&nbsp;;<\/li><li>Conception et contenu choisis par l&rsquo;utilisateur lors de sa premi\u00e8re visite sur le site web&nbsp;;<\/li><li>\u00c9l\u00e9ments de s\u00e9curit\u00e9 intervenant dans le contr\u00f4le d&rsquo;acc\u00e8s aux zones r\u00e9glement\u00e9es ; et<\/li><li>Autres circonstances similaires.<\/li><\/ul><p>L&rsquo;UTILISATEUR a la possibilit\u00e9 d&#8217;emp\u00eacher la g\u00e9n\u00e9ration de cookies en s\u00e9lectionnant l&rsquo;option correspondante dans son navigateur. Toutefois, <strong>FUSTERIA EBENISTERIA R CANO SL<\/strong> n&rsquo;est pas responsable du fait que leur d\u00e9sactivation emp\u00eache le bon fonctionnement du site web.<\/p><p>Pour acc\u00e9der \u00e0 certains des services propos\u00e9s par <strong>FUSTERIA EBENISTERIA R CANO SL<\/strong> via son site web, vous devrez fournir certaines donn\u00e9es personnelles. Conform\u00e9ment aux dispositions de la loi organique 15\/1999 du 13 d\u00e9cembre relative \u00e0 la protection des donn\u00e9es personnelles, nous vous informons qu&rsquo;en remplissant ce formulaire, vos donn\u00e9es personnelles seront int\u00e9gr\u00e9es et trait\u00e9es dans les fichiers de <strong>FUSTERIA EBENISTERIA R CANO SL<\/strong> afin de vous fournir nos services et de vous informer des am\u00e9liorations apport\u00e9es au site web.<\/p><p>Si vous souhaitez exercer vos droits d&rsquo;acc\u00e8s, de rectification, d&rsquo;effacement ou d&rsquo;opposition, vous pouvez contacter : <strong>FUSTERIA EBENISTERIA R CANO SL<\/strong> , CALLE CASERNA, 5 &#8211; 17600 FIGUERES (Girona), ou envoyer un courriel \u00e0 gestio@fusteriacano.com<\/p><h3>PROPRI\u00c9T\u00c9 INDUSTRIELLE ET INTELLECTUELLE<\/h3><p>Ce site web est la propri\u00e9t\u00e9 de <strong>FUSTERIA EBENISTERIA R CANO SL.<\/strong> Les liens \u00e9tablis vers d&rsquo;autres sites web de tout centre affili\u00e9 ou organisation d\u00e9pendante sont la propri\u00e9t\u00e9 exclusive de celle-ci, sauf indication contraire expresse.<\/p><p>Tout nom, dessin et\/ou logo, ainsi que tout produit ou service propos\u00e9 et pr\u00e9sent\u00e9 sur ce site web, sont des marques d\u00e9pos\u00e9es d\u00fbment enregistr\u00e9es par <strong>FUSTERIA EBENISTERIA R CANO SL<\/strong> , par ses filiales et\/ou par des tiers.<\/p><p>Toute utilisation abusive des marques susmentionn\u00e9es par des personnes autres que leur propri\u00e9taire l\u00e9gitime et sans le consentement expr\u00e8s et sans \u00e9quivoque de ce dernier peut \u00eatre signal\u00e9e et poursuivie par tous les moyens l\u00e9gaux existants dans le syst\u00e8me juridique espagnol et\/ou communautaire.<\/p><p>Les droits de propri\u00e9t\u00e9 intellectuelle et les marques d\u00e9pos\u00e9es de tiers sont d\u00fbment signal\u00e9s et doivent \u00eatre respect\u00e9s par toute personne acc\u00e9dant \u00e0 cette page. <strong>FUSTERIA EBENISTERIA R CANO SL<\/strong> d\u00e9cline toute responsabilit\u00e9 quant \u00e0 l&rsquo;utilisation que l&rsquo;utilisateur pourrait en faire, cette responsabilit\u00e9 incombant exclusivement \u00e0 l&rsquo;utilisateur.<\/p><p>Seul un usage personnel et priv\u00e9 est autoris\u00e9 pour t\u00e9l\u00e9charger, copier ou imprimer le contenu, ou toute page de ce site web. Il est interdit de reproduire, transmettre, modifier ou supprimer les informations, le contenu ou les avis de ce site Web sans l&rsquo;autorisation \u00e9crite pr\u00e9alable de <strong>FUSTERIA EBENISTERIA R CANO SL.<\/strong><\/p><p><strong>FUSTERIA EBENISTERIA R CANO SL<\/strong> ne transf\u00e8re pas la propri\u00e9t\u00e9 de son logiciel aux utilisateurs. Une fois le logiciel de ce site web transf\u00e9r\u00e9 sur votre terminal, vous n&rsquo;\u00eates pas autoris\u00e9 \u00e0 proc\u00e9der \u00e0 une ing\u00e9nierie inverse, \u00e0 d\u00e9compiler ou \u00e0 traduire la version originale du code objet en son code source ou dans un autre langage.<\/p><h3>DROIT APPLICABLE ET JURIDICTION<\/h3><p>Ces conditions g\u00e9n\u00e9rales sont r\u00e9gies par la l\u00e9gislation espagnole, les tribunaux espagnols \u00e9tant comp\u00e9tents pour conna\u00eetre de toutes les questions pouvant se poser quant \u00e0 leur interpr\u00e9tation, leur application et leur respect. En acceptant les conditions g\u00e9n\u00e9rales contenues dans les pr\u00e9sentes mentions l\u00e9gales, vous renoncez express\u00e9ment \u00e0 toute juridiction qui, en application du Code de proc\u00e9dure civile en vigueur, pourrait vous \u00eatre applicable.<\/p>\t\t\t\t\t\t\t\t<\/div>\n\t\t\t\t\t<\/div>\n\t\t\t\t<\/div>\n\t\t\t\t<\/div>\n\t\t","protected":false},"excerpt":{"rendered":"<p>Conform\u00e9ment aux obligations pr\u00e9vues par la loi 34\/2002 relative aux services de la soci\u00e9t\u00e9 de l&rsquo;information et au commerce \u00e9lectronique (ci-apr\u00e8s, LSSI-CE), FUSTERIA EBENISTERIA R CANO SL d\u00e9clare que le domaine https:\/\/fusteriacano.com\/es est la propri\u00e9t\u00e9 de FUSTERIA EBENISTERIA R CANO SL, dont le NIF est B17430331 et l&rsquo;adresse est CALLE GRECIA, 21 &#8211; 17600 FIGUERES [&hellip;]<\/p>\n","protected":false},"author":3,"featured_media":0,"parent":0,"menu_order":0,"comment_status":"closed","ping_status":"closed","template":"","meta":{"footnotes":""},"class_list":["post-881","page","type-page","status-publish","hentry"],"_links":{"self":[{"href":"https:\/\/fusteriacano.com\/fr\/wp-json\/wp\/v2\/pages\/881","targetHints":{"allow":["GET"]}}],"collection":[{"href":"https:\/\/fusteriacano.com\/fr\/wp-json\/wp\/v2\/pages"}],"about":[{"href":"https:\/\/fusteriacano.com\/fr\/wp-json\/wp\/v2\/types\/page"}],"author":[{"embeddable":true,"href":"https:\/\/fusteriacano.com\/fr\/wp-json\/wp\/v2\/users\/3"}],"replies":[{"embeddable":true,"href":"https:\/\/fusteriacano.com\/fr\/wp-json\/wp\/v2\/comments?post=881"}],"version-history":[{"count":2,"href":"https:\/\/fusteriacano.com\/fr\/wp-json\/wp\/v2\/pages\/881\/revisions"}],"predecessor-version":[{"id":894,"href":"https:\/\/fusteriacano.com\/fr\/wp-json\/wp\/v2\/pages\/881\/revisions\/894"}],"wp:attachment":[{"href":"https:\/\/fusteriacano.com\/fr\/wp-json\/wp\/v2\/media?parent=881"}],"curies":[{"name":"wp","href":"https:\/\/api.w.org\/{rel}","templated":true}]}}